{"id":4714,"date":"2025-06-20T08:18:25","date_gmt":"2025-06-20T11:18:25","guid":{"rendered":"https:\/\/prodelphus.com.br\/product\/simulador-neo-knot-para-sutura-laparoscopica\/"},"modified":"2025-06-20T08:18:25","modified_gmt":"2025-06-20T11:18:25","slug":"simulador-neo-knot-para-sutura-laparoscopica","status":"publish","type":"product","link":"https:\/\/prodelphus.com.br\/pt-br\/produto\/simulador-neo-knot-para-sutura-laparoscopica\/","title":{"rendered":"Simulador Neo-Knot para sutura laparosc\u00f3pica"},"content":{"rendered":"<p data-start=\"207\" data-end=\"580\">Sistema Pro Delphus inovador e exclusivo que oferece treinamento de sutura funcional por meio de um novo conceito de Simula\u00e7\u00e3o Cir\u00fargica Modulada Realista. O NEO-KNOT oferece treinamento desde uma sutura simples at\u00e9 a complexidade de uma sutura laparosc\u00f3pica. Sua versatilidade, somada aos m\u00faltiplos modelos de sutura Pro Delphus (SMT e ETR), permite v\u00e1rias op\u00e7\u00f5es que se completam:  <\/p>\n<p data-start=\"587\" data-end=\"823\"><strong data-start=\"587\" data-end=\"614\">1. Suturas laparot\u00f4micas:<\/strong><br data-start=\"614\" data-end=\"617\">Um suporte multifuncional de acr\u00edlico SMT-0 revestido com velcro funciona como base para facilitar a fixa\u00e7\u00e3o dos modelos de sutura em qualquer lugar de sua superf\u00edcie. Os modelos de sutura Pro Delphus permitem a passagem de qualquer tipo de sutura laparot\u00f4mica: <\/p>\n<ul data-start=\"824\" data-end=\"920\">\n<li data-start=\"824\" data-end=\"842\">\n<p data-start=\"826\" data-end=\"842\">B\u00e1sico (ETR-1V)<\/p>\n<\/li>\n<li data-start=\"843\" data-end=\"864\">\n<p data-start=\"845\" data-end=\"864\">Avan\u00e7ado (ETR-2V)<\/p>\n<\/li>\n<li data-start=\"865\" data-end=\"884\">\n<p data-start=\"867\" data-end=\"884\">Mestre (ETR-3V)<\/p>\n<\/li>\n<li data-start=\"885\" data-end=\"920\">\n<p data-start=\"887\" data-end=\"920\">Kits de sutura Top Master (ETR-4V)<\/p>\n<\/li>\n<\/ul>\n<p data-start=\"922\" data-end=\"960\">H\u00e1 tamb\u00e9m outros modelos, como:<\/p>\n<ul data-start=\"961\" data-end=\"1021\">\n<li data-start=\"961\" data-end=\"980\">\n<p data-start=\"963\" data-end=\"980\">O disco de sutura<\/p>\n<\/li>\n<li data-start=\"981\" data-end=\"1000\">\n<p data-start=\"983\" data-end=\"1000\">Disco de disseca\u00e7\u00e3o<\/p>\n<\/li>\n<li data-start=\"1001\" data-end=\"1021\">\n<p data-start=\"1003\" data-end=\"1021\">O globo de sutura<\/p>\n<\/li>\n<\/ul>\n<p data-start=\"1028\" data-end=\"1497\"><strong data-start=\"1028\" data-end=\"1088\">2. Suturas laparosc\u00f3picas com c\u00e2mera e \u00f3ptica cir\u00fargica:<\/strong><br data-start=\"1088\" data-end=\"1091\">Com o uso das torres SMT-0L2 no suporte multifuncional SMT-0, o Neo-Knot se torna um modelo exclusivo para o treinamento de sutura laparosc\u00f3pica.<br data-start=\"1225\" data-end=\"1228\">As duas torres de pin\u00e7a e a torre da c\u00e2mera podem ser movidas em v\u00e1rias posi\u00e7\u00f5es do suporte, dando ao trainee a possibilidade de simular v\u00e1rias pun\u00e7\u00f5es laparosc\u00f3picas, semelhantes a uma parede abdominal real.<br data-start=\"1439\" data-end=\"1442\"><strong data-start=\"1443\" data-end=\"1494\">(O simulador n\u00e3o inclui um suporte de agulha<\/strong>)<strong data-start=\"1443\" data-end=\"1494\">.<\/strong><\/p>\n<p data-start=\"1499\" data-end=\"1744\">O conforto do ajuste vertical das torres e a rota\u00e7\u00e3o do elemento de fixa\u00e7\u00e3o das garras oferecem a sensa\u00e7\u00e3o semelhante \u00e0 de estar operando em uma parede abdominal real, oferecendo angula\u00e7\u00f5es e movimentos semelhantes \u00e0 realidade.<\/p>\n<p data-start=\"1746\" data-end=\"1897\">Com a integra\u00e7\u00e3o do sistema de simuladores, a Pro Delphus multiplica as op\u00e7\u00f5es de dificuldades para quem deseja treinar nesse tipo de exerc\u00edcio.<\/p>\n<p data-start=\"1904\" data-end=\"2235\"><strong data-start=\"1904\" data-end=\"1947\">3. Sutura laparosc\u00f3pica com c\u00e2mera USB:<\/strong><br data-start=\"1947\" data-end=\"1950\">O mesmo treinamento descrito no item 2 tamb\u00e9m pode usar a op\u00e7\u00e3o de uma c\u00e2mera digital (SMT-0L3), com Small Delay, oferecendo a oportunidade de usar seu pr\u00f3prio computador ou uma TV com entrada USB como monitor, trazendo para a casa do treinamento a possibilidade de praticar a sutura laparosc\u00f3pica.<\/p>\n<p data-start=\"2242\" data-end=\"2514\"><strong data-start=\"2242\" data-end=\"2291\">4. Suporte SMT-0L6 para tablets e smartphones:<\/strong><br data-start=\"2291\" data-end=\"2294\">O suporte ajust\u00e1vel SMT-0L6 \u00e9 fixado \u00e0 base SMT-0, permitindo que um tablet\/smartphone de qualquer tamanho seja posicionado acima do Neo-Knot, oferecendo imagens virtuais durante a dissec\u00e7\u00e3o laparosc\u00f3pica ou o procedimento de sutura.<\/p>\n<p data-start=\"2516\" data-end=\"2768\">Se voc\u00ea tiver uma Apple TV, poder\u00e1 emparelh\u00e1-la com um iPad ou iPhone. Ou, se for uma SmartTV, um smartphone Android pode ser espelhado por meio do aplicativo, produzindo uma imagem ampliada na sua televis\u00e3o com alta defini\u00e7\u00e3o &#8211; criando o seu ambiente de treinamento. <\/p>\n","protected":false},"excerpt":{"rendered":"<p>O <strong data-start=\"28\" data-end=\"40\">NEO-KNOT<\/strong> da Pro Delphus \u00e9 um simulador cir\u00fargico vers\u00e1til e realista projetado para treinamento em <strong data-start=\"134\" data-end=\"174\">suturas laparot\u00f4micas e laparosc\u00f3picas<\/strong>. Seu sistema modular inclui v\u00e1rios modelos de sutura, suportes de apoio ajust\u00e1veis e configura\u00e7\u00f5es de c\u00e2mera opcionais (USB ou m\u00f3vel), permitindo um treinamento personalizado dos n\u00edveis b\u00e1sico a avan\u00e7ado. Ideal para uso em centros de treinamento ou at\u00e9 mesmo em casa, o NEO-KNOT oferece uma experi\u00eancia t\u00e1til e funcional que imita de perto as condi\u00e7\u00f5es cir\u00fargicas reais, sem depender de realidade virtual.  <\/p>\n","protected":false},"featured_media":4707,"comment_status":"open","ping_status":"closed","template":"","meta":[],"product_brand":[],"product_cat":[784,1170,663,1162,1166],"product_tag":[1202,1203,1199,1200,1198,1201,1197],"class_list":{"0":"post-4714","1":"product","2":"type-product","3":"status-publish","4":"has-post-thumbnail","6":"product_cat-cirurgia-geral-e-especializada","7":"product_cat-simuladores-portateis","8":"product_cat-sutura","9":"product_cat-treinamento-em-cirurgia-endoscopica","10":"product_cat-treinamento-em-laparoscopia","11":"product_tag-cirurgia-minimamente-invasiva","12":"product_tag-habilidades-laparoscopicas","13":"product_tag-pratica-de-sutura","14":"product_tag-simulador-de-camera-usb","15":"product_tag-sutura-laparotomica","16":"product_tag-treinador-cirurgico-tatil","17":"product_tag-treinamento-de-sutura-laparoscopica","19":"first","20":"instock","21":"shipping-taxable","22":"product-type-simple"},"_links":{"self":[{"href":"https:\/\/prodelphus.com.br\/pt-br\/wp-json\/wp\/v2\/product\/4714","targetHints":{"allow":["GET"]}}],"collection":[{"href":"https:\/\/prodelphus.com.br\/pt-br\/wp-json\/wp\/v2\/product"}],"about":[{"href":"https:\/\/prodelphus.com.br\/pt-br\/wp-json\/wp\/v2\/types\/product"}],"replies":[{"embeddable":true,"href":"https:\/\/prodelphus.com.br\/pt-br\/wp-json\/wp\/v2\/comments?post=4714"}],"wp:featuredmedia":[{"embeddable":true,"href":"https:\/\/prodelphus.com.br\/pt-br\/wp-json\/wp\/v2\/media\/4707"}],"wp:attachment":[{"href":"https:\/\/prodelphus.com.br\/pt-br\/wp-json\/wp\/v2\/media?parent=4714"}],"wp:term":[{"taxonomy":"product_brand","embeddable":true,"href":"https:\/\/prodelphus.com.br\/pt-br\/wp-json\/wp\/v2\/product_brand?post=4714"},{"taxonomy":"product_cat","embeddable":true,"href":"https:\/\/prodelphus.com.br\/pt-br\/wp-json\/wp\/v2\/product_cat?post=4714"},{"taxonomy":"product_tag","embeddable":true,"href":"https:\/\/prodelphus.com.br\/pt-br\/wp-json\/wp\/v2\/product_tag?post=4714"}],"curies":[{"name":"wp","href":"https:\/\/api.w.org\/{rel}","templated":true}]}}