{"id":4713,"date":"2025-06-20T08:57:49","date_gmt":"2025-06-20T11:57:49","guid":{"rendered":"https:\/\/prodelphus.com.br\/product\/simulador-de-perna-echo-para-ultrassom-vascular-de-perna\/"},"modified":"2025-06-20T08:57:49","modified_gmt":"2025-06-20T11:57:49","slug":"simulador-de-perna-echo-para-ultrassom-vascular-de-perna","status":"publish","type":"product","link":"https:\/\/prodelphus.com.br\/pt-br\/produto\/simulador-de-perna-echo-para-ultrassom-vascular-de-perna\/","title":{"rendered":"Simulador de perna ECHO para ultrassom vascular de perna"},"content":{"rendered":"<h3 data-start=\"125\" data-end=\"165\"><strong data-start=\"129\" data-end=\"165\">Echo LEG Simulator &#8211; Pro Delphus<\/strong><\/h3>\n<p data-start=\"167\" data-end=\"284\">O <strong data-start=\"171\" data-end=\"183\">Echo LEG<\/strong> \u00e9 um simulador de membro inferior direito desenvolvido para treinamento em <strong data-start=\"242\" data-end=\"283\">procedimentos vasculares guiados por ultrassom<\/strong>.<\/p>\n<h4 data-start=\"286\" data-end=\"308\"><strong data-start=\"291\" data-end=\"308\">Principais recursos:<\/strong><\/h4>\n<ul data-start=\"309\" data-end=\"805\">\n<li data-start=\"309\" data-end=\"507\">\n<p data-start=\"311\" data-end=\"347\">Inclui <strong data-start=\"320\" data-end=\"346\">quatro canais vasculares<\/strong>:<\/p>\n<ul data-start=\"350\" data-end=\"507\">\n<li data-start=\"350\" data-end=\"377\">\n<p data-start=\"352\" data-end=\"377\"><strong data-start=\"352\" data-end=\"377\">Uma art\u00e9ria funcional<\/strong><\/p>\n<\/li>\n<li data-start=\"380\" data-end=\"507\">\n<p data-start=\"382\" data-end=\"507\"><strong data-start=\"382\" data-end=\"397\">Tr\u00eas veias<\/strong>, incluindo <strong data-start=\"409\" data-end=\"441\">uma obstru\u00edda por trombose<\/strong> para diagn\u00f3stico realista da condi\u00e7\u00e3o por meio de ultrassom vascular.<\/p>\n<\/li>\n<\/ul>\n<\/li>\n<li data-start=\"508\" data-end=\"654\">\n<p data-start=\"510\" data-end=\"518\">Permite:<\/p>\n<ul data-start=\"521\" data-end=\"654\">\n<li data-start=\"521\" data-end=\"548\">\n<p data-start=\"523\" data-end=\"548\"><strong data-start=\"523\" data-end=\"548\">Treinamento de fluxo com Doppler<\/strong><\/p>\n<\/li>\n<li data-start=\"551\" data-end=\"592\">\n<p data-start=\"553\" data-end=\"592\"><strong data-start=\"553\" data-end=\"592\">Pun\u00e7\u00e3o vascular guiada por ultrassom<\/strong><\/p>\n<\/li>\n<li data-start=\"595\" data-end=\"654\">\n<p data-start=\"597\" data-end=\"654\"><strong data-start=\"597\" data-end=\"654\">Interpreta\u00e7\u00e3o cl\u00ednica da trombose venosa profunda (TVP)<\/strong><\/p>\n<\/li>\n<\/ul>\n<\/li>\n<li data-start=\"655\" data-end=\"805\">\n<p data-start=\"657\" data-end=\"805\">Equipado com uma <strong data-start=\"673\" data-end=\"693\">bomba perist\u00e1ltica<\/strong> que fornece <strong data-start=\"708\" data-end=\"736\">fluxo vascular cont\u00ednuo<\/strong> com <strong data-start=\"742\" data-end=\"762\">velocidade ajust\u00e1vel<\/strong>, aumentando o realismo e a relev\u00e2ncia cl\u00ednica.<\/p>\n<\/li>\n<\/ul>\n<h4 data-start=\"807\" data-end=\"829\"><strong data-start=\"812\" data-end=\"829\">Aplicativos:<\/strong><\/h4>\n<p data-start=\"830\" data-end=\"874\">Uma ferramenta ideal para o treinamento de equipes m\u00e9dicas:<\/p>\n<ul data-start=\"875\" data-end=\"946\">\n<li data-start=\"875\" data-end=\"899\">\n<p data-start=\"877\" data-end=\"899\"><strong data-start=\"877\" data-end=\"899\">Acesso venoso profundo<\/strong><\/p>\n<\/li>\n<li data-start=\"900\" data-end=\"946\">\n<p data-start=\"902\" data-end=\"946\"><strong data-start=\"902\" data-end=\"946\">Interven\u00e7\u00f5es vasculares guiadas por ultrassom<\/strong><\/p>\n<\/li>\n<\/ul>\n","protected":false},"excerpt":{"rendered":"<p data-start=\"980\" data-end=\"1354\">O Echo LEG Simulator da Pro Delphus \u00e9 um modelo de membro inferior direito para treinamento vascular guiado por ultrassom. Ele inclui canais arteriais e venosos funcionais, um dos quais \u00e9 trombosado, permitindo o diagn\u00f3stico realista de TVP. Uma bomba perist\u00e1ltica garante um fluxo sangu\u00edneo cont\u00ednuo e ajust\u00e1vel, permitindo a pr\u00e1tica do uso do Doppler, da pun\u00e7\u00e3o vascular e da interpreta\u00e7\u00e3o vascular.  <\/p>\n","protected":false},"featured_media":4712,"comment_status":"open","ping_status":"closed","template":"","meta":[],"product_brand":[],"product_cat":[1129,539],"product_tag":[1192,1194,1190,1195,1193,1191,1196,556,1189],"class_list":{"0":"post-4713","1":"product","2":"type-product","3":"status-publish","4":"has-post-thumbnail","6":"product_cat-cirurgia-vascular","7":"product_cat-ultrassom","8":"product_tag-acesso-vascular","9":"product_tag-bomba-peristaltica","10":"product_tag-fluxo-doppler","11":"product_tag-modelo-de-trombose","12":"product_tag-puncao-guiada-por-ultrassom","13":"product_tag-simulacao-de-dvt","14":"product_tag-simulador-de-membros-inferiores","15":"product_tag-simulador-de-ultrassom","16":"product_tag-treinamento-vascular","18":"first","19":"instock","20":"shipping-taxable","21":"product-type-simple"},"_links":{"self":[{"href":"https:\/\/prodelphus.com.br\/pt-br\/wp-json\/wp\/v2\/product\/4713","targetHints":{"allow":["GET"]}}],"collection":[{"href":"https:\/\/prodelphus.com.br\/pt-br\/wp-json\/wp\/v2\/product"}],"about":[{"href":"https:\/\/prodelphus.com.br\/pt-br\/wp-json\/wp\/v2\/types\/product"}],"replies":[{"embeddable":true,"href":"https:\/\/prodelphus.com.br\/pt-br\/wp-json\/wp\/v2\/comments?post=4713"}],"wp:featuredmedia":[{"embeddable":true,"href":"https:\/\/prodelphus.com.br\/pt-br\/wp-json\/wp\/v2\/media\/4712"}],"wp:attachment":[{"href":"https:\/\/prodelphus.com.br\/pt-br\/wp-json\/wp\/v2\/media?parent=4713"}],"wp:term":[{"taxonomy":"product_brand","embeddable":true,"href":"https:\/\/prodelphus.com.br\/pt-br\/wp-json\/wp\/v2\/product_brand?post=4713"},{"taxonomy":"product_cat","embeddable":true,"href":"https:\/\/prodelphus.com.br\/pt-br\/wp-json\/wp\/v2\/product_cat?post=4713"},{"taxonomy":"product_tag","embeddable":true,"href":"https:\/\/prodelphus.com.br\/pt-br\/wp-json\/wp\/v2\/product_tag?post=4713"}],"curies":[{"name":"wp","href":"https:\/\/api.w.org\/{rel}","templated":true}]}}