{"id":4695,"date":"2025-05-01T23:37:49","date_gmt":"2025-05-02T02:37:49","guid":{"rendered":"https:\/\/prodelphus.com.br\/product\/simulador-de-patologias-do-trato-genital-masculino\/"},"modified":"2025-05-01T23:37:49","modified_gmt":"2025-05-02T02:37:49","slug":"simulador-de-patologias-do-trato-genital-masculino","status":"publish","type":"product","link":"https:\/\/prodelphus.com.br\/pt-br\/produto\/simulador-de-patologias-do-trato-genital-masculino\/","title":{"rendered":"Simulador de patologias do trato genital masculino"},"content":{"rendered":"<p class=\"\" data-start=\"81\" data-end=\"123\"><strong data-start=\"81\" data-end=\"123\">URO-GNM &#8211; Simulador do trato genital masculino<\/strong><\/p>\n<p class=\"\" data-start=\"125\" data-end=\"587\">A Pro Delphus apresenta o URO-GNM, um simulador cir\u00fargico de alta fidelidade projetado para treinamento pr\u00e1tico em procedimentos invasivos do sistema genital externo masculino. Desenvolvido por nossa equipe de pesquisa, esse modelo oferece uma representa\u00e7\u00e3o realista das estruturas anat\u00f4micas, incluindo a uretra, o bulbo do esponjoso, os corpos cavernosos e a f\u00e1scia de Dartos. Essas camadas est\u00e3o presentes para disseca\u00e7\u00e3o e permitem a simula\u00e7\u00e3o de sangramento durante os procedimentos, aprimorando a experi\u00eancia de treinamento.  <\/p>\n<p class=\"\" data-start=\"589\" data-end=\"1077\">Esse simulador suporta uma ampla gama de demonstra\u00e7\u00f5es e pr\u00e1ticas cir\u00fargicas, incluindo postectomia para fimose e parafimose, depila\u00e7\u00e3o da glande, glandectomia, cirurgia de Peyronie, aplica\u00e7\u00e3o de pr\u00f3tese peniana, vasectomia, reanastomose do canal deferente, bem como corre\u00e7\u00e3o de hidrocele unilateral ou bilateral, entre outras. O URO-GNM permite que os estagi\u00e1rios desenvolvam habilidades cir\u00fargicas em um ambiente seguro e controlado, com realismo anat\u00f4mico em termos de textura, cor e resposta \u00e0 incis\u00e3o. <\/p>\n<p class=\"\" data-start=\"1079\" data-end=\"1153\">O sistema \u00e9 composto de componentes modulares, cada um dispon\u00edvel separadamente:<\/p>\n<ul data-start=\"1154\" data-end=\"1310\">\n<li class=\"\" data-start=\"1154\" data-end=\"1200\">\n<p class=\"\" data-start=\"1156\" data-end=\"1200\"><strong data-start=\"1156\" data-end=\"1168\">UROGNM-0<\/strong> &#8211; Suporte de acr\u00edlico (c\u00f3digo 2887)<\/p>\n<\/li>\n<li class=\"\" data-start=\"1201\" data-end=\"1245\">\n<p class=\"\" data-start=\"1203\" data-end=\"1245\"><strong data-start=\"1203\" data-end=\"1215\">UROGNM-1<\/strong> &#8211; Unidade cir\u00fargica (c\u00f3digo 2888)<\/p>\n<\/li>\n<li class=\"\" data-start=\"1246\" data-end=\"1310\">\n<p class=\"\" data-start=\"1248\" data-end=\"1310\"><strong data-start=\"1248\" data-end=\"1260\">UROGNM-2<\/strong> &#8211; Suporte anat\u00f4mico feito de neoderma (c\u00f3digo 3119)<\/p>\n<\/li>\n<\/ul>\n<p class=\"\" data-start=\"1312\" data-end=\"1578\">Este simulador \u00e9 ideal para ensino, demonstra\u00e7\u00e3o e treinamento cl\u00ednico em programas de educa\u00e7\u00e3o em urologia e cirurgia. Ele serve como um recurso did\u00e1tico essencial para institui\u00e7\u00f5es acad\u00eamicas e cursos de desenvolvimento profissional focados em procedimentos genitais masculinos. <\/p>\n","protected":false},"excerpt":{"rendered":"<p>O URO-GNM \u00e9 um simulador genital masculino de alta fidelidade desenvolvido pela Pro Delphus para treinamento e demonstra\u00e7\u00e3o de procedimentos cir\u00fargicos, como postectomia, glandectomia, cirurgia de Peyronie, vasectomia e muito mais. Com planos anat\u00f4micos e camadas de disseca\u00e7\u00e3o realistas, ele oferece um ambiente completo e seguro para o ensino pr\u00e1tico em urologia. <\/p>\n","protected":false},"featured_media":4680,"comment_status":"open","ping_status":"closed","template":"","meta":[],"product_brand":[],"product_cat":[87,1038],"product_tag":[1053,1046,1048,1058,1057,1056,1054,1055,1044,1052,1050],"class_list":{"0":"post-4695","1":"product","2":"type-product","3":"status-publish","4":"has-post-thumbnail","6":"product_cat-anatomia-normal-patologica","7":"product_cat-enfermagem","8":"product_tag-cirurgia-da-glande","9":"product_tag-cirurgia-de-fimose","10":"product_tag-doenca-de-peyronie","11":"product_tag-ferramenta-de-ensino-de-urologia","12":"product_tag-modelo-de-dissecacao-anatomica","13":"product_tag-patologia-urologica","14":"product_tag-procedimento-de-hidrocele","15":"product_tag-protese-peniana","16":"product_tag-simulador-de-genitais-masculinos","17":"product_tag-simulador-de-postectomia","18":"product_tag-treinamento-para-vasectomia","20":"first","21":"instock","22":"shipping-taxable","23":"product-type-simple"},"_links":{"self":[{"href":"https:\/\/prodelphus.com.br\/pt-br\/wp-json\/wp\/v2\/product\/4695","targetHints":{"allow":["GET"]}}],"collection":[{"href":"https:\/\/prodelphus.com.br\/pt-br\/wp-json\/wp\/v2\/product"}],"about":[{"href":"https:\/\/prodelphus.com.br\/pt-br\/wp-json\/wp\/v2\/types\/product"}],"replies":[{"embeddable":true,"href":"https:\/\/prodelphus.com.br\/pt-br\/wp-json\/wp\/v2\/comments?post=4695"}],"wp:featuredmedia":[{"embeddable":true,"href":"https:\/\/prodelphus.com.br\/pt-br\/wp-json\/wp\/v2\/media\/4680"}],"wp:attachment":[{"href":"https:\/\/prodelphus.com.br\/pt-br\/wp-json\/wp\/v2\/media?parent=4695"}],"wp:term":[{"taxonomy":"product_brand","embeddable":true,"href":"https:\/\/prodelphus.com.br\/pt-br\/wp-json\/wp\/v2\/product_brand?post=4695"},{"taxonomy":"product_cat","embeddable":true,"href":"https:\/\/prodelphus.com.br\/pt-br\/wp-json\/wp\/v2\/product_cat?post=4695"},{"taxonomy":"product_tag","embeddable":true,"href":"https:\/\/prodelphus.com.br\/pt-br\/wp-json\/wp\/v2\/product_tag?post=4695"}],"curies":[{"name":"wp","href":"https:\/\/api.w.org\/{rel}","templated":true}]}}