{"id":4694,"date":"2025-05-06T12:31:54","date_gmt":"2025-05-06T15:31:54","guid":{"rendered":"https:\/\/prodelphus.com.br\/product\/simulador-lazarus-para-procedimentos-de-feridas\/"},"modified":"2025-05-06T12:31:54","modified_gmt":"2025-05-06T15:31:54","slug":"simulador-lazarus-para-procedimentos-de-feridas","status":"publish","type":"product","link":"https:\/\/prodelphus.com.br\/pt-br\/produto\/simulador-lazarus-para-procedimentos-de-feridas\/","title":{"rendered":"Simulador Lazarus para procedimentos de feridas"},"content":{"rendered":"<p data-start=\"221\" data-end=\"319\"><strong data-start=\"221\" data-end=\"232\">Lazarus<\/strong> &#8211; \u00e9 o novo padr\u00e3o em treinamento para procedimentos de feridas superficiais tor\u00e1cicas e abdominais.<\/p>\n<p data-start=\"321\" data-end=\"651\">O Lazarus \u00e9 um torso masculino de alta fidelidade projetado para oferecer experi\u00eancia pr\u00e1tica e realista em procedimentos m\u00e9dicos essenciais, incluindo:<br data-start=\"452\" data-end=\"455\">&#8211; Gerenciamento de estoma<br data-start=\"473\" data-end=\"476\">&#8211; Coloca\u00e7\u00e3o de drenos tubulares e drenos de Penrose<br data-start=\"524\" data-end=\"527\">&#8211; Drenagem tor\u00e1cica e aplica\u00e7\u00e3o de curativos<br data-start=\"571\" data-end=\"574\">&#8211; Tratamento de feridas e terapia de fechamento assistido a v\u00e1cuo&#8230;<br data-start=\"630\" data-end=\"633\">&#8230; e muito mais.<\/p>\n<p data-start=\"653\" data-end=\"930\"><strong data-start=\"653\" data-end=\"675\">Totalmente personaliz\u00e1vel<\/strong> para atender \u00e0s necessidades espec\u00edficas de treinamento de cada institui\u00e7\u00e3o, o Lazarus \u00e9 a solu\u00e7\u00e3o perfeita para o treinamento de jovens cirurgi\u00f5es e para a pr\u00e1tica de enfermagem em v\u00e1rias sess\u00f5es de treinamento. Descubra a versatilidade do Lazarus e aprimore seus programas de educa\u00e7\u00e3o cl\u00ednica. <\/p>\n<p data-start=\"932\" data-end=\"1037\"><strong data-start=\"932\" data-end=\"953\">Entre em contato com a nossa equipe:<\/strong> estamos prontos para desenvolver a solu\u00e7\u00e3o ideal adaptada \u00e0s suas necessidades de treinamento.<\/p>\n<p data-start=\"1039\" data-end=\"1094\">\ud83d\udccc <em data-start=\"1042\" data-end=\"1094\">Material did\u00e1tico para uso em ensino e pesquisa<\/em><\/p>\n","protected":false},"excerpt":{"rendered":"<p>O Lazarus Simulator \u00e9 um modelo de torso masculino de alta fidelidade projetado para treinamento pr\u00e1tico em procedimentos de feridas tor\u00e1cicas e abdominais. Totalmente personaliz\u00e1vel, ele suporta cuidados com estomas, coloca\u00e7\u00e3o de drenos, aplica\u00e7\u00e3o de curativos e terapia de fechamento assistido a v\u00e1cuo, o que o torna ideal para o ensino m\u00e9dico e de enfermagem. <\/p>\n","protected":false},"featured_media":4685,"comment_status":"open","ping_status":"closed","template":"","meta":[],"product_brand":[],"product_cat":[723,683,1038,1039,567,663],"product_tag":[1049,1043,1047,1045,1042,1040,1051,1041],"class_list":{"0":"post-4694","1":"product","2":"type-product","3":"status-publish","4":"has-post-thumbnail","6":"product_cat-cirurgia-toracica","7":"product_cat-emergencia","8":"product_cat-enfermagem","9":"product_cat-feridas-pt-br","10":"product_cat-proctologia","11":"product_cat-sutura","12":"product_tag-colocacao-de-drenos","13":"product_tag-educacao-cirurgica","14":"product_tag-gerenciamento-de-estoma","15":"product_tag-pratica-de-enfermagem","16":"product_tag-procedimentos-abdominais","17":"product_tag-simulador-de-feridas-pt-br","18":"product_tag-terapia-vac","19":"product_tag-treinamento-toracico","21":"first","22":"instock","23":"shipping-taxable","24":"product-type-simple"},"_links":{"self":[{"href":"https:\/\/prodelphus.com.br\/pt-br\/wp-json\/wp\/v2\/product\/4694","targetHints":{"allow":["GET"]}}],"collection":[{"href":"https:\/\/prodelphus.com.br\/pt-br\/wp-json\/wp\/v2\/product"}],"about":[{"href":"https:\/\/prodelphus.com.br\/pt-br\/wp-json\/wp\/v2\/types\/product"}],"replies":[{"embeddable":true,"href":"https:\/\/prodelphus.com.br\/pt-br\/wp-json\/wp\/v2\/comments?post=4694"}],"wp:featuredmedia":[{"embeddable":true,"href":"https:\/\/prodelphus.com.br\/pt-br\/wp-json\/wp\/v2\/media\/4685"}],"wp:attachment":[{"href":"https:\/\/prodelphus.com.br\/pt-br\/wp-json\/wp\/v2\/media?parent=4694"}],"wp:term":[{"taxonomy":"product_brand","embeddable":true,"href":"https:\/\/prodelphus.com.br\/pt-br\/wp-json\/wp\/v2\/product_brand?post=4694"},{"taxonomy":"product_cat","embeddable":true,"href":"https:\/\/prodelphus.com.br\/pt-br\/wp-json\/wp\/v2\/product_cat?post=4694"},{"taxonomy":"product_tag","embeddable":true,"href":"https:\/\/prodelphus.com.br\/pt-br\/wp-json\/wp\/v2\/product_tag?post=4694"}],"curies":[{"name":"wp","href":"https:\/\/api.w.org\/{rel}","templated":true}]}}