{"id":4633,"date":"2025-04-08T22:28:44","date_gmt":"2025-04-09T01:28:44","guid":{"rendered":"https:\/\/prodelphus.com.br\/?post_type=product&#038;p=4633"},"modified":"2025-05-16T09:42:45","modified_gmt":"2025-05-16T12:42:45","slug":"simulador-anatomico-para-patologias-do-estomago-e-do-esofago","status":"publish","type":"product","link":"https:\/\/prodelphus.com.br\/pt-br\/produto\/simulador-anatomico-para-patologias-do-estomago-e-do-esofago\/","title":{"rendered":"Simulador anat\u00f4mico para patologias do est\u00f4mago e do es\u00f4fago"},"content":{"rendered":"<p class=\"\" data-start=\"81\" data-end=\"154\"><strong data-start=\"81\" data-end=\"140\">SIMULADOR ANAT\u00d4MICO DE PATOLOGIAS DO EST\u00d4MAGO E DO ES\u00d4FAGO<\/strong><br data-start=\"140\" data-end=\"143\"><strong data-start=\"143\" data-end=\"154\">LAB-EST<\/strong><\/p>\n<p class=\"\" data-start=\"156\" data-end=\"570\">O simulador <strong data-start=\"160\" data-end=\"171\">LAB-EST<\/strong> inclui quatro modelos anat\u00f4micos do <strong data-start=\"221\" data-end=\"232\">est\u00f4mago<\/strong> e do <strong data-start=\"237\" data-end=\"250\">es\u00f4fago<\/strong>, cada um representando diferentes patologias. Esses modelos foram projetados para ajudar os alunos a identificar e entender v\u00e1rias condi\u00e7\u00f5es que afetam o est\u00f4mago e o es\u00f4fago. As patologias dispon\u00edveis incluem <strong data-start=\"447\" data-end=\"460\">gastrite<\/strong>, <strong data-start=\"462\" data-end=\"480\">\u00falceras g<\/strong>\u00e1stricas, <strong data-start=\"482\" data-end=\"500\">c\u00e2ncer g\u00e1strico<\/strong>, <strong data-start=\"502\" data-end=\"524\">varizes esof\u00e1gicas<\/strong>, <strong data-start=\"526\" data-end=\"548\">s\u00edndrome de Barrett<\/strong> e <strong data-start=\"554\" data-end=\"569\">esofagite<\/strong>.  <\/p>\n<p class=\"\" data-start=\"572\" data-end=\"618\">O simulador apresenta os seguintes modelos:<\/p>\n<ul data-start=\"619\" data-end=\"905\">\n<li class=\"\" data-start=\"619\" data-end=\"698\">\n<p class=\"\" data-start=\"621\" data-end=\"698\"><strong data-start=\"621\" data-end=\"633\">LAB-EST1<\/strong> &#8211; Est\u00f4mago com mucosa normal e es\u00f4fago com veias varicosas<\/p>\n<\/li>\n<li class=\"\" data-start=\"699\" data-end=\"782\">\n<p class=\"\" data-start=\"701\" data-end=\"782\"><strong data-start=\"701\" data-end=\"713\">LAB-EST2<\/strong> &#8211; Est\u00f4mago com \u00falcera g\u00e1strica e es\u00f4fago com s\u00edndrome de Barrett<\/p>\n<\/li>\n<li class=\"\" data-start=\"783\" data-end=\"842\">\n<p class=\"\" data-start=\"785\" data-end=\"842\"><strong data-start=\"785\" data-end=\"797\">LAB-EST3<\/strong> &#8211; Est\u00f4mago com c\u00e2ncer e es\u00f4fago normal<\/p>\n<\/li>\n<li class=\"\" data-start=\"843\" data-end=\"905\">\n<p class=\"\" data-start=\"845\" data-end=\"905\"><strong data-start=\"845\" data-end=\"857\">LAB-EST4<\/strong> &#8211; Est\u00f4mago com gastrite e es\u00f4fago normal<\/p>\n<\/li>\n<\/ul>\n<p class=\"\" data-start=\"907\" data-end=\"1036\">Outras patologias podem ser incorporadas para atender a necessidades educacionais espec\u00edficas. Entre em contato conosco para obter mais op\u00e7\u00f5es de personaliza\u00e7\u00e3o. <\/p>\n<p class=\"\" data-start=\"1038\" data-end=\"1120\">Os modelos v\u00eam com uma <strong data-start=\"1062\" data-end=\"1085\">caixa de acr\u00edlico<\/strong> para f\u00e1cil armazenamento e apresenta\u00e7\u00e3o.<\/p>\n","protected":false},"excerpt":{"rendered":"<p>O simulador <strong data-start=\"1156\" data-end=\"1167\">LAB-EST<\/strong> oferece uma representa\u00e7\u00e3o detalhada e realista de <strong data-start=\"1244\" data-end=\"1269\">patologias<\/strong> <strong data-start=\"1228\" data-end=\"1239\">do est\u00f4mago<\/strong> e <strong data-start=\"1244\" data-end=\"1269\">do es\u00f4fago<\/strong>, incluindo <strong data-start=\"1281\" data-end=\"1294\">gastrite<\/strong>, <strong data-start=\"1296\" data-end=\"1314\">c\u00e2ncer g\u00e1strico<\/strong> e <strong data-start=\"1320\" data-end=\"1342\">varizes esof\u00e1gicas<\/strong>. Projetado para a educa\u00e7\u00e3o m\u00e9dica, ele ajuda os alunos a reconhecer e entender essas condi\u00e7\u00f5es comuns. <\/p>\n","protected":false},"featured_media":4635,"comment_status":"open","ping_status":"closed","template":"","meta":[],"product_brand":[1153],"product_cat":[87,1019],"product_tag":[1025,1027,1028,1023,1022,1020,1024,1021,1026],"class_list":{"0":"post-4633","1":"product","2":"type-product","3":"status-publish","4":"has-post-thumbnail","6":"product_brand-pro-delphus-pt-br","7":"product_cat-anatomia-normal-patologica","8":"product_cat-estomago-esofago","9":"product_tag-cancer-gastrico","10":"product_tag-esofagite","11":"product_tag-gastrite","12":"product_tag-patologia-do-esofago","13":"product_tag-patologia-estomacal","14":"product_tag-simulador-anatomico","15":"product_tag-sindrome-de-barrett","16":"product_tag-ulcera-gastrica","17":"product_tag-varizes-de-esofago","19":"first","20":"instock","21":"shipping-taxable","22":"purchasable","23":"product-type-simple"},"_links":{"self":[{"href":"https:\/\/prodelphus.com.br\/pt-br\/wp-json\/wp\/v2\/product\/4633","targetHints":{"allow":["GET"]}}],"collection":[{"href":"https:\/\/prodelphus.com.br\/pt-br\/wp-json\/wp\/v2\/product"}],"about":[{"href":"https:\/\/prodelphus.com.br\/pt-br\/wp-json\/wp\/v2\/types\/product"}],"replies":[{"embeddable":true,"href":"https:\/\/prodelphus.com.br\/pt-br\/wp-json\/wp\/v2\/comments?post=4633"}],"wp:featuredmedia":[{"embeddable":true,"href":"https:\/\/prodelphus.com.br\/pt-br\/wp-json\/wp\/v2\/media\/4635"}],"wp:attachment":[{"href":"https:\/\/prodelphus.com.br\/pt-br\/wp-json\/wp\/v2\/media?parent=4633"}],"wp:term":[{"taxonomy":"product_brand","embeddable":true,"href":"https:\/\/prodelphus.com.br\/pt-br\/wp-json\/wp\/v2\/product_brand?post=4633"},{"taxonomy":"product_cat","embeddable":true,"href":"https:\/\/prodelphus.com.br\/pt-br\/wp-json\/wp\/v2\/product_cat?post=4633"},{"taxonomy":"product_tag","embeddable":true,"href":"https:\/\/prodelphus.com.br\/pt-br\/wp-json\/wp\/v2\/product_tag?post=4633"}],"curies":[{"name":"wp","href":"https:\/\/api.w.org\/{rel}","templated":true}]}}