{"id":4629,"date":"2025-04-08T22:24:05","date_gmt":"2025-04-09T01:24:05","guid":{"rendered":"https:\/\/prodelphus.com.br\/?post_type=product&#038;p=4629"},"modified":"2025-06-16T09:34:17","modified_gmt":"2025-06-16T12:34:17","slug":"simulador-de-bia-para-harmonizacao-facial","status":"publish","type":"product","link":"https:\/\/prodelphus.com.br\/pt-br\/produto\/simulador-de-bia-para-harmonizacao-facial\/","title":{"rendered":"Simulador de BIA para harmoniza\u00e7\u00e3o facial"},"content":{"rendered":"<p class=\"\" data-start=\"73\" data-end=\"150\"><strong data-start=\"73\" data-end=\"109\">BIA &#8211; ASSISTENTE DE INJE\u00c7\u00c3O DE BELEZA<\/strong><br data-start=\"109\" data-end=\"112\"><strong data-start=\"112\" data-end=\"150\">SIMULADOR PARA HARMONIZA\u00c7\u00c3O FACIAL<\/strong><\/p>\n<p class=\"\" data-start=\"152\" data-end=\"220\"><strong data-start=\"152\" data-end=\"220\">Treinamento pr\u00e1tico e resultados imediatos em Harmoniza\u00e7\u00e3o Facial<\/strong><\/p>\n<p class=\"\" data-start=\"222\" data-end=\"559\">O <strong data-start=\"226\" data-end=\"243\">simulador BIA<\/strong> \u00e9 o modelo ideal para treinamento em <strong data-start=\"279\" data-end=\"303\">procedimentos est\u00e9ticos<\/strong>, como a aplica\u00e7\u00e3o de <strong data-start=\"332\" data-end=\"351\">toxina botul\u00ednica<\/strong> e <strong data-start=\"356\" data-end=\"370\">biofillers<\/strong>. Fabricado com <strong data-start=\"382\" data-end=\"394\">Neoderma<\/strong>, uma f\u00f3rmula exclusiva da Pro Delphus, o BIA responde realisticamente \u00e0 pr\u00e1tica injet\u00e1vel, <strong data-start=\"485\" data-end=\"518\">mostrando instantaneamente os resultados<\/strong> dos preenchedores e das t\u00e9cnicas de harmoniza\u00e7\u00e3o. <\/p>\n<p class=\"\" data-start=\"561\" data-end=\"912\">Trata-se de um <strong data-start=\"571\" data-end=\"593\">simulador completo<\/strong>, projetado para <strong data-start=\"608\" data-end=\"625\">v\u00e1rios usos<\/strong>, pois <strong data-start=\"633\" data-end=\"661\">expele o l\u00edquido preenchido<\/strong>, permitindo a aplica\u00e7\u00e3o repetida. A BIA \u00e9 perfeita para <strong data-start=\"713\" data-end=\"741\">demonstra\u00e7\u00f5es em sala de aula<\/strong>, <strong data-start=\"743\" data-end=\"772\">cursos de treinamento pr\u00e1tico<\/strong> e at\u00e9 mesmo em <strong data-start=\"786\" data-end=\"809\">consult\u00f3rios de dermatologia<\/strong> e <strong data-start=\"814\" data-end=\"835\">cl\u00ednicas de est\u00e9tica<\/strong> para mostrar aos pacientes exatamente <strong data-start=\"861\" data-end=\"878\">onde e como<\/strong> os procedimentos ser\u00e3o realizados. <\/p>\n","protected":false},"excerpt":{"rendered":"<p><strong>O BIA<\/strong> \u00e9 um simulador de harmoniza\u00e7\u00e3o facial reutiliz\u00e1vel feito de Neoderma, projetado para treinamento em <strong>aplica\u00e7\u00f5es de toxina botul\u00ednica e biofiller<\/strong>. Ele fornece resultados visuais realistas e imediatos, o que o torna ideal para uso educacional e cl\u00ednico. <\/p>\n","protected":false},"featured_media":4631,"comment_status":"open","ping_status":"closed","template":"","meta":[],"product_brand":[1153],"product_cat":[613,1029,1165,1164,1173,1172],"product_tag":[1076,1066,1030,1031,1068,1063,1072,862,1080,869],"class_list":{"0":"post-4629","1":"product","2":"type-product","3":"status-publish","4":"has-post-thumbnail","6":"product_brand-pro-delphus-pt-br","7":"product_cat-cirurgia-plastica","8":"product_cat-harmonizacao-facial","9":"product_cat-procedimentos-cosmeticos","10":"product_cat-procedimentos-esteticos","11":"product_cat-procedimentos-sinusais-e-nasais","12":"product_cat-rinoplastia-e-cirurgia-facial","13":"product_tag-assistente-de-injecao-de-beleza","14":"product_tag-biofillers-pt-br","15":"product_tag-educacao-em-dermatologia","16":"product_tag-medicina-estetica","17":"product_tag-pratica-injetavel","18":"product_tag-simulador-de-harmonizacao-facial","19":"product_tag-simulador-reutilizavel","20":"product_tag-toxina-botulinica","21":"product_tag-treinador-de-anatomia-facial","22":"product_tag-treinamento-estetico","24":"first","25":"instock","26":"shipping-taxable","27":"purchasable","28":"product-type-simple"},"_links":{"self":[{"href":"https:\/\/prodelphus.com.br\/pt-br\/wp-json\/wp\/v2\/product\/4629","targetHints":{"allow":["GET"]}}],"collection":[{"href":"https:\/\/prodelphus.com.br\/pt-br\/wp-json\/wp\/v2\/product"}],"about":[{"href":"https:\/\/prodelphus.com.br\/pt-br\/wp-json\/wp\/v2\/types\/product"}],"replies":[{"embeddable":true,"href":"https:\/\/prodelphus.com.br\/pt-br\/wp-json\/wp\/v2\/comments?post=4629"}],"wp:featuredmedia":[{"embeddable":true,"href":"https:\/\/prodelphus.com.br\/pt-br\/wp-json\/wp\/v2\/media\/4631"}],"wp:attachment":[{"href":"https:\/\/prodelphus.com.br\/pt-br\/wp-json\/wp\/v2\/media?parent=4629"}],"wp:term":[{"taxonomy":"product_brand","embeddable":true,"href":"https:\/\/prodelphus.com.br\/pt-br\/wp-json\/wp\/v2\/product_brand?post=4629"},{"taxonomy":"product_cat","embeddable":true,"href":"https:\/\/prodelphus.com.br\/pt-br\/wp-json\/wp\/v2\/product_cat?post=4629"},{"taxonomy":"product_tag","embeddable":true,"href":"https:\/\/prodelphus.com.br\/pt-br\/wp-json\/wp\/v2\/product_tag?post=4629"}],"curies":[{"name":"wp","href":"https:\/\/api.w.org\/{rel}","templated":true}]}}