{"id":4611,"date":"2025-04-08T22:15:41","date_gmt":"2025-04-09T01:15:41","guid":{"rendered":"https:\/\/prodelphus.com.br\/?post_type=product&#038;p=4611"},"modified":"2025-06-16T09:08:18","modified_gmt":"2025-06-16T12:08:18","slug":"simulador-laparoscopico","status":"publish","type":"product","link":"https:\/\/prodelphus.com.br\/pt-br\/produto\/simulador-laparoscopico\/","title":{"rendered":"Simulador laparosc\u00f3pico"},"content":{"rendered":"<p class=\"\" data-start=\"147\" data-end=\"200\"><strong data-start=\"147\" data-end=\"171\">SIMULADOR PARA TREINAMENTO EM CIRURGIA LAPAROSC\u00d3PICA<\/strong><\/p>\n<p class=\"\" data-start=\"202\" data-end=\"548\">Aprenda a disseca\u00e7\u00e3o e a sutura laparosc\u00f3pica em um <strong data-start=\"250\" data-end=\"289\">ambiente seguro e de desenvolvimento de habilidades<\/strong> com o <strong data-start=\"299\" data-end=\"323\">simulador ETX-A2 LAP<\/strong>. Esse simulador laparosc\u00f3pico oferece acesso total a <strong data-start=\"379\" data-end=\"406\">toda a cavidade abdominal<\/strong>, simulando condi\u00e7\u00f5es reais de cirurgia laparosc\u00f3pica. Ele inclui uma <strong data-start=\"471\" data-end=\"501\">interface vagino-abdominal<\/strong>, permitindo o uso de <strong data-start=\"523\" data-end=\"547\">manipuladores uterinos<\/strong>.  <\/p>\n<p class=\"\" data-start=\"550\" data-end=\"575\">O simulador apresenta:<\/p>\n<ul data-start=\"576\" data-end=\"941\">\n<li class=\"\" data-start=\"576\" data-end=\"586\">\n<p class=\"\" data-start=\"578\" data-end=\"586\">Vagina<\/p>\n<\/li>\n<li class=\"\" data-start=\"587\" data-end=\"656\">\n<p class=\"\" data-start=\"589\" data-end=\"656\">\u00datero com ader\u00eancias, mioma e dois tumores ovarianos personaliz\u00e1veis<\/p>\n<\/li>\n<li class=\"\" data-start=\"657\" data-end=\"668\">\n<p class=\"\" data-start=\"659\" data-end=\"668\">Bexiga<\/p>\n<\/li>\n<li class=\"\" data-start=\"669\" data-end=\"679\">\n<p class=\"\" data-start=\"671\" data-end=\"679\">Ureter<\/p>\n<\/li>\n<li class=\"\" data-start=\"680\" data-end=\"689\">\n<p class=\"\" data-start=\"682\" data-end=\"689\">Intestino<\/p>\n<\/li>\n<li class=\"\" data-start=\"690\" data-end=\"734\">\n<p class=\"\" data-start=\"692\" data-end=\"734\">F\u00edgado com ves\u00edcula biliar e trato biliar<\/p>\n<\/li>\n<li class=\"\" data-start=\"735\" data-end=\"745\">\n<p class=\"\" data-start=\"737\" data-end=\"745\">Ba\u00e7o<\/p>\n<\/li>\n<li class=\"\" data-start=\"746\" data-end=\"822\">\n<p class=\"\" data-start=\"748\" data-end=\"822\">P\u00e2ncreas<em data-start=\"758\" data-end=\"768\">(opcional<\/em>: cirurgia para tumor na cabe\u00e7a do p\u00e2ncreas e esplenectomia)<\/p>\n<\/li>\n<li class=\"\" data-start=\"823\" data-end=\"882\">\n<p class=\"\" data-start=\"825\" data-end=\"882\">Est\u00f4mago e omento grande com ader\u00eancias para dissec\u00e7\u00e3o<\/p>\n<\/li>\n<li class=\"\" data-start=\"883\" data-end=\"901\">\n<p class=\"\" data-start=\"885\" data-end=\"901\">Ap\u00eandice cecal<\/p>\n<\/li>\n<li class=\"\" data-start=\"902\" data-end=\"941\">\n<p class=\"\" data-start=\"904\" data-end=\"941\">E muitas outras estruturas anat\u00f4micas<\/p>\n<\/li>\n<\/ul>\n<p class=\"\" data-start=\"943\" data-end=\"1038\">A <strong data-start=\"947\" data-end=\"975\">base anat\u00f4mica reutiliz\u00e1vel<\/strong>, feita de fibra de vidro, \u00e9 fornecida em:<br data-start=\"1015\" data-end=\"1018\"><strong data-start=\"1018\" data-end=\"1038\">C\u00f3digo 358 &#8211; ETX-0<\/strong><\/p>\n<p class=\"\" data-start=\"1040\" data-end=\"1198\"><strong data-start=\"1056\" data-end=\"1074\">As unidades cir\u00fargicas<\/strong> do simulador incluem um <strong data-start=\"1085\" data-end=\"1121\">abd\u00f4men distendido e semirr\u00edgido<\/strong> feito de <strong data-start=\"1130\" data-end=\"1147\">borracha E.V.A.<\/strong>, permitindo <strong data-start=\"1158\" data-end=\"1180\">v\u00e1rias pun\u00e7\u00f5es<\/strong> para uso repetido.<\/p>\n<p class=\"\" data-start=\"1205\" data-end=\"1236\"><strong data-start=\"1205\" data-end=\"1236\">Componentes e pe\u00e7as sobressalentes:<\/strong><\/p>\n<ul data-start=\"1238\" data-end=\"1698\">\n<li class=\"\" data-start=\"1238\" data-end=\"1272\">\n<p class=\"\" data-start=\"1240\" data-end=\"1272\"><strong data-start=\"1240\" data-end=\"1251\">Est\u00f4mago<\/strong> &#8211; C\u00f3digo 361 &#8211; ETX-5<\/p>\n<\/li>\n<li class=\"\" data-start=\"1273\" data-end=\"1348\">\n<p class=\"\" data-start=\"1275\" data-end=\"1348\"><strong data-start=\"1275\" data-end=\"1327\">Abd\u00f4men &#8211; unidade cir\u00fargica completa com todos os \u00f3rg\u00e3os<\/strong> &#8211; C\u00f3digo 365 &#8211; ETX-6<\/p>\n<\/li>\n<li class=\"\" data-start=\"1349\" data-end=\"1391\">\n<p class=\"\" data-start=\"1351\" data-end=\"1391\"><strong data-start=\"1351\" data-end=\"1368\">Bloqueio vaginal<\/strong> &#8211; C\u00f3digo 369 &#8211; ETX-14A<\/p>\n<\/li>\n<li class=\"\" data-start=\"1392\" data-end=\"1460\">\n<p class=\"\" data-start=\"1394\" data-end=\"1460\"><strong data-start=\"1394\" data-end=\"1438\">F\u00edgado com ves\u00edcula biliar e trato biliar<\/strong> &#8211; C\u00f3digo 359 &#8211; ETX-3A<\/p>\n<\/li>\n<li class=\"\" data-start=\"1461\" data-end=\"1494\">\n<p class=\"\" data-start=\"1463\" data-end=\"1494\"><strong data-start=\"1463\" data-end=\"1473\">Ba\u00e7o<\/strong> &#8211; C\u00f3digo 360 &#8211; ETX-4<\/p>\n<\/li>\n<li class=\"\" data-start=\"1495\" data-end=\"1539\">\n<p class=\"\" data-start=\"1497\" data-end=\"1539\"><strong data-start=\"1497\" data-end=\"1517\">Trato intestinal<\/strong> &#8211; C\u00f3digo 363 &#8211; ETX-6B<\/p>\n<\/li>\n<li class=\"\" data-start=\"1540\" data-end=\"1591\">\n<p class=\"\" data-start=\"1542\" data-end=\"1591\"><strong data-start=\"1542\" data-end=\"1569\">Parede abdominal (E.V.A.)<\/strong> &#8211; C\u00f3digo 366 &#8211; ETX-10<\/p>\n<\/li>\n<li class=\"\" data-start=\"1592\" data-end=\"1630\">\n<p class=\"\" data-start=\"1594\" data-end=\"1630\"><strong data-start=\"1594\" data-end=\"1608\">Cul-de-sac<\/strong> &#8211; C\u00f3digo 368 &#8211; ETX-11<\/p>\n<\/li>\n<li class=\"\" data-start=\"1631\" data-end=\"1666\">\n<p class=\"\" data-start=\"1633\" data-end=\"1666\"><strong data-start=\"1633\" data-end=\"1643\">\u00datero<\/strong> &#8211; C\u00f3digo 370 &#8211; ETX-14B<\/p>\n<\/li>\n<li class=\"\" data-start=\"1667\" data-end=\"1698\">\n<p class=\"\" data-start=\"1669\" data-end=\"1698\"><strong data-start=\"1669\" data-end=\"1696\">Conjunto de sutura, n\u00edvel b\u00e1sico<\/strong><\/p>\n<\/li>\n<\/ul>\n","protected":false},"excerpt":{"rendered":"<p>O <strong data-start=\"55\" data-end=\"69\">ETX-A2 LAP<\/strong> \u00e9 um simulador de cirurgia laparosc\u00f3pica de alta fidelidade projetado para <strong data-start=\"133\" data-end=\"161\">treinamento seguro e realista<\/strong> em dissec\u00e7\u00e3o e sutura laparosc\u00f3pica. Ele inclui uma <strong data-start=\"217\" data-end=\"247\">interface vagino-abdominal<\/strong>, acesso a <strong data-start=\"259\" data-end=\"283\" data-is-only-node=\"\">todos os \u00f3rg\u00e3os abdominais<\/strong> e <strong data-start=\"289\" data-end=\"317\">patologias personaliz\u00e1veis<\/strong>, como ader\u00eancias, mioma, tumores ovarianos e muito mais. Compat\u00edvel com <strong data-start=\"386\" data-end=\"409\">ferramentas cir\u00fargicas reais<\/strong>, o simulador \u00e9 reutiliz\u00e1vel e oferece suporte ao desenvolvimento de habilidades em v\u00e1rios procedimentos laparosc\u00f3picos.  <\/p>\n","protected":false},"featured_media":4615,"comment_status":"open","ping_status":"closed","template":"","meta":[],"product_brand":[1153],"product_cat":[784,598,1162,1166,1167,90,1163],"product_tag":[835,842,841,838,840,836,837,839],"class_list":{"0":"post-4611","1":"product","2":"type-product","3":"status-publish","4":"has-post-thumbnail","6":"product_brand-pro-delphus-pt-br","7":"product_cat-cirurgia-geral-e-especializada","8":"product_cat-cirurgia-de-hernia","9":"product_cat-treinamento-em-cirurgia-endoscopica","10":"product_cat-treinamento-em-laparoscopia","11":"product_cat-urologia-pt-br","12":"product_cat-utero","13":"product_cat-ginecologia","14":"product_tag-simulador-de-cirurgia-bariatrica","15":"product_tag-simulador-de-cirurgia-de-endometriose","16":"product_tag-simulador-de-cirurgia-ginecologica","17":"product_tag-simulador-de-cirurgia-laparoscopica","18":"product_tag-simulador-de-cistos-ovarianos","19":"product_tag-simulador-de-colecistectomia","20":"product_tag-simulador-de-histerectomia","21":"product_tag-simulador-de-miomectomia","23":"first","24":"instock","25":"shipping-taxable","26":"purchasable","27":"product-type-simple"},"_links":{"self":[{"href":"https:\/\/prodelphus.com.br\/pt-br\/wp-json\/wp\/v2\/product\/4611","targetHints":{"allow":["GET"]}}],"collection":[{"href":"https:\/\/prodelphus.com.br\/pt-br\/wp-json\/wp\/v2\/product"}],"about":[{"href":"https:\/\/prodelphus.com.br\/pt-br\/wp-json\/wp\/v2\/types\/product"}],"replies":[{"embeddable":true,"href":"https:\/\/prodelphus.com.br\/pt-br\/wp-json\/wp\/v2\/comments?post=4611"}],"wp:featuredmedia":[{"embeddable":true,"href":"https:\/\/prodelphus.com.br\/pt-br\/wp-json\/wp\/v2\/media\/4615"}],"wp:attachment":[{"href":"https:\/\/prodelphus.com.br\/pt-br\/wp-json\/wp\/v2\/media?parent=4611"}],"wp:term":[{"taxonomy":"product_brand","embeddable":true,"href":"https:\/\/prodelphus.com.br\/pt-br\/wp-json\/wp\/v2\/product_brand?post=4611"},{"taxonomy":"product_cat","embeddable":true,"href":"https:\/\/prodelphus.com.br\/pt-br\/wp-json\/wp\/v2\/product_cat?post=4611"},{"taxonomy":"product_tag","embeddable":true,"href":"https:\/\/prodelphus.com.br\/pt-br\/wp-json\/wp\/v2\/product_tag?post=4611"}],"curies":[{"name":"wp","href":"https:\/\/api.w.org\/{rel}","templated":true}]}}