{"id":4593,"date":"2025-04-08T22:03:39","date_gmt":"2025-04-09T01:03:39","guid":{"rendered":"https:\/\/prodelphus.com.br\/?post_type=product&#038;p=4593"},"modified":"2025-05-16T09:51:13","modified_gmt":"2025-05-16T12:51:13","slug":"treinador-hypospadia","status":"publish","type":"product","link":"https:\/\/prodelphus.com.br\/pt-br\/produto\/treinador-hypospadia\/","title":{"rendered":"Treinador Hypospadia"},"content":{"rendered":"<p class=\"\" data-start=\"110\" data-end=\"182\"><strong data-start=\"110\" data-end=\"131\">P\u00caNIS INFANTIL &#8211; HTP<\/strong><br data-start=\"131\" data-end=\"134\"><strong data-start=\"134\" data-end=\"182\">SIMULADOR PARA CORRE\u00c7\u00c3O CIR\u00daRGICA DE HIPOSP\u00c1DIA<\/strong><\/p>\n<p class=\"\" data-start=\"184\" data-end=\"628\">O <strong data-start=\"188\" data-end=\"216\">Hypospadia Trainer (HPT)<\/strong> permite at\u00e9 <strong data-start=\"230\" data-end=\"257\">8 simula\u00e7\u00f5es diferentes<\/strong> de malforma\u00e7\u00f5es uretrais, dando suporte \u00e0 <strong data-start=\"296\" data-end=\"317\">an\u00e1lise cl\u00ednica<\/strong> e <strong data-start=\"322\" data-end=\"343\">ao treinamento cir\u00fargico<\/strong> para cada caso com base em sua apresenta\u00e7\u00e3o anat\u00f4mica. O modelo consiste em uma <strong data-start=\"421\" data-end=\"437\">base de acr\u00edlico<\/strong> e <strong data-start=\"442\" data-end=\"463\">uma unidade cir\u00fargica<\/strong>, que pode ser selecionada de acordo com a necessidade de treinamento. Todas as unidades cir\u00fargicas HPT s\u00e3o totalmente compat\u00edveis com a base e permitem o uso de <strong data-start=\"598\" data-end=\"627\">instrumentos cir\u00fargicos reais<\/strong>.  <\/p>\n<p class=\"\" data-start=\"630\" data-end=\"664\"><strong data-start=\"630\" data-end=\"664\">Tipos de hiposp\u00e1dia simulados:<\/strong><\/p>\n<p class=\"\" data-start=\"666\" data-end=\"704\"><strong data-start=\"666\" data-end=\"702\">1. Hiposp\u00e1dia distal e coronal<\/strong><\/p>\n<ul data-start=\"705\" data-end=\"756\">\n<li class=\"\" data-start=\"705\" data-end=\"718\">\n<p class=\"\" data-start=\"707\" data-end=\"718\">C\u00f3digo: 525<\/p>\n<\/li>\n<li class=\"\" data-start=\"719\" data-end=\"756\">\n<p class=\"\" data-start=\"721\" data-end=\"756\">Unidades: HPT-1, HPT-4, HPT-5, HPT-6<\/p>\n<\/li>\n<\/ul>\n<p class=\"\" data-start=\"758\" data-end=\"797\"><strong data-start=\"758\" data-end=\"795\">2. Hiposp\u00e1dia distal e glanular<\/strong><\/p>\n<ul data-start=\"798\" data-end=\"821\">\n<li class=\"\" data-start=\"798\" data-end=\"821\">\n<p class=\"\" data-start=\"800\" data-end=\"821\">Unidades: HPT-2, HPT-3<\/p>\n<\/li>\n<\/ul>\n<p class=\"\" data-start=\"823\" data-end=\"865\"><strong data-start=\"823\" data-end=\"863\">3. Hiposp\u00e1dia proximal (Penoscrotal)<\/strong><\/p>\n<ul data-start=\"866\" data-end=\"880\">\n<li class=\"\" data-start=\"866\" data-end=\"880\">\n<p class=\"\" data-start=\"868\" data-end=\"880\">C\u00f3digo: 3676<\/p>\n<\/li>\n<\/ul>\n<p class=\"\" data-start=\"882\" data-end=\"925\"><strong data-start=\"882\" data-end=\"923\">4. Hiposp\u00e1dia do p\u00eanis distal do eixo m\u00e9dio<\/strong><\/p>\n<ul data-start=\"926\" data-end=\"949\">\n<li class=\"\" data-start=\"926\" data-end=\"949\">\n<p class=\"\" data-start=\"928\" data-end=\"949\">Unidades: HPT-7, HPT-8<\/p>\n<\/li>\n<\/ul>\n","protected":false},"excerpt":{"rendered":"<p>O <strong data-start=\"55\" data-end=\"83\">HTP (Hypospadia Trainer)<\/strong> \u00e9 um simulador cir\u00fargico para a pr\u00e1tica de <strong data-start=\"123\" data-end=\"148\">corre\u00e7\u00e3o de hiposp\u00e1dia<\/strong> em crian\u00e7as. Ele inclui 8 unidades intercambi\u00e1veis que simulam diferentes malforma\u00e7\u00f5es uretrais, como <strong data-start=\"321\" data-end=\"346\">hiposp\u00e1dia<\/strong> <strong data-start=\"250\" data-end=\"260\">distal<\/strong>, <strong data-start=\"262\" data-end=\"274\" data-is-only-node=\"\">glanular<\/strong>, <strong data-start=\"276\" data-end=\"287\">coronal<\/strong>, <strong data-start=\"289\" data-end=\"315\">proximal (penoscrotal)<\/strong> e <strong data-start=\"321\" data-end=\"346\">do eixo m\u00e9dio<\/strong>. Compat\u00edvel com instrumentos cir\u00fargicos reais, o HTP permite um treinamento realista e uma t\u00e9cnica cir\u00fargica aprimorada.  <\/p>\n","protected":false},"featured_media":4595,"comment_status":"open","ping_status":"closed","template":"","meta":[],"product_brand":[1153],"product_cat":[87,1038,810],"product_tag":[1064,1062,1074,1067,1071,1078,1082,1060,1059,1061],"class_list":{"0":"post-4593","1":"product","2":"type-product","3":"status-publish","4":"has-post-thumbnail","6":"product_brand-pro-delphus-pt-br","7":"product_cat-anatomia-normal-patologica","8":"product_cat-enfermagem","9":"product_cat-pediatria","10":"product_tag-hipospadia-coronal","11":"product_tag-hipospadia-distal","12":"product_tag-hipospadia-do-meio-do-eixo","13":"product_tag-hipospadia-glanular","14":"product_tag-hipospadia-penoscrotal","15":"product_tag-malformacao-uretral","16":"product_tag-modelo-anatomico","17":"product_tag-penis-infantil","18":"product_tag-simulador-de-hipospadia","19":"product_tag-urologia-pediatrica","21":"first","22":"instock","23":"shipping-taxable","24":"purchasable","25":"product-type-simple"},"_links":{"self":[{"href":"https:\/\/prodelphus.com.br\/pt-br\/wp-json\/wp\/v2\/product\/4593","targetHints":{"allow":["GET"]}}],"collection":[{"href":"https:\/\/prodelphus.com.br\/pt-br\/wp-json\/wp\/v2\/product"}],"about":[{"href":"https:\/\/prodelphus.com.br\/pt-br\/wp-json\/wp\/v2\/types\/product"}],"replies":[{"embeddable":true,"href":"https:\/\/prodelphus.com.br\/pt-br\/wp-json\/wp\/v2\/comments?post=4593"}],"wp:featuredmedia":[{"embeddable":true,"href":"https:\/\/prodelphus.com.br\/pt-br\/wp-json\/wp\/v2\/media\/4595"}],"wp:attachment":[{"href":"https:\/\/prodelphus.com.br\/pt-br\/wp-json\/wp\/v2\/media?parent=4593"}],"wp:term":[{"taxonomy":"product_brand","embeddable":true,"href":"https:\/\/prodelphus.com.br\/pt-br\/wp-json\/wp\/v2\/product_brand?post=4593"},{"taxonomy":"product_cat","embeddable":true,"href":"https:\/\/prodelphus.com.br\/pt-br\/wp-json\/wp\/v2\/product_cat?post=4593"},{"taxonomy":"product_tag","embeddable":true,"href":"https:\/\/prodelphus.com.br\/pt-br\/wp-json\/wp\/v2\/product_tag?post=4593"}],"curies":[{"name":"wp","href":"https:\/\/api.w.org\/{rel}","templated":true}]}}