{"id":4587,"date":"2025-04-08T21:54:50","date_gmt":"2025-04-09T00:54:50","guid":{"rendered":"https:\/\/prodelphus.com.br\/?post_type=product&#038;p=4587"},"modified":"2025-05-16T09:51:13","modified_gmt":"2025-05-16T12:51:13","slug":"simulador-anatomico-para-trajetorias-cardiacas","status":"publish","type":"product","link":"https:\/\/prodelphus.com.br\/pt-br\/produto\/simulador-anatomico-para-trajetorias-cardiacas\/","title":{"rendered":"Simulador anat\u00f4mico para trajet\u00f3rias card\u00edacas"},"content":{"rendered":"<p class=\"\" data-start=\"65\" data-end=\"118\"><strong data-start=\"65\" data-end=\"118\">SIMULADOR ANAT\u00d4MICO DE PATOLOGIAS CARD\u00cdACAS &#8211; LAB-COR<\/strong><\/p>\n<p class=\"\" data-start=\"120\" data-end=\"331\">O simulador <strong data-start=\"124\" data-end=\"135\">LAB-COR<\/strong> permite a visualiza\u00e7\u00e3o de quatro tipos diferentes de condi\u00e7\u00f5es card\u00edacas, auxiliando no ensino da anatomia do cora\u00e7\u00e3o e de patologias card\u00edacas. Os modelos representam as seguintes condi\u00e7\u00f5es: <\/p>\n<ul data-start=\"333\" data-end=\"555\">\n<li class=\"\" data-start=\"333\" data-end=\"368\">\n<p class=\"\" data-start=\"335\" data-end=\"368\"><strong data-start=\"335\" data-end=\"347\">LAB-COR1<\/strong> &#8211; <strong data-start=\"350\" data-end=\"366\">Cora\u00e7\u00e3o normal<\/strong><\/p>\n<\/li>\n<li class=\"\" data-start=\"369\" data-end=\"424\">\n<p class=\"\" data-start=\"371\" data-end=\"424\"><strong data-start=\"371\" data-end=\"383\">LAB-COR2<\/strong> &#8211; Cora\u00e7\u00e3o com <strong data-start=\"397\" data-end=\"422\">infarto do mioc\u00e1rdio<\/strong><\/p>\n<\/li>\n<li class=\"\" data-start=\"425\" data-end=\"497\">\n<p class=\"\" data-start=\"427\" data-end=\"497\"><strong data-start=\"427\" data-end=\"439\">LAB-COR3<\/strong> &#8211; Cora\u00e7\u00e3o com <strong data-start=\"453\" data-end=\"495\">infarto da ponta do ventr\u00edculo<\/strong><\/p>\n<\/li>\n<li class=\"\" data-start=\"498\" data-end=\"555\">\n<p class=\"\" data-start=\"500\" data-end=\"555\"><strong data-start=\"500\" data-end=\"512\">LAB-COR4<\/strong> &#8211; Cora\u00e7\u00e3o com <strong data-start=\"526\" data-end=\"553\">hipertrofia ventricular<\/strong><\/p>\n<\/li>\n<\/ul>\n<p class=\"\" data-start=\"557\" data-end=\"813\">O LAB-COR fornece uma representa\u00e7\u00e3o realista do tecido card\u00edaco sob essas condi\u00e7\u00f5es, oferecendo aos alunos uma compreens\u00e3o profunda de como o cora\u00e7\u00e3o responde a v\u00e1rias patologias. <strong data-start=\"741\" data-end=\"812\">A personaliza\u00e7\u00e3o com patologias adicionais est\u00e1 dispon\u00edvel mediante solicita\u00e7\u00e3o<\/strong>.<\/p>\n","protected":false},"excerpt":{"rendered":"<p><strong data-start=\"25\" data-end=\"36\">O LAB-COR<\/strong> \u00e9 um simulador anat\u00f4mico de cora\u00e7\u00e3o projetado para o ensino de anatomia e patologias card\u00edacas. Ele inclui modelos de um <strong data-start=\"149\" data-end=\"165\">cora\u00e7\u00e3o normal<\/strong>, <strong data-start=\"167\" data-end=\"192\">infarto do mioc\u00e1rdio<\/strong>, <strong data-start=\"194\" data-end=\"236\">infarto na ponta do ventr\u00edculo<\/strong> e <strong data-start=\"242\" data-end=\"269\">hipertrofia ventricular<\/strong>. O simulador oferece uma vis\u00e3o realista do tecido card\u00edaco e pode ser personalizado com patologias adicionais.  <\/p>\n","protected":false},"featured_media":4591,"comment_status":"open","ping_status":"closed","template":"","meta":[],"product_brand":[1153],"product_cat":[87,1070,723],"product_tag":[1087,1088,1083,1085,1079,1075,1020,1086],"class_list":{"0":"post-4587","1":"product","2":"type-product","3":"status-publish","4":"has-post-thumbnail","6":"product_brand-pro-delphus-pt-br","7":"product_cat-anatomia-normal-patologica","8":"product_cat-cardiologia","9":"product_cat-cirurgia-toracica","10":"product_tag-anatomia-do-coracao","11":"product_tag-cardiologia","12":"product_tag-hipertrofia-ventricular","13":"product_tag-infarto-do-coracao","14":"product_tag-infarto-do-miocardio","15":"product_tag-patologia-cardiaca","16":"product_tag-simulador-anatomico","17":"product_tag-simulador-cardiaco","19":"first","20":"instock","21":"shipping-taxable","22":"purchasable","23":"product-type-simple"},"_links":{"self":[{"href":"https:\/\/prodelphus.com.br\/pt-br\/wp-json\/wp\/v2\/product\/4587","targetHints":{"allow":["GET"]}}],"collection":[{"href":"https:\/\/prodelphus.com.br\/pt-br\/wp-json\/wp\/v2\/product"}],"about":[{"href":"https:\/\/prodelphus.com.br\/pt-br\/wp-json\/wp\/v2\/types\/product"}],"replies":[{"embeddable":true,"href":"https:\/\/prodelphus.com.br\/pt-br\/wp-json\/wp\/v2\/comments?post=4587"}],"wp:featuredmedia":[{"embeddable":true,"href":"https:\/\/prodelphus.com.br\/pt-br\/wp-json\/wp\/v2\/media\/4591"}],"wp:attachment":[{"href":"https:\/\/prodelphus.com.br\/pt-br\/wp-json\/wp\/v2\/media?parent=4587"}],"wp:term":[{"taxonomy":"product_brand","embeddable":true,"href":"https:\/\/prodelphus.com.br\/pt-br\/wp-json\/wp\/v2\/product_brand?post=4587"},{"taxonomy":"product_cat","embeddable":true,"href":"https:\/\/prodelphus.com.br\/pt-br\/wp-json\/wp\/v2\/product_cat?post=4587"},{"taxonomy":"product_tag","embeddable":true,"href":"https:\/\/prodelphus.com.br\/pt-br\/wp-json\/wp\/v2\/product_tag?post=4587"}],"curies":[{"name":"wp","href":"https:\/\/api.w.org\/{rel}","templated":true}]}}