{"id":4583,"date":"2025-04-08T21:49:27","date_gmt":"2025-04-09T00:49:27","guid":{"rendered":"https:\/\/prodelphus.com.br\/?post_type=product&#038;p=4583"},"modified":"2025-05-16T09:51:12","modified_gmt":"2025-05-16T12:51:12","slug":"simulador-anatomico-para-patologias-hepaticas","status":"publish","type":"product","link":"https:\/\/prodelphus.com.br\/pt-br\/produto\/simulador-anatomico-para-patologias-hepaticas\/","title":{"rendered":"Simulador anat\u00f4mico para patologias hep\u00e1ticas"},"content":{"rendered":"<p class=\"\" data-start=\"65\" data-end=\"108\"><strong data-start=\"65\" data-end=\"108\">SIMULADOR ANAT\u00d4MICO DE PATOLOGIAS HEP\u00c1TICAS<\/strong><\/p>\n<p class=\"\" data-start=\"110\" data-end=\"424\">O simulador <strong data-start=\"114\" data-end=\"125\">LAB-FIG<\/strong> oferece uma representa\u00e7\u00e3o altamente realista da forma, cor e anatomia do f\u00edgado, o que o torna uma excelente ferramenta para ensinar e ajudar os alunos a identificar v\u00e1rias patologias hep\u00e1ticas. Come\u00e7ando com um f\u00edgado anatomicamente normal, o simulador inclui amostras com as seguintes patologias: <\/p>\n<ul data-start=\"426\" data-end=\"609\">\n<li class=\"\" data-start=\"426\" data-end=\"477\">\n<p class=\"\" data-start=\"428\" data-end=\"477\"><strong data-start=\"428\" data-end=\"440\">LAB-FIG1<\/strong> &#8211; F\u00edgado normal sem patologias<\/p>\n<\/li>\n<li class=\"\" data-start=\"478\" data-end=\"521\">\n<p class=\"\" data-start=\"480\" data-end=\"521\"><strong data-start=\"480\" data-end=\"492\">LAB-FIG2<\/strong> &#8211; F\u00edgado com <strong data-start=\"506\" data-end=\"519\">cirrose<\/strong><\/p>\n<\/li>\n<li class=\"\" data-start=\"522\" data-end=\"565\">\n<p class=\"\" data-start=\"524\" data-end=\"565\"><strong data-start=\"524\" data-end=\"536\">LAB-FIG3<\/strong> &#8211; F\u00edgado com <strong data-start=\"550\" data-end=\"563\">esteatose<\/strong><\/p>\n<\/li>\n<li class=\"\" data-start=\"566\" data-end=\"609\">\n<p class=\"\" data-start=\"568\" data-end=\"609\"><strong data-start=\"568\" data-end=\"580\">LAB-FIG4<\/strong> &#8211; F\u00edgado com <strong data-start=\"594\" data-end=\"607\">carcinoma<\/strong><\/p>\n<\/li>\n<\/ul>\n<p class=\"\" data-start=\"611\" data-end=\"666\">Outras patologias hep\u00e1ticas podem ser personalizadas mediante solicita\u00e7\u00e3o.<\/p>\n","protected":false},"excerpt":{"rendered":"<p><strong data-start=\"0\" data-end=\"11\">O LAB-FIG<\/strong> \u00e9 um simulador anat\u00f4mico projetado para estudar patologias hep\u00e1ticas. Ele come\u00e7a com um <strong data-start=\"93\" data-end=\"109\" data-is-only-node=\"\">f\u00edgado normal<\/strong> e inclui modelos que mostram <strong data-start=\"138\" data-end=\"151\">cirrose<\/strong>, <strong data-start=\"153\" data-end=\"166\">esteatose<\/strong> e <strong data-start=\"172\" data-end=\"185\">carcinoma<\/strong>. O simulador oferece uma representa\u00e7\u00e3o realista da anatomia do f\u00edgado, auxiliando na identifica\u00e7\u00e3o e no ensino de doen\u00e7as hep\u00e1ticas. Patologias personalizadas est\u00e3o dispon\u00edveis mediante solicita\u00e7\u00e3o.   <\/p>\n","protected":false},"featured_media":4585,"comment_status":"open","ping_status":"closed","template":"","meta":[],"product_brand":[1153],"product_cat":[87,1065],"product_tag":[1081,1073,1084,1077,1069,1020],"class_list":{"0":"post-4583","1":"product","2":"type-product","3":"status-publish","4":"has-post-thumbnail","6":"product_brand-pro-delphus-pt-br","7":"product_cat-anatomia-normal-patologica","8":"product_cat-figado","9":"product_tag-carcinoma-hepatico","10":"product_tag-cirrose","11":"product_tag-doencas-hepaticas","12":"product_tag-esteatose","13":"product_tag-patologia-hepatica","14":"product_tag-simulador-anatomico","16":"first","17":"instock","18":"shipping-taxable","19":"purchasable","20":"product-type-simple"},"_links":{"self":[{"href":"https:\/\/prodelphus.com.br\/pt-br\/wp-json\/wp\/v2\/product\/4583","targetHints":{"allow":["GET"]}}],"collection":[{"href":"https:\/\/prodelphus.com.br\/pt-br\/wp-json\/wp\/v2\/product"}],"about":[{"href":"https:\/\/prodelphus.com.br\/pt-br\/wp-json\/wp\/v2\/types\/product"}],"replies":[{"embeddable":true,"href":"https:\/\/prodelphus.com.br\/pt-br\/wp-json\/wp\/v2\/comments?post=4583"}],"wp:featuredmedia":[{"embeddable":true,"href":"https:\/\/prodelphus.com.br\/pt-br\/wp-json\/wp\/v2\/media\/4585"}],"wp:attachment":[{"href":"https:\/\/prodelphus.com.br\/pt-br\/wp-json\/wp\/v2\/media?parent=4583"}],"wp:term":[{"taxonomy":"product_brand","embeddable":true,"href":"https:\/\/prodelphus.com.br\/pt-br\/wp-json\/wp\/v2\/product_brand?post=4583"},{"taxonomy":"product_cat","embeddable":true,"href":"https:\/\/prodelphus.com.br\/pt-br\/wp-json\/wp\/v2\/product_cat?post=4583"},{"taxonomy":"product_tag","embeddable":true,"href":"https:\/\/prodelphus.com.br\/pt-br\/wp-json\/wp\/v2\/product_tag?post=4583"}],"curies":[{"name":"wp","href":"https:\/\/api.w.org\/{rel}","templated":true}]}}