{"id":4579,"date":"2025-04-08T21:43:45","date_gmt":"2025-04-09T00:43:45","guid":{"rendered":"https:\/\/prodelphus.com.br\/?post_type=product&#038;p=4579"},"modified":"2025-05-16T09:51:12","modified_gmt":"2025-05-16T12:51:12","slug":"simulador-anatomico-para-patologias-do-cranio-e-da-face","status":"publish","type":"product","link":"https:\/\/prodelphus.com.br\/pt-br\/produto\/simulador-anatomico-para-patologias-do-cranio-e-da-face\/","title":{"rendered":"Simulador anat\u00f4mico para patologias do cr\u00e2nio e da face"},"content":{"rendered":"<p class=\"\" data-start=\"65\" data-end=\"128\"><strong data-start=\"65\" data-end=\"128\">SIMULADOR ANAT\u00d4MICO PARA PATOLOGIAS DO CR\u00c2NIO E DA FACE &#8211; LAB-MAX<\/strong><\/p>\n<p class=\"\" data-start=\"130\" data-end=\"161\"><strong data-start=\"130\" data-end=\"161\">LAB-MAX1 &#8211; Cabe\u00e7ote de exame<\/strong><\/p>\n<p class=\"\" data-start=\"163\" data-end=\"440\">O <strong data-start=\"167\" data-end=\"200\">Simulador Pro Delphus LAB-MAX<\/strong> \u00e9 um modelo detalhado projetado para permitir que os alunos examinem minuciosamente <strong data-start=\"270\" data-end=\"281\">as les\u00f5es<\/strong> comumente encontradas em patologias do cr\u00e2nio e da face. Esse simulador, na forma de uma cabe\u00e7a com um <strong data-start=\"373\" data-end=\"382\">c\u00e9rebro<\/strong>, inclui duas <strong data-start=\"397\" data-end=\"413\">trepana\u00e7\u00f5es<\/strong> para diferentes patologias: <\/p>\n<ol data-start=\"442\" data-end=\"591\">\n<li class=\"\" data-start=\"442\" data-end=\"521\">\n<p class=\"\" data-start=\"445\" data-end=\"521\">Na primeira trepana\u00e7\u00e3o, o c\u00e9rebro apresenta <strong data-start=\"487\" data-end=\"520\">\u00e1rea de infarto, edema e co\u00e1gulo<\/strong>.<\/p>\n<\/li>\n<li class=\"\" data-start=\"522\" data-end=\"591\">\n<p class=\"\" data-start=\"525\" data-end=\"591\">No segundo, demonstra <strong data-start=\"556\" data-end=\"590\">necrose liquefativa purulenta<\/strong>.<\/p>\n<\/li>\n<\/ol>\n<p class=\"\" data-start=\"593\" data-end=\"845\">Al\u00e9m disso, o modelo permite um <strong data-start=\"629\" data-end=\"644\">exame da l\u00edngua<\/strong>, revelando um <strong data-start=\"658\" data-end=\"671\">carcinoma<\/strong> com envolvimento da <strong data-start=\"696\" data-end=\"725\">cadeia ganglionar cervical<\/strong> (incluindo <strong data-start=\"737\" data-end=\"810\">linfonodos cervicais, submandibulares e submentais de diferentes tamanhos<\/strong>) e uma <strong data-start=\"818\" data-end=\"844\">les\u00e3o labial herp\u00e9tica<\/strong>.<\/p>\n<p class=\"\" data-start=\"847\" data-end=\"923\">Outras patologias podem ser personalizadas. <strong data-start=\"884\" data-end=\"922\">Consulte-nos sobre as possibilidades<\/strong>.<\/p>\n","protected":false},"excerpt":{"rendered":"<p><strong data-start=\"0\" data-end=\"11\">O LAB-MAX<\/strong> \u00e9 um simulador anat\u00f4mico projetado para estudar patologias do cr\u00e2nio e da face. O modelo apresenta uma cabe\u00e7a de exame com duas trepana\u00e7\u00f5es que mostram infartos cerebrais, edema, co\u00e1gulo e necrose liquefativa purulenta. Ele tamb\u00e9m permite o exame da l\u00edngua, revelando <strong data-start=\"271\" data-end=\"284\" data-is-only-node=\"\">carcinoma<\/strong> e <strong data-start=\"289\" data-end=\"316\">les\u00f5es labiais herp\u00e9ticas<\/strong>. Patologias personaliz\u00e1veis est\u00e3o dispon\u00edveis para aprimorar o aprendizado.   <\/p>\n","protected":false},"featured_media":4581,"comment_status":"open","ping_status":"closed","template":"","meta":[],"product_brand":[1153],"product_cat":[87],"product_tag":[1097,1095,1094,1102,1093,1101,1098,1099,1100,1096,1091,1092,1020],"class_list":{"0":"post-4579","1":"product","2":"type-product","3":"status-publish","4":"has-post-thumbnail","6":"product_brand-pro-delphus-pt-br","7":"product_cat-anatomia-normal-patologica","8":"product_tag-carcinoma-pt-br","9":"product_tag-coagulo","10":"product_tag-edema-pt-br","11":"product_tag-exame-da-lingua","12":"product_tag-infarto-cerebral","13":"product_tag-lesao-herpetica","14":"product_tag-linfonodos-cervicais","15":"product_tag-linfonodos-submandibulares","16":"product_tag-linfonodos-submentais","17":"product_tag-necrose-liquefativa","18":"product_tag-patologia-do-cranio","19":"product_tag-patologia-facial","20":"product_tag-simulador-anatomico","22":"first","23":"instock","24":"shipping-taxable","25":"purchasable","26":"product-type-simple"},"_links":{"self":[{"href":"https:\/\/prodelphus.com.br\/pt-br\/wp-json\/wp\/v2\/product\/4579","targetHints":{"allow":["GET"]}}],"collection":[{"href":"https:\/\/prodelphus.com.br\/pt-br\/wp-json\/wp\/v2\/product"}],"about":[{"href":"https:\/\/prodelphus.com.br\/pt-br\/wp-json\/wp\/v2\/types\/product"}],"replies":[{"embeddable":true,"href":"https:\/\/prodelphus.com.br\/pt-br\/wp-json\/wp\/v2\/comments?post=4579"}],"wp:featuredmedia":[{"embeddable":true,"href":"https:\/\/prodelphus.com.br\/pt-br\/wp-json\/wp\/v2\/media\/4581"}],"wp:attachment":[{"href":"https:\/\/prodelphus.com.br\/pt-br\/wp-json\/wp\/v2\/media?parent=4579"}],"wp:term":[{"taxonomy":"product_brand","embeddable":true,"href":"https:\/\/prodelphus.com.br\/pt-br\/wp-json\/wp\/v2\/product_brand?post=4579"},{"taxonomy":"product_cat","embeddable":true,"href":"https:\/\/prodelphus.com.br\/pt-br\/wp-json\/wp\/v2\/product_cat?post=4579"},{"taxonomy":"product_tag","embeddable":true,"href":"https:\/\/prodelphus.com.br\/pt-br\/wp-json\/wp\/v2\/product_tag?post=4579"}],"curies":[{"name":"wp","href":"https:\/\/api.w.org\/{rel}","templated":true}]}}