{"id":4575,"date":"2025-04-08T21:36:43","date_gmt":"2025-04-09T00:36:43","guid":{"rendered":"https:\/\/prodelphus.com.br\/?post_type=product&#038;p=4575"},"modified":"2025-05-16T09:51:12","modified_gmt":"2025-05-16T12:51:12","slug":"simulador-anatomico-para-visceras-abdominais","status":"publish","type":"product","link":"https:\/\/prodelphus.com.br\/pt-br\/produto\/simulador-anatomico-para-visceras-abdominais\/","title":{"rendered":"Simulador anat\u00f4mico para v\u00edsceras abdominais"},"content":{"rendered":"<p class=\"\" data-start=\"65\" data-end=\"136\"><strong data-start=\"65\" data-end=\"136\">SIMULADOR ANAT\u00d4MICO E PATOL\u00d3GICO &#8211; V\u00cdSCERAS ABDOMINAIS &#8211; LAB-VIN<\/strong><\/p>\n<p class=\"\" data-start=\"138\" data-end=\"516\">O <strong data-start=\"142\" data-end=\"153\">LAB-VIN<\/strong> \u00e9 um <strong data-start=\"173\" data-end=\"202\">sistema visceral abdominal<\/strong> abrangente apresentado em uma <strong data-start=\"219\" data-end=\"234\">caixa de acr\u00edlico<\/strong> com uma <strong data-start=\"242\" data-end=\"261\">tampa incolor<\/strong>, projetado para o <strong data-start=\"276\" data-end=\"298\">estudo e o ensino<\/strong> da anatomia abdominal e de v\u00e1rias patologias. Ele permite que os instrutores demonstrem como funciona a <strong data-start=\"398\" data-end=\"419\">anatomia abdominal<\/strong> geral e, ao mesmo tempo, possibilita a introdu\u00e7\u00e3o de <strong data-start=\"471\" data-end=\"497\">patologias personalizadas<\/strong> para estudo posterior. <\/p>\n<p class=\"\" data-start=\"518\" data-end=\"541\"><strong data-start=\"518\" data-end=\"541\">Componentes LAB-VIN:<\/strong><\/p>\n<ul data-start=\"543\" data-end=\"598\">\n<li class=\"\" data-start=\"543\" data-end=\"573\">\n<p class=\"\" data-start=\"545\" data-end=\"573\"><strong data-start=\"545\" data-end=\"571\">Caixa de exposi\u00e7\u00e3o em acr\u00edlico<\/strong><\/p>\n<\/li>\n<li class=\"\" data-start=\"574\" data-end=\"598\">\n<p class=\"\" data-start=\"576\" data-end=\"598\"><strong data-start=\"576\" data-end=\"596\">Abd\u00f4men completo<\/strong><\/p>\n<\/li>\n<\/ul>\n<p class=\"\" data-start=\"600\" data-end=\"742\">O <strong data-start=\"604\" data-end=\"615\">LAB-VIN<\/strong> foi projetado para exibir a anatomia geral do abdome e pode ser personalizado para demonstrar v\u00e1rias patologias, como<\/p>\n<ul data-start=\"743\" data-end=\"898\">\n<li class=\"\" data-start=\"743\" data-end=\"775\">\n<p class=\"\" data-start=\"745\" data-end=\"775\"><strong data-start=\"745\" data-end=\"773\">\u00dalcera g\u00e1strica perfurada<\/strong><\/p>\n<\/li>\n<li class=\"\" data-start=\"776\" data-end=\"810\">\n<p class=\"\" data-start=\"778\" data-end=\"810\"><strong data-start=\"778\" data-end=\"808\">Colecistite com c\u00e1lculos<\/strong><\/p>\n<\/li>\n<li class=\"\" data-start=\"811\" data-end=\"831\">\n<p class=\"\" data-start=\"813\" data-end=\"831\"><strong data-start=\"813\" data-end=\"829\">Apendicite<\/strong><\/p>\n<\/li>\n<li class=\"\" data-start=\"832\" data-end=\"861\">\n<p class=\"\" data-start=\"834\" data-end=\"861\"><strong data-start=\"834\" data-end=\"859\">Tumor de c\u00f3lon ascendente<\/strong><\/p>\n<\/li>\n<li class=\"\" data-start=\"862\" data-end=\"898\">\n<p class=\"\" data-start=\"864\" data-end=\"898\"><strong data-start=\"864\" data-end=\"896\">Necrose mesent\u00e9rica e de al\u00e7a<\/strong><\/p>\n<\/li>\n<\/ul>\n<p class=\"\" data-start=\"900\" data-end=\"1027\">Outras condi\u00e7\u00f5es podem ser personalizadas conforme a necessidade do instrutor m\u00e9dico, proporcionando uma ferramenta vers\u00e1til e pr\u00e1tica para o ensino.<\/p>\n","protected":false},"excerpt":{"rendered":"<p><strong data-start=\"55\" data-end=\"66\">O LAB-VIN<\/strong> \u00e9 um simulador anat\u00f4mico e patol\u00f3gico projetado para o estudo das v\u00edsceras abdominais. Alojado em uma caixa de acr\u00edlico, ele permite que os instrutores ensinem anatomia abdominal geral e introduzam patologias personaliz\u00e1veis, incluindo \u00falceras g\u00e1stricas perfuradas, colecistite com c\u00e1lculos, apendicite e tumores. Ideal para treinamento m\u00e9dico pr\u00e1tico e demonstra\u00e7\u00e3o de patologia.  <\/p>\n","protected":false},"featured_media":4577,"comment_status":"open","ping_status":"closed","template":"","meta":[],"product_brand":[1153],"product_cat":[87,1103],"product_tag":[1107,1109,1108,1111,1020,1105,1113,1110,1021,1104],"class_list":{"0":"post-4575","1":"product","2":"type-product","3":"status-publish","4":"has-post-thumbnail","6":"product_brand-pro-delphus-pt-br","7":"product_cat-anatomia-normal-patologica","8":"product_cat-anatomia-visceral","9":"product_tag-anatomia-abdominal","10":"product_tag-apendicite","11":"product_tag-colecistite","12":"product_tag-necrose-mesenterica","13":"product_tag-simulador-anatomico","14":"product_tag-simulador-de-patologia","15":"product_tag-sistema-visceral","16":"product_tag-tumor-de-colon","17":"product_tag-ulcera-gastrica","18":"product_tag-visceras-abdominais","20":"first","21":"instock","22":"shipping-taxable","23":"purchasable","24":"product-type-simple"},"_links":{"self":[{"href":"https:\/\/prodelphus.com.br\/pt-br\/wp-json\/wp\/v2\/product\/4575","targetHints":{"allow":["GET"]}}],"collection":[{"href":"https:\/\/prodelphus.com.br\/pt-br\/wp-json\/wp\/v2\/product"}],"about":[{"href":"https:\/\/prodelphus.com.br\/pt-br\/wp-json\/wp\/v2\/types\/product"}],"replies":[{"embeddable":true,"href":"https:\/\/prodelphus.com.br\/pt-br\/wp-json\/wp\/v2\/comments?post=4575"}],"wp:featuredmedia":[{"embeddable":true,"href":"https:\/\/prodelphus.com.br\/pt-br\/wp-json\/wp\/v2\/media\/4577"}],"wp:attachment":[{"href":"https:\/\/prodelphus.com.br\/pt-br\/wp-json\/wp\/v2\/media?parent=4575"}],"wp:term":[{"taxonomy":"product_brand","embeddable":true,"href":"https:\/\/prodelphus.com.br\/pt-br\/wp-json\/wp\/v2\/product_brand?post=4575"},{"taxonomy":"product_cat","embeddable":true,"href":"https:\/\/prodelphus.com.br\/pt-br\/wp-json\/wp\/v2\/product_cat?post=4575"},{"taxonomy":"product_tag","embeddable":true,"href":"https:\/\/prodelphus.com.br\/pt-br\/wp-json\/wp\/v2\/product_tag?post=4575"}],"curies":[{"name":"wp","href":"https:\/\/api.w.org\/{rel}","templated":true}]}}