{"id":4571,"date":"2025-04-08T21:14:30","date_gmt":"2025-04-09T00:14:30","guid":{"rendered":"https:\/\/prodelphus.com.br\/?post_type=product&#038;p=4571"},"modified":"2025-05-16T09:51:12","modified_gmt":"2025-05-16T12:51:12","slug":"max-atm-para-artroscopia-da-atm","status":"publish","type":"product","link":"https:\/\/prodelphus.com.br\/pt-br\/produto\/max-atm-para-artroscopia-da-atm\/","title":{"rendered":"MAX ATM para artroscopia da ATM"},"content":{"rendered":"<div>\n<p class=\"\" data-start=\"111\" data-end=\"181\"><strong data-start=\"111\" data-end=\"181\">MAX-ATM &#8211; Simulador para cirurgia endosc\u00f3pica da articula\u00e7\u00e3o temporomandibular<\/strong><\/p>\n<p class=\"\" data-start=\"183\" data-end=\"606\">Conhe\u00e7a o <strong data-start=\"199\" data-end=\"232\">realismo anat\u00f4mico e cir\u00fargico<\/strong> de um simulador MAX. O <strong data-start=\"257\" data-end=\"278\">simulador MAX-ATM<\/strong> foi projetado e desenvolvido pela <strong data-start=\"309\" data-end=\"324\">Pro Delphus<\/strong> para treinamento em <strong data-start=\"341\" data-end=\"375\">interven\u00e7\u00f5es artrosc\u00f3picas da ATM<\/strong>. Ele apresenta a <strong data-start=\"393\" data-end=\"444\">anatomia interna da articula\u00e7\u00e3o temporomandibular<\/strong> no <strong data-start=\"452\" data-end=\"476\">lado direito de uma face<\/strong>, com a possibilidade de <strong data-start=\"502\" data-end=\"529\">personalizar patologias<\/strong>, como <strong data-start=\"539\" data-end=\"588\">p\u00f3lipos, ader\u00eancias, descolamento de disco, sinovite<\/strong> e muitas outras.  <\/p>\n<p class=\"\" data-start=\"608\" data-end=\"830\">As <strong data-start=\"612\" data-end=\"638\">unidades cir\u00fargicas MAX-ATM<\/strong> s\u00e3o descart\u00e1veis <strong data-start=\"643\" data-end=\"673\">e substitu\u00edveis<\/strong>, consistindo em uma <strong data-start=\"691\" data-end=\"738\">meia cabe\u00e7a masculina com cavidade oral articulada<\/strong>. Ela permite a <strong data-start=\"750\" data-end=\"776\">endoscopia da articula\u00e7\u00e3o<\/strong> seguindo os <strong data-start=\"791\" data-end=\"829\">padr\u00f5es exigidos pela cirurgia real<\/strong>. <\/p>\n<p class=\"\" data-start=\"832\" data-end=\"1046\">O simulador usa a <strong data-start=\"855\" data-end=\"878\">base de suporte MAX-0A<\/strong>, uma <strong data-start=\"883\" data-end=\"932\">estrutura de acr\u00edlico em formato de placa inclinada<\/strong>, que \u00e9 <strong data-start=\"943\" data-end=\"955\">reutiliz\u00e1vel<\/strong> ap\u00f3s a substitui\u00e7\u00e3o da unidade cir\u00fargica.<br data-start=\"999\" data-end=\"1002\"><strong data-start=\"1002\" data-end=\"1046\">Base de acr\u00edlico &#8211; C\u00f3digo 1474 &#8211; Modelo: MAX-0A<\/strong><\/p>\n<p class=\"\" data-start=\"1048\" data-end=\"1233\"><strong data-start=\"1048\" data-end=\"1078\">Os componentes e pe\u00e7as sobressalentes<\/strong> incluem a <strong data-start=\"1091\" data-end=\"1117\">unidade cir\u00fargica anat\u00f4mica<\/strong>, projetada especificamente para acesso e treinamento endosc\u00f3pico.<br data-start=\"1176\" data-end=\"1179\"><strong data-start=\"1179\" data-end=\"1233\">Unidade cir\u00fargica anat\u00f4mica &#8211; C\u00f3digo 1421 &#8211; Modelo: MAX-1A<\/strong><\/p>\n<p class=\"\" data-start=\"1235\" data-end=\"1276\"><strong data-start=\"1235\" data-end=\"1275\">Op\u00e7\u00f5es para unidades cir\u00fargicas &#8211; MAX-ATM<\/strong>:<\/p>\n<ul data-start=\"1278\" data-end=\"1618\">\n<li class=\"\" data-start=\"1278\" data-end=\"1424\">\n<p class=\"\" data-start=\"1280\" data-end=\"1424\"><strong data-start=\"1280\" data-end=\"1299\">MAX-1A ANATOMIC<\/strong>: projetado para acesso artrosc\u00f3pico da articula\u00e7\u00e3o temporomandibular. Permite a <strong data-start=\"1385\" data-end=\"1423\">identifica\u00e7\u00e3o<\/strong> precisa <strong data-start=\"1385\" data-end=\"1423\">de pontos anat\u00f4micos<\/strong>. <\/p>\n<\/li>\n<li class=\"\" data-start=\"1428\" data-end=\"1618\">\n<p class=\"\" data-start=\"1430\" data-end=\"1618\"><strong data-start=\"1430\" data-end=\"1452\">PATOLOGIAS MAX-1P<\/strong>: Pode ser <strong data-start=\"1461\" data-end=\"1475\">personalizado<\/strong> com uma variedade de <strong data-start=\"1494\" data-end=\"1509\">patologias<\/strong>, incluindo <strong data-start=\"1521\" data-end=\"1603\">p\u00f3lipos, descolamento e deslocamento de disco, sinovite, les\u00f5es articulares, ader\u00eancias<\/strong>, entre outras.<\/p>\n<\/li>\n<\/ul>\n<h3 data-start=\"0\" data-end=\"81\"><\/h3>\n<\/div>\n<p data-start=\"2145\" data-end=\"2437\">\n","protected":false},"excerpt":{"rendered":"<p><strong data-start=\"82\" data-end=\"93\">O MAX-ATM<\/strong> \u00e9 um simulador de alta fidelidade desenvolvido pela <strong data-start=\"136\" data-end=\"151\">Pro Delphus<\/strong> para treinamento em <strong data-start=\"168\" data-end=\"220\">cirurgia endosc\u00f3pica da articula\u00e7\u00e3o temporomandibular (ATM)<\/strong>. Ele apresenta anatomia realista da <strong data-start=\"259\" data-end=\"272\">ATM direita<\/strong>, com patologias personaliz\u00e1veis, como <strong data-start=\"312\" data-end=\"350\" data-is-only-node=\"\">p\u00f3lipos, ader\u00eancias, descolamento de disco<\/strong> e <strong data-start=\"356\" data-end=\"369\">sinovite<\/strong>. O sistema inclui uma <strong data-start=\"405\" data-end=\"437\">unidade cir\u00fargica de meia cabe\u00e7a masculina<\/strong> substitu\u00edvel e uma <strong data-start=\"453\" data-end=\"469\">base de acr\u00edlico<\/strong> reutiliz\u00e1vel, proporcionando uma <strong data-start=\"494\" data-end=\"530\">experi\u00eancia<\/strong> aut\u00eantica <strong data-start=\"494\" data-end=\"530\">de treinamento artrosc\u00f3pico<\/strong>.  <\/p>\n","protected":false},"featured_media":4573,"comment_status":"open","ping_status":"closed","template":"","meta":[],"product_brand":[1153],"product_cat":[1115,635],"product_tag":[1118,1117,1116,638,640,94,1120,1119],"class_list":{"0":"post-4571","1":"product","2":"type-product","3":"status-publish","4":"has-post-thumbnail","6":"product_brand-pro-delphus-pt-br","7":"product_cat-cirurgia-da-atm","8":"product_cat-bucomaxilofacial","9":"product_tag-articulacao-temporomandibular","10":"product_tag-cirurgia-de-tmj","11":"product_tag-cirurgia-endoscopica","12":"product_tag-cirurgia-maxilofacial","13":"product_tag-cirurgia-oral","14":"product_tag-patologias","15":"product_tag-polipos","16":"product_tag-simulador-artroscopico","18":"first","19":"instock","20":"shipping-taxable","21":"purchasable","22":"product-type-simple"},"_links":{"self":[{"href":"https:\/\/prodelphus.com.br\/pt-br\/wp-json\/wp\/v2\/product\/4571","targetHints":{"allow":["GET"]}}],"collection":[{"href":"https:\/\/prodelphus.com.br\/pt-br\/wp-json\/wp\/v2\/product"}],"about":[{"href":"https:\/\/prodelphus.com.br\/pt-br\/wp-json\/wp\/v2\/types\/product"}],"replies":[{"embeddable":true,"href":"https:\/\/prodelphus.com.br\/pt-br\/wp-json\/wp\/v2\/comments?post=4571"}],"wp:featuredmedia":[{"embeddable":true,"href":"https:\/\/prodelphus.com.br\/pt-br\/wp-json\/wp\/v2\/media\/4573"}],"wp:attachment":[{"href":"https:\/\/prodelphus.com.br\/pt-br\/wp-json\/wp\/v2\/media?parent=4571"}],"wp:term":[{"taxonomy":"product_brand","embeddable":true,"href":"https:\/\/prodelphus.com.br\/pt-br\/wp-json\/wp\/v2\/product_brand?post=4571"},{"taxonomy":"product_cat","embeddable":true,"href":"https:\/\/prodelphus.com.br\/pt-br\/wp-json\/wp\/v2\/product_cat?post=4571"},{"taxonomy":"product_tag","embeddable":true,"href":"https:\/\/prodelphus.com.br\/pt-br\/wp-json\/wp\/v2\/product_tag?post=4571"}],"curies":[{"name":"wp","href":"https:\/\/api.w.org\/{rel}","templated":true}]}}