{"id":4528,"date":"2025-04-07T10:49:33","date_gmt":"2025-04-07T13:49:33","guid":{"rendered":"https:\/\/prodelphus.com.br\/?post_type=product&#038;p=4528"},"modified":"2025-05-16T09:51:12","modified_gmt":"2025-05-16T12:51:12","slug":"simulador-de-amamentacao-e-autoexame","status":"publish","type":"product","link":"https:\/\/prodelphus.com.br\/pt-br\/produto\/simulador-de-amamentacao-e-autoexame\/","title":{"rendered":"Simulador de amamenta\u00e7\u00e3o e autoexame"},"content":{"rendered":"<h3 class=\"\" data-start=\"103\" data-end=\"120\"><strong data-start=\"107\" data-end=\"118\">LAB-MMT<\/strong><\/h3>\n<p class=\"\" data-start=\"121\" data-end=\"232\"><strong data-start=\"121\" data-end=\"189\">Simulador para autoexame das mamas e orienta\u00e7\u00e3o sobre amamenta\u00e7\u00e3o<\/strong><br data-start=\"189\" data-end=\"192\"><strong data-start=\"192\" data-end=\"232\">Por Pro Delphus &#8211; Simuladores cir\u00fargicos<\/strong><\/p>\n<p class=\"\" data-start=\"261\" data-end=\"498\">O simulador <strong data-start=\"265\" data-end=\"276\">LAB-MMT<\/strong> foi projetado para ensinar t\u00e9cnicas de autoexame das mamas e orientar pr\u00e1ticas adequadas de amamenta\u00e7\u00e3o. Ele apresenta uma unidade anat\u00f4mica de mama integrada a um colete vest\u00edvel, permitindo um treinamento pr\u00e1tico e realista. <\/p>\n<p class=\"\" data-start=\"500\" data-end=\"524\">Esse modelo \u00e9 ideal para voc\u00ea:<\/p>\n<ul data-start=\"525\" data-end=\"707\">\n<li class=\"\" data-start=\"525\" data-end=\"622\">\n<p class=\"\" data-start=\"527\" data-end=\"622\">Educar as pessoas sobre <strong data-start=\"552\" data-end=\"581\">como realizar autoexames<\/strong> para detectar sinais precoces de c\u00e2ncer de mama<\/p>\n<\/li>\n<li class=\"\" data-start=\"623\" data-end=\"707\">\n<p class=\"\" data-start=\"625\" data-end=\"707\">Instruir <strong data-start=\"637\" data-end=\"671\">m\u00e3es gr\u00e1vidas e lactantes<\/strong> sobre as t\u00e9cnicas corretas de amamenta\u00e7\u00e3o<\/p>\n<\/li>\n<\/ul>\n<p class=\"\" data-start=\"709\" data-end=\"890\">O simulador pode ser <strong data-start=\"730\" data-end=\"744\">personalizado<\/strong> com a inser\u00e7\u00e3o de tumores e outras patologias relacionadas \u00e0 mama, tornando-o adequado tanto para a educa\u00e7\u00e3o preventiva em sa\u00fade quanto para o treinamento cl\u00ednico.<\/p>\n<h4 class=\"\" data-start=\"897\" data-end=\"919\"><strong data-start=\"902\" data-end=\"919\">Principais recursos:<\/strong><\/h4>\n<ul data-start=\"920\" data-end=\"1112\">\n<li class=\"\" data-start=\"920\" data-end=\"965\">\n<p class=\"\" data-start=\"922\" data-end=\"965\">Colete vest\u00edvel com unidade anat\u00f4mica de mama<\/p>\n<\/li>\n<li class=\"\" data-start=\"966\" data-end=\"1015\">\n<p class=\"\" data-start=\"968\" data-end=\"1015\">Permite a simula\u00e7\u00e3o do autoexame das mamas<\/p>\n<\/li>\n<li class=\"\" data-start=\"1016\" data-end=\"1061\">\n<p class=\"\" data-start=\"1018\" data-end=\"1061\">Apoia o treinamento da t\u00e9cnica de amamenta\u00e7\u00e3o<\/p>\n<\/li>\n<li class=\"\" data-start=\"1062\" data-end=\"1112\">\n<p class=\"\" data-start=\"1064\" data-end=\"1112\">Personaliz\u00e1vel com tumores e outras patologias<\/p>\n<\/li>\n<\/ul>\n","protected":false},"excerpt":{"rendered":"<p><strong data-start=\"1157\" data-end=\"1168\">O LAB-MMT<\/strong> \u00e9 um simulador vest\u00edvel projetado para ensinar t\u00e9cnicas de autoexame das mamas e amamenta\u00e7\u00e3o. Com uma unidade de mama anat\u00f4mica realista, ele pode ser personalizado com tumores e patologias, o que o torna uma ferramenta valiosa para programas de educa\u00e7\u00e3o em sa\u00fade e treinamento materno. <\/p>\n","protected":false},"featured_media":4535,"comment_status":"open","ping_status":"closed","template":"","meta":[],"product_brand":[1153],"product_cat":[87,1038,610,612,539],"product_tag":[1106,625,615,626,103,614,620,618,617,624,623,616],"class_list":{"0":"post-4528","1":"product","2":"type-product","3":"status-publish","4":"has-post-thumbnail","6":"product_brand-pro-delphus-pt-br","7":"product_cat-anatomia-normal-patologica","8":"product_cat-enfermagem","9":"product_cat-mamoplastia","10":"product_cat-oncoplastico","11":"product_cat-ultrassom","12":"product_tag-amamentacao","13":"product_tag-aspiracao-de-cisto","14":"product_tag-cirurgia-de-mama","15":"product_tag-disseccao-de-linfonodos","16":"product_tag-mama","17":"product_tag-mamoplastia","18":"product_tag-mastopexia","19":"product_tag-procedimentos-guiados-por-ultrassom","20":"product_tag-treinamento-em-biopsia","21":"product_tag-treinamento-em-carcinoma","22":"product_tag-treinamento-em-fibroadenoma","23":"product_tag-treinamento-em-mastologia","25":"first","26":"instock","27":"shipping-taxable","28":"purchasable","29":"product-type-simple"},"_links":{"self":[{"href":"https:\/\/prodelphus.com.br\/pt-br\/wp-json\/wp\/v2\/product\/4528","targetHints":{"allow":["GET"]}}],"collection":[{"href":"https:\/\/prodelphus.com.br\/pt-br\/wp-json\/wp\/v2\/product"}],"about":[{"href":"https:\/\/prodelphus.com.br\/pt-br\/wp-json\/wp\/v2\/types\/product"}],"replies":[{"embeddable":true,"href":"https:\/\/prodelphus.com.br\/pt-br\/wp-json\/wp\/v2\/comments?post=4528"}],"wp:featuredmedia":[{"embeddable":true,"href":"https:\/\/prodelphus.com.br\/pt-br\/wp-json\/wp\/v2\/media\/4535"}],"wp:attachment":[{"href":"https:\/\/prodelphus.com.br\/pt-br\/wp-json\/wp\/v2\/media?parent=4528"}],"wp:term":[{"taxonomy":"product_brand","embeddable":true,"href":"https:\/\/prodelphus.com.br\/pt-br\/wp-json\/wp\/v2\/product_brand?post=4528"},{"taxonomy":"product_cat","embeddable":true,"href":"https:\/\/prodelphus.com.br\/pt-br\/wp-json\/wp\/v2\/product_cat?post=4528"},{"taxonomy":"product_tag","embeddable":true,"href":"https:\/\/prodelphus.com.br\/pt-br\/wp-json\/wp\/v2\/product_tag?post=4528"}],"curies":[{"name":"wp","href":"https:\/\/api.w.org\/{rel}","templated":true}]}}