{"id":4517,"date":"2025-04-07T10:29:57","date_gmt":"2025-04-07T13:29:57","guid":{"rendered":"https:\/\/prodelphus.com.br\/?post_type=product&#038;p=4517"},"modified":"2025-05-16T09:51:12","modified_gmt":"2025-05-16T12:51:12","slug":"patologias-do-penis-e-testiculos","status":"publish","type":"product","link":"https:\/\/prodelphus.com.br\/pt-br\/produto\/patologias-do-penis-e-testiculos\/","title":{"rendered":"Patologias do p\u00eanis e test\u00edculos"},"content":{"rendered":"<h3 class=\"\" data-start=\"139\" data-end=\"156\"><strong data-start=\"143\" data-end=\"154\">LAB-GNM<\/strong><\/h3>\n<p class=\"\" data-start=\"157\" data-end=\"252\"><strong data-start=\"157\" data-end=\"209\">Simulador anat\u00f4mico de patologias genitais masculinas<\/strong><\/p>\n<p class=\"\" data-start=\"281\" data-end=\"581\">O simulador <strong data-start=\"285\" data-end=\"296\">LAB-GNM<\/strong> oferece uma representa\u00e7\u00e3o altamente realista da anatomia genital externa masculina e de suas patologias relacionadas. Projetado para aprimorar o ensino da semiologia peniana e testicular, ele apresenta modelos anat\u00f4micos detalhados, incluindo um p\u00eanis dissecado e uma unidade testicular funcional. <\/p>\n<p class=\"\" data-start=\"583\" data-end=\"847\">O simulador apresenta estruturas anat\u00f4micas, como os <strong data-start=\"641\" data-end=\"662\">corpos cavernosos<\/strong>, <strong data-start=\"664\" data-end=\"683\">bulbospongiosus<\/strong>, <strong data-start=\"685\" data-end=\"694\">glande<\/strong> e muito mais. Ele tamb\u00e9m inclui uma ampla variedade de patologias personaliz\u00e1veis, permitindo o ensino abrangente de condi\u00e7\u00f5es cl\u00ednicas que afetam a genit\u00e1lia masculina. <\/p>\n<p><strong data-start=\"127\" data-end=\"155\">Patologias representadas:<\/strong><\/p>\n<p class=\"\" data-start=\"157\" data-end=\"534\">O simulador LAB-GNM inclui representa\u00e7\u00f5es anat\u00f4micas de uma ampla gama de patologias genitais masculinas, como s\u00edndrome de Peyronie, fimose, parafimose, balanopostite, cancroide (c\u00e2ncer mole), cancro sifil\u00edtico, les\u00f5es relacionadas ao HPV, c\u00e2ncer testicular, neoplasia da glande e hidrocele. Condi\u00e7\u00f5es adicionais podem ser desenvolvidas mediante solicita\u00e7\u00e3o para atender a necessidades educacionais espec\u00edficas. <\/p>\n<p><strong data-start=\"1182\" data-end=\"1197\">Componentes:<\/strong><\/p>\n<ul data-start=\"1198\" data-end=\"1722\">\n<li class=\"\" data-start=\"1198\" data-end=\"1247\">\n<p class=\"\" data-start=\"1200\" data-end=\"1247\"><strong data-start=\"1200\" data-end=\"1223\">Expositor em caixa de acr\u00edlico<\/strong> ou <strong data-start=\"1227\" data-end=\"1247\">suporte individual<\/strong><\/p>\n<\/li>\n<li class=\"\" data-start=\"1248\" data-end=\"1287\">\n<p class=\"\" data-start=\"1250\" data-end=\"1287\"><strong data-start=\"1250\" data-end=\"1262\">LAB-GNM1<\/strong> &#8211; Trato genital normal<\/p>\n<\/li>\n<li class=\"\" data-start=\"1288\" data-end=\"1330\">\n<p class=\"\" data-start=\"1290\" data-end=\"1330\"><strong data-start=\"1290\" data-end=\"1302\">LAB-GNM2<\/strong> &#8211; Trato genital dissecado<\/p>\n<\/li>\n<li class=\"\" data-start=\"1331\" data-end=\"1375\">\n<p class=\"\" data-start=\"1333\" data-end=\"1375\"><strong data-start=\"1333\" data-end=\"1345\">LAB-GNM3<\/strong> &#8211; Modelo da s\u00edndrome de Peyronie<\/p>\n<\/li>\n<li class=\"\" data-start=\"1376\" data-end=\"1409\">\n<p class=\"\" data-start=\"1378\" data-end=\"1409\"><strong data-start=\"1378\" data-end=\"1390\">LAB-GNM4<\/strong> &#8211; Modelo de fimose<\/p>\n<\/li>\n<li class=\"\" data-start=\"1410\" data-end=\"1447\">\n<p class=\"\" data-start=\"1412\" data-end=\"1447\"><strong data-start=\"1412\" data-end=\"1424\">LAB-GNM5<\/strong> &#8211; Modelo de parafimose<\/p>\n<\/li>\n<li class=\"\" data-start=\"1448\" data-end=\"1488\">\n<p class=\"\" data-start=\"1450\" data-end=\"1488\"><strong data-start=\"1450\" data-end=\"1462\">LAB-GNM6<\/strong> &#8211; Modelo de balanopostite<\/p>\n<\/li>\n<li class=\"\" data-start=\"1489\" data-end=\"1537\">\n<p class=\"\" data-start=\"1491\" data-end=\"1537\"><strong data-start=\"1491\" data-end=\"1503\">LAB-GNM7<\/strong> &#8211; Modelo de cancroide (c\u00e2ncer mole)<\/p>\n<\/li>\n<li class=\"\" data-start=\"1538\" data-end=\"1571\">\n<p class=\"\" data-start=\"1540\" data-end=\"1571\"><strong data-start=\"1540\" data-end=\"1552\">LAB-GNM8<\/strong> &#8211; Modelo de s\u00edfilis<\/p>\n<\/li>\n<li class=\"\" data-start=\"1572\" data-end=\"1600\">\n<p class=\"\" data-start=\"1574\" data-end=\"1600\"><strong data-start=\"1574\" data-end=\"1586\">LAB-GNM9<\/strong> &#8211; Modelo de HPV<\/p>\n<\/li>\n<li class=\"\" data-start=\"1601\" data-end=\"1644\">\n<p class=\"\" data-start=\"1603\" data-end=\"1644\"><strong data-start=\"1603\" data-end=\"1616\">LAB-GNM10<\/strong> &#8211; Modelo de c\u00e2ncer testicular<\/p>\n<\/li>\n<li class=\"\" data-start=\"1645\" data-end=\"1686\">\n<p class=\"\" data-start=\"1647\" data-end=\"1686\"><strong data-start=\"1647\" data-end=\"1660\">LAB-GNM11<\/strong> &#8211; Modelo de neoplasia da glande<\/p>\n<\/li>\n<li class=\"\" data-start=\"1687\" data-end=\"1722\">\n<p class=\"\" data-start=\"1689\" data-end=\"1722\"><strong data-start=\"1689\" data-end=\"1702\">LAB-GNM12<\/strong> &#8211; Modelo de hidrocele<\/p>\n<\/li>\n<\/ul>\n<h4 class=\"\" data-start=\"1729\" data-end=\"1752\"><strong data-start=\"1734\" data-end=\"1752\">Personaliza\u00e7\u00e3o:<\/strong><\/h4>\n<p class=\"\" data-start=\"1753\" data-end=\"1830\">\ud83d\udd27 <em data-start=\"1756\" data-end=\"1830\">Outras patologias podem ser personalizadas com base nos objetivos educacionais<\/em><\/p>\n","protected":false},"excerpt":{"rendered":"<p><strong data-start=\"1875\" data-end=\"1886\">O LAB-GNM<\/strong> \u00e9 um simulador realista da anatomia genital masculina e suas patologias, projetado para ensinar o exame e o diagn\u00f3stico do p\u00eanis e dos test\u00edculos. Com modelos para doen\u00e7as como fimose, HPV, s\u00edfilis, c\u00e2ncer testicular e muito mais, \u00e9 uma ferramenta vers\u00e1til para treinamento m\u00e9dico em urologia, dermatologia e cl\u00ednica geral. Modelos personalizados dispon\u00edveis.  <\/p>\n","protected":false},"featured_media":4519,"comment_status":"open","ping_status":"closed","template":"","meta":[],"product_brand":[1153],"product_cat":[87,1038],"product_tag":[1152,1150,1146,1149,1147,1144,1145,1148,1151,1141,1143,1142],"class_list":{"0":"post-4517","1":"product","2":"type-product","3":"status-publish","4":"has-post-thumbnail","6":"product_brand-pro-delphus-pt-br","7":"product_cat-anatomia-normal-patologica","8":"product_cat-enfermagem","9":"product_tag-hidrocele","10":"product_tag-hpv-pt-br","11":"product_tag-modelo-de-balanopostite","12":"product_tag-modelo-de-cancer-testicular","13":"product_tag-modelo-de-cancroide-cancer-mole","14":"product_tag-modelo-de-fimose","15":"product_tag-modelo-de-parafimose","16":"product_tag-modelo-de-sifilis","17":"product_tag-neoplasia-da-glande","18":"product_tag-patologias-urologicas","19":"product_tag-sindrome-de-peyronie","20":"product_tag-trato-genital-dissecado","22":"first","23":"instock","24":"shipping-taxable","25":"purchasable","26":"product-type-simple"},"_links":{"self":[{"href":"https:\/\/prodelphus.com.br\/pt-br\/wp-json\/wp\/v2\/product\/4517","targetHints":{"allow":["GET"]}}],"collection":[{"href":"https:\/\/prodelphus.com.br\/pt-br\/wp-json\/wp\/v2\/product"}],"about":[{"href":"https:\/\/prodelphus.com.br\/pt-br\/wp-json\/wp\/v2\/types\/product"}],"replies":[{"embeddable":true,"href":"https:\/\/prodelphus.com.br\/pt-br\/wp-json\/wp\/v2\/comments?post=4517"}],"wp:featuredmedia":[{"embeddable":true,"href":"https:\/\/prodelphus.com.br\/pt-br\/wp-json\/wp\/v2\/media\/4519"}],"wp:attachment":[{"href":"https:\/\/prodelphus.com.br\/pt-br\/wp-json\/wp\/v2\/media?parent=4517"}],"wp:term":[{"taxonomy":"product_brand","embeddable":true,"href":"https:\/\/prodelphus.com.br\/pt-br\/wp-json\/wp\/v2\/product_brand?post=4517"},{"taxonomy":"product_cat","embeddable":true,"href":"https:\/\/prodelphus.com.br\/pt-br\/wp-json\/wp\/v2\/product_cat?post=4517"},{"taxonomy":"product_tag","embeddable":true,"href":"https:\/\/prodelphus.com.br\/pt-br\/wp-json\/wp\/v2\/product_tag?post=4517"}],"curies":[{"name":"wp","href":"https:\/\/api.w.org\/{rel}","templated":true}]}}