{"id":4513,"date":"2025-04-07T10:13:47","date_gmt":"2025-04-07T13:13:47","guid":{"rendered":"https:\/\/prodelphus.com.br\/?post_type=product&#038;p=4513"},"modified":"2025-05-16T09:51:11","modified_gmt":"2025-05-16T12:51:11","slug":"patologias-dos-rins-e-da-bexiga","status":"publish","type":"product","link":"https:\/\/prodelphus.com.br\/pt-br\/produto\/patologias-dos-rins-e-da-bexiga\/","title":{"rendered":"Patologias dos rins e da bexiga"},"content":{"rendered":"<h3 class=\"\" data-start=\"112\" data-end=\"129\"><strong data-start=\"116\" data-end=\"127\">LAB-RIM<\/strong><\/h3>\n<p class=\"\" data-start=\"130\" data-end=\"227\"><strong data-start=\"130\" data-end=\"184\">Simulador anat\u00f4mico de patologia do sistema urin\u00e1rio<\/strong><\/p>\n<p class=\"\" data-start=\"256\" data-end=\"547\">O simulador <strong data-start=\"260\" data-end=\"271\">LAB-RIM<\/strong> foi desenvolvido para apoiar o ensino e o aprendizado sobre o sistema urin\u00e1rio e suas patologias. Ele inclui modelos anat\u00f4micos que representam estados saud\u00e1veis e doentes, oferecendo uma vis\u00e3o funcional da unidade glomerular e suas altera\u00e7\u00f5es devido a condi\u00e7\u00f5es como: <\/p>\n<ul data-start=\"549\" data-end=\"655\">\n<li class=\"\" data-start=\"549\" data-end=\"564\">\n<p class=\"\" data-start=\"551\" data-end=\"564\">Cistos renais<\/p>\n<\/li>\n<li class=\"\" data-start=\"565\" data-end=\"594\">\n<p class=\"\" data-start=\"567\" data-end=\"594\">Pedras nos rins (lit\u00edase)<\/p>\n<\/li>\n<li class=\"\" data-start=\"595\" data-end=\"615\">\n<p class=\"\" data-start=\"597\" data-end=\"615\">Carcinoma renal<\/p>\n<\/li>\n<li class=\"\" data-start=\"616\" data-end=\"655\">\n<p class=\"\" data-start=\"618\" data-end=\"655\">Neoplasia da bexiga (opcional\/personalizado)<\/p>\n<\/li>\n<\/ul>\n<p class=\"\" data-start=\"657\" data-end=\"856\">Esse simulador oferece uma compreens\u00e3o realista de como essas doen\u00e7as afetam o trato urin\u00e1rio, tornando-o ideal para estudantes de medicina e profissionais de urologia, nefrologia e medicina interna.<\/p>\n<p><strong data-start=\"868\" data-end=\"883\">Componentes:<\/strong><\/p>\n<ul data-start=\"884\" data-end=\"1072\">\n<li class=\"\" data-start=\"884\" data-end=\"921\">\n<p class=\"\" data-start=\"886\" data-end=\"921\"><strong data-start=\"886\" data-end=\"921\">Caixa de exposi\u00e7\u00e3o em acr\u00edlico transparente<\/strong><\/p>\n<\/li>\n<li class=\"\" data-start=\"922\" data-end=\"954\">\n<p class=\"\" data-start=\"924\" data-end=\"954\"><strong data-start=\"924\" data-end=\"936\">LAB-RIM1<\/strong> &#8211; Rim normal<\/p>\n<\/li>\n<li class=\"\" data-start=\"955\" data-end=\"995\">\n<p class=\"\" data-start=\"957\" data-end=\"995\"><strong data-start=\"957\" data-end=\"969\">LAB-RIM2<\/strong> &#8211; Rim com lit\u00edase<\/p>\n<\/li>\n<li class=\"\" data-start=\"996\" data-end=\"1036\">\n<p class=\"\" data-start=\"998\" data-end=\"1036\"><strong data-start=\"998\" data-end=\"1010\">LAB-RIM3<\/strong> &#8211; Rim com carcinoma<\/p>\n<\/li>\n<li class=\"\" data-start=\"1037\" data-end=\"1072\">\n<p class=\"\" data-start=\"1039\" data-end=\"1072\"><strong data-start=\"1039\" data-end=\"1051\">LAB-RIM4<\/strong> &#8211; Rim com cisto<\/p>\n<\/li>\n<\/ul>\n<h4 class=\"\" data-start=\"1079\" data-end=\"1102\"><strong data-start=\"1084\" data-end=\"1102\">Personaliza\u00e7\u00e3o:<\/strong><\/h4>\n<p class=\"\" data-start=\"1103\" data-end=\"1173\">\ud83d\udd27 <em data-start=\"1106\" data-end=\"1173\">Patologias adicionais podem ser personalizadas mediante solicita\u00e7\u00e3o &#8211; entre em contato conosco!<\/em><\/p>\n","protected":false},"excerpt":{"rendered":"<p><strong data-start=\"1218\" data-end=\"1229\">O LAB-RIM<\/strong> \u00e9 um simulador do sistema urin\u00e1rio que apresenta modelos anat\u00f4micos de rins com v\u00e1rias condi\u00e7\u00f5es, incluindo cistos, lit\u00edase e carcinoma. Alojado em uma caixa de acr\u00edlico transparente, \u00e9 ideal para demonstrar patologias em nefrologia, urologia e educa\u00e7\u00e3o cl\u00ednica. Patologias personalizadas dispon\u00edveis mediante solicita\u00e7\u00e3o.  <\/p>\n","protected":false},"featured_media":4515,"comment_status":"open","ping_status":"closed","template":"","meta":[],"product_brand":[1153],"product_cat":[87,1038,1121],"product_tag":[1122,1125,1123,1124,1127,1126,1128],"class_list":{"0":"post-4513","1":"product","2":"type-product","3":"status-publish","4":"has-post-thumbnail","6":"product_brand-pro-delphus-pt-br","7":"product_cat-anatomia-normal-patologica","8":"product_cat-enfermagem","9":"product_cat-nefrologia","10":"product_tag-cancer-de-bexiga","11":"product_tag-cancer-de-rim","12":"product_tag-pedras-nos-rins","13":"product_tag-rim","14":"product_tag-rim-com-carcinoma","15":"product_tag-rim-com-cisto","16":"product_tag-rim-com-litiase","18":"first","19":"instock","20":"shipping-taxable","21":"purchasable","22":"product-type-simple"},"_links":{"self":[{"href":"https:\/\/prodelphus.com.br\/pt-br\/wp-json\/wp\/v2\/product\/4513","targetHints":{"allow":["GET"]}}],"collection":[{"href":"https:\/\/prodelphus.com.br\/pt-br\/wp-json\/wp\/v2\/product"}],"about":[{"href":"https:\/\/prodelphus.com.br\/pt-br\/wp-json\/wp\/v2\/types\/product"}],"replies":[{"embeddable":true,"href":"https:\/\/prodelphus.com.br\/pt-br\/wp-json\/wp\/v2\/comments?post=4513"}],"wp:featuredmedia":[{"embeddable":true,"href":"https:\/\/prodelphus.com.br\/pt-br\/wp-json\/wp\/v2\/media\/4515"}],"wp:attachment":[{"href":"https:\/\/prodelphus.com.br\/pt-br\/wp-json\/wp\/v2\/media?parent=4513"}],"wp:term":[{"taxonomy":"product_brand","embeddable":true,"href":"https:\/\/prodelphus.com.br\/pt-br\/wp-json\/wp\/v2\/product_brand?post=4513"},{"taxonomy":"product_cat","embeddable":true,"href":"https:\/\/prodelphus.com.br\/pt-br\/wp-json\/wp\/v2\/product_cat?post=4513"},{"taxonomy":"product_tag","embeddable":true,"href":"https:\/\/prodelphus.com.br\/pt-br\/wp-json\/wp\/v2\/product_tag?post=4513"}],"curies":[{"name":"wp","href":"https:\/\/api.w.org\/{rel}","templated":true}]}}