{"id":4509,"date":"2025-04-07T09:59:14","date_gmt":"2025-04-07T12:59:14","guid":{"rendered":"https:\/\/prodelphus.com.br\/?post_type=product&#038;p=4509"},"modified":"2025-05-16T09:51:11","modified_gmt":"2025-05-16T12:51:11","slug":"simulador-de-injecoes-nos-gluteos","status":"publish","type":"product","link":"https:\/\/prodelphus.com.br\/pt-br\/produto\/simulador-de-injecoes-nos-gluteos\/","title":{"rendered":"Simulador de inje\u00e7\u00f5es nos gl\u00fateos"},"content":{"rendered":"<h3 class=\"\" data-start=\"106\" data-end=\"123\"><strong data-start=\"110\" data-end=\"121\">LAB-GLU<\/strong><\/h3>\n<p class=\"\" data-start=\"124\" data-end=\"212\"><strong data-start=\"124\" data-end=\"169\">Simulador anat\u00f4mico para inje\u00e7\u00e3o gl\u00fatea<\/strong><\/p>\n<p class=\"\" data-start=\"241\" data-end=\"460\">O simulador <strong data-start=\"245\" data-end=\"256\">LAB-GLU<\/strong> foi projetado para ensinar e praticar a t\u00e9cnica adequada para inje\u00e7\u00f5es gl\u00fateas intramusculares profundas. O modelo apresenta um hemi-gl\u00fateo detalhado com quadrantes claramente marcados para orientar a aplica\u00e7\u00e3o segura. <\/p>\n<p class=\"\" data-start=\"462\" data-end=\"488\">Dispon\u00edvel em duas vers\u00f5es:<\/p>\n<ul data-start=\"489\" data-end=\"683\">\n<li class=\"\" data-start=\"489\" data-end=\"530\">\n<p class=\"\" data-start=\"491\" data-end=\"530\"><strong data-start=\"491\" data-end=\"509\">Modelo padr\u00e3o<\/strong> para treinamento b\u00e1sico<\/p>\n<\/li>\n<li class=\"\" data-start=\"531\" data-end=\"683\">\n<p class=\"\" data-start=\"533\" data-end=\"683\"><strong data-start=\"533\" data-end=\"551\">Modelo avan\u00e7ado<\/strong> com sistema de identifica\u00e7\u00e3o de erros: emite um sinal luminoso quando um local de inje\u00e7\u00e3o incorreto \u00e9 usado, ajudando os alunos a aprender por meio de feedback<\/p>\n<\/li>\n<\/ul>\n<p class=\"\" data-start=\"685\" data-end=\"801\">Essa ferramenta \u00e9 ideal para escolas de enfermagem, programas m\u00e9dicos e centros de treinamento voltados para t\u00e9cnicas seguras de inje\u00e7\u00e3o.<\/p>\n<h4 class=\"\" data-start=\"808\" data-end=\"828\"><strong data-start=\"813\" data-end=\"828\">Componentes:<\/strong><\/h4>\n<ul data-start=\"829\" data-end=\"922\">\n<li class=\"\" data-start=\"829\" data-end=\"848\">\n<p class=\"\" data-start=\"831\" data-end=\"848\"><strong data-start=\"831\" data-end=\"848\">Suporte de acr\u00edlico<\/strong><\/p>\n<\/li>\n<li class=\"\" data-start=\"849\" data-end=\"922\">\n<p class=\"\" data-start=\"851\" data-end=\"922\"><strong data-start=\"851\" data-end=\"863\">LAB-GLU1<\/strong> &#8211; Gl\u00fateo direito (padr\u00e3o ou com sistema de indica\u00e7\u00e3o de erro)<\/p>\n<\/li>\n<\/ul>\n<h4 class=\"\" data-start=\"929\" data-end=\"947\"><strong data-start=\"934\" data-end=\"947\">Caracter\u00edsticas:<\/strong><\/h4>\n<p class=\"\" data-start=\"948\" data-end=\"1086\">\ud83d\udca1 <em data-start=\"951\" data-end=\"1019\">Sistema opcional de feedback de luz para posicionamento incorreto da inje\u00e7\u00e3o<\/em><br data-start=\"1019\" data-end=\"1022\">\ud83c\udfaf <em data-start=\"1025\" data-end=\"1086\">Projetado para pr\u00e1tica realista e identifica\u00e7\u00e3o de quadrantes<\/em><\/p>\n","protected":false},"excerpt":{"rendered":"<p><strong data-start=\"1131\" data-end=\"1142\">O LAB-GLU<\/strong> \u00e9 um simulador realista de inje\u00e7\u00e3o nos gl\u00fateos com quadrantes marcados para aplica\u00e7\u00e3o intramuscular. Dispon\u00edvel em uma vers\u00e3o b\u00e1sica ou avan\u00e7ada com um sistema de detec\u00e7\u00e3o de erros, \u00e9 perfeito para treinar estudantes em t\u00e9cnicas de inje\u00e7\u00e3o adequadas e orienta\u00e7\u00e3o anat\u00f4mica. <\/p>\n","protected":false},"featured_media":4511,"comment_status":"open","ping_status":"closed","template":"","meta":[],"product_brand":[1153],"product_cat":[1038],"product_tag":[1112,1114],"class_list":{"0":"post-4509","1":"product","2":"type-product","3":"status-publish","4":"has-post-thumbnail","6":"product_brand-pro-delphus-pt-br","7":"product_cat-enfermagem","8":"product_tag-injecao-glutea","9":"product_tag-puncao-glutea","11":"first","12":"instock","13":"shipping-taxable","14":"purchasable","15":"product-type-simple"},"_links":{"self":[{"href":"https:\/\/prodelphus.com.br\/pt-br\/wp-json\/wp\/v2\/product\/4509","targetHints":{"allow":["GET"]}}],"collection":[{"href":"https:\/\/prodelphus.com.br\/pt-br\/wp-json\/wp\/v2\/product"}],"about":[{"href":"https:\/\/prodelphus.com.br\/pt-br\/wp-json\/wp\/v2\/types\/product"}],"replies":[{"embeddable":true,"href":"https:\/\/prodelphus.com.br\/pt-br\/wp-json\/wp\/v2\/comments?post=4509"}],"wp:featuredmedia":[{"embeddable":true,"href":"https:\/\/prodelphus.com.br\/pt-br\/wp-json\/wp\/v2\/media\/4511"}],"wp:attachment":[{"href":"https:\/\/prodelphus.com.br\/pt-br\/wp-json\/wp\/v2\/media?parent=4509"}],"wp:term":[{"taxonomy":"product_brand","embeddable":true,"href":"https:\/\/prodelphus.com.br\/pt-br\/wp-json\/wp\/v2\/product_brand?post=4509"},{"taxonomy":"product_cat","embeddable":true,"href":"https:\/\/prodelphus.com.br\/pt-br\/wp-json\/wp\/v2\/product_cat?post=4509"},{"taxonomy":"product_tag","embeddable":true,"href":"https:\/\/prodelphus.com.br\/pt-br\/wp-json\/wp\/v2\/product_tag?post=4509"}],"curies":[{"name":"wp","href":"https:\/\/api.w.org\/{rel}","templated":true}]}}