{"id":4497,"date":"2025-04-07T09:43:50","date_gmt":"2025-04-07T12:43:50","guid":{"rendered":"https:\/\/prodelphus.com.br\/?post_type=product&#038;p=4497"},"modified":"2025-05-16T09:51:11","modified_gmt":"2025-05-16T12:51:11","slug":"modelo-anatomico-para-patologias-pulmonares","status":"publish","type":"product","link":"https:\/\/prodelphus.com.br\/pt-br\/produto\/modelo-anatomico-para-patologias-pulmonares\/","title":{"rendered":"Modelo anat\u00f4mico para patologias pulmonares"},"content":{"rendered":"<h3 class=\"\" data-start=\"94\" data-end=\"111\"><strong data-start=\"98\" data-end=\"109\">LAB-PUL<\/strong><\/h3>\n<p class=\"\" data-start=\"112\" data-end=\"198\"><strong data-start=\"112\" data-end=\"155\">Simulador anat\u00f4mico para patologias pulmonares<\/strong><br data-start=\"155\" data-end=\"158\"><strong data-start=\"158\" data-end=\"198\">Por Pro Delphus &#8211; Simuladores cir\u00fargicos<\/strong><\/p>\n<p class=\"\" data-start=\"227\" data-end=\"476\">O simulador <strong data-start=\"231\" data-end=\"242\">LAB-PUL<\/strong> foi projetado para demonstrar visualmente as caracter\u00edsticas internas e externas de um pulm\u00e3o saud\u00e1vel em contraste com v\u00e1rias patologias pulmonares. Ele suporta modelos personaliz\u00e1veis para atender a diferentes necessidades educacionais e de treinamento. <\/p>\n<p class=\"\" data-start=\"478\" data-end=\"514\">As patologias representadas podem incluir:<\/p>\n<ul data-start=\"515\" data-end=\"724\">\n<li class=\"\" data-start=\"515\" data-end=\"552\">\n<p class=\"\" data-start=\"517\" data-end=\"552\">Tuberculose (cavita\u00e7\u00e3o pulmonar)<\/p>\n<\/li>\n<li class=\"\" data-start=\"553\" data-end=\"564\">\n<p class=\"\" data-start=\"555\" data-end=\"564\">Enfisema<\/p>\n<\/li>\n<li class=\"\" data-start=\"565\" data-end=\"578\">\n<p class=\"\" data-start=\"567\" data-end=\"578\">Antracose<\/p>\n<\/li>\n<li class=\"\" data-start=\"579\" data-end=\"592\">\n<p class=\"\" data-start=\"581\" data-end=\"592\">C\u00e2ncer de pulm\u00e3o<\/p>\n<\/li>\n<li class=\"\" data-start=\"593\" data-end=\"628\">\n<p class=\"\" data-start=\"595\" data-end=\"628\">Embolia pulmonar e infarto<\/p>\n<\/li>\n<li class=\"\" data-start=\"629\" data-end=\"644\">\n<p class=\"\" data-start=\"631\" data-end=\"644\">Calcifica\u00e7\u00e3o<\/p>\n<\/li>\n<li class=\"\" data-start=\"645\" data-end=\"724\">\n<p class=\"\" data-start=\"647\" data-end=\"724\">Pulm\u00f5es de fumantes<br data-start=\"661\" data-end=\"664\">Outras varia\u00e7\u00f5es patol\u00f3gicas podem ser desenvolvidas mediante solicita\u00e7\u00e3o.<\/p>\n<\/li>\n<\/ul>\n<p class=\"\" data-start=\"726\" data-end=\"879\">Ideal para aulas de anatomia, treinamento m\u00e9dico e ensino de patologia, esse simulador aprimora o aprendizado visual e a compreens\u00e3o pr\u00e1tica das doen\u00e7as pulmonares.<\/p>\n<h4 class=\"\" data-start=\"886\" data-end=\"906\"><strong data-start=\"891\" data-end=\"906\">Componentes:<\/strong><\/h4>\n<ul data-start=\"907\" data-end=\"1247\">\n<li class=\"\" data-start=\"907\" data-end=\"926\">\n<p class=\"\" data-start=\"909\" data-end=\"926\"><strong data-start=\"909\" data-end=\"926\">Suporte de acr\u00edlico<\/strong><\/p>\n<\/li>\n<li class=\"\" data-start=\"927\" data-end=\"969\">\n<p class=\"\" data-start=\"929\" data-end=\"969\"><strong data-start=\"929\" data-end=\"941\">LAB-PUL1<\/strong> &#8211; Pulm\u00f5es com lobos normais<\/p>\n<\/li>\n<li class=\"\" data-start=\"970\" data-end=\"1028\">\n<p class=\"\" data-start=\"972\" data-end=\"1028\"><strong data-start=\"972\" data-end=\"984\">LAB-PUL2<\/strong> &#8211; Pulm\u00f5es com caverna tuberculosa no \u00e1pice<\/p>\n<\/li>\n<li class=\"\" data-start=\"1029\" data-end=\"1103\">\n<p class=\"\" data-start=\"1031\" data-end=\"1103\"><strong data-start=\"1031\" data-end=\"1043\">LAB-PUL3<\/strong> &#8211; Pulm\u00f5es com embolia, infarto e \u00e1rea de calcifica\u00e7\u00e3o<\/p>\n<\/li>\n<li class=\"\" data-start=\"1104\" data-end=\"1145\">\n<p class=\"\" data-start=\"1106\" data-end=\"1145\"><strong data-start=\"1106\" data-end=\"1118\">LAB-PUL4<\/strong> &#8211; Pulm\u00f5es com antracose<\/p>\n<\/li>\n<li class=\"\" data-start=\"1146\" data-end=\"1179\">\n<p class=\"\" data-start=\"1148\" data-end=\"1179\"><strong data-start=\"1148\" data-end=\"1160\">LAB-PUL5<\/strong> &#8211; Pulm\u00f5es de fumantes<\/p>\n<\/li>\n<li class=\"\" data-start=\"1180\" data-end=\"1247\">\n<p class=\"\" data-start=\"1182\" data-end=\"1247\"><strong data-start=\"1182\" data-end=\"1194\">LAB-PUL6<\/strong> &#8211; Pulm\u00f5es com patologias personaliz\u00e1veis (direita\/esquerda)<\/p>\n<\/li>\n<\/ul>\n<p class=\"\" data-start=\"1278\" data-end=\"1345\">\ud83d\udee0\ufe0f <em data-start=\"1282\" data-end=\"1345\">Os modelos podem ser personalizados de acordo com as necessidades espec\u00edficas de ensino<\/em><\/p>\n","protected":false},"excerpt":{"rendered":"<p><strong data-start=\"1390\" data-end=\"1401\">O LAB-PUL<\/strong> \u00e9 um simulador anat\u00f4mico de patologias pulmonares, comparando estruturas pulmonares saud\u00e1veis com uma variedade de condi\u00e7\u00f5es de doen\u00e7a, como tuberculose, embolia, infarto, c\u00e2ncer, antracose e muito mais. Totalmente personaliz\u00e1vel, \u00e9 uma valiosa ferramenta de ensino para educa\u00e7\u00e3o m\u00e9dica e treinamento do sistema respirat\u00f3rio. <\/p>\n","protected":false},"featured_media":4499,"comment_status":"open","ping_status":"closed","template":"","meta":[],"product_brand":[1153],"product_cat":[87,723,1135],"product_tag":[1138,1137,1140,1139,1136],"class_list":{"0":"post-4497","1":"product","2":"type-product","3":"status-publish","4":"has-post-thumbnail","6":"product_brand-pro-delphus-pt-br","7":"product_cat-anatomia-normal-patologica","8":"product_cat-cirurgia-toracica","9":"product_cat-pulmao","10":"product_tag-antracose-pulmonar","11":"product_tag-cancer-de-pulmao","12":"product_tag-embolia-pulmonar","13":"product_tag-tabagismo-pulmonar","14":"product_tag-tuberculose","16":"first","17":"instock","18":"shipping-taxable","19":"purchasable","20":"product-type-simple"},"_links":{"self":[{"href":"https:\/\/prodelphus.com.br\/pt-br\/wp-json\/wp\/v2\/product\/4497","targetHints":{"allow":["GET"]}}],"collection":[{"href":"https:\/\/prodelphus.com.br\/pt-br\/wp-json\/wp\/v2\/product"}],"about":[{"href":"https:\/\/prodelphus.com.br\/pt-br\/wp-json\/wp\/v2\/types\/product"}],"replies":[{"embeddable":true,"href":"https:\/\/prodelphus.com.br\/pt-br\/wp-json\/wp\/v2\/comments?post=4497"}],"wp:featuredmedia":[{"embeddable":true,"href":"https:\/\/prodelphus.com.br\/pt-br\/wp-json\/wp\/v2\/media\/4499"}],"wp:attachment":[{"href":"https:\/\/prodelphus.com.br\/pt-br\/wp-json\/wp\/v2\/media?parent=4497"}],"wp:term":[{"taxonomy":"product_brand","embeddable":true,"href":"https:\/\/prodelphus.com.br\/pt-br\/wp-json\/wp\/v2\/product_brand?post=4497"},{"taxonomy":"product_cat","embeddable":true,"href":"https:\/\/prodelphus.com.br\/pt-br\/wp-json\/wp\/v2\/product_cat?post=4497"},{"taxonomy":"product_tag","embeddable":true,"href":"https:\/\/prodelphus.com.br\/pt-br\/wp-json\/wp\/v2\/product_tag?post=4497"}],"curies":[{"name":"wp","href":"https:\/\/api.w.org\/{rel}","templated":true}]}}