{"id":4488,"date":"2025-04-07T09:20:49","date_gmt":"2025-04-07T12:20:49","guid":{"rendered":"https:\/\/prodelphus.com.br\/?post_type=product&#038;p=4488"},"modified":"2025-05-16T09:51:11","modified_gmt":"2025-05-16T12:51:11","slug":"modelo-anatomico-de-patologias-de-oclusao-vascular","status":"publish","type":"product","link":"https:\/\/prodelphus.com.br\/pt-br\/produto\/modelo-anatomico-de-patologias-de-oclusao-vascular\/","title":{"rendered":"Modelo anat\u00f4mico de patologias de oclus\u00e3o vascular"},"content":{"rendered":"<h3 class=\"\" data-start=\"107\" data-end=\"124\"><strong data-start=\"111\" data-end=\"122\">LAB-VOP<\/strong><\/h3>\n<p class=\"\" data-start=\"125\" data-end=\"237\"><strong data-start=\"125\" data-end=\"194\">Simulador anat\u00f4mico para patologias de oclus\u00e3o progressiva vascular<\/strong><br data-start=\"194\" data-end=\"197\"><strong data-start=\"197\" data-end=\"237\">Por Pro Delphus &#8211; Simuladores cir\u00fargicos<\/strong><\/p>\n<p class=\"\" data-start=\"266\" data-end=\"643\">O simulador LAB-VOP foi projetado para auxiliar no ensino e na compreens\u00e3o das origens dos eventos tromb\u00f3ticos e tromboemb\u00f3licos. Ele inclui modelos de vasos que simulam a progress\u00e3o de les\u00f5es ateroscler\u00f3ticas, com v\u00e1rios graus de trombose que levam a oclus\u00f5es parciais e totais. Esses modelos demonstram visualmente como as oclus\u00f5es evoluem e afetam os vasos bifurcados.  <\/p>\n<p class=\"\" data-start=\"645\" data-end=\"774\">Personaliz\u00e1vel para simular outras patologias vasculares, essa ferramenta did\u00e1tica \u00e9 ideal para ambientes de educa\u00e7\u00e3o m\u00e9dica e pesquisa.<\/p>\n<p><strong data-start=\"786\" data-end=\"801\">Componentes:<\/strong><\/p>\n<ul data-start=\"802\" data-end=\"1077\">\n<li class=\"\" data-start=\"802\" data-end=\"827\">\n<p class=\"\" data-start=\"804\" data-end=\"827\"><strong data-start=\"804\" data-end=\"827\">Caixa de acr\u00edlico para exposi\u00e7\u00e3o<\/strong><\/p>\n<\/li>\n<li class=\"\" data-start=\"828\" data-end=\"860\">\n<p class=\"\" data-start=\"830\" data-end=\"860\"><strong data-start=\"830\" data-end=\"842\">LAB-VOP1<\/strong> &#8211; Vaso normal<\/p>\n<\/li>\n<li class=\"\" data-start=\"861\" data-end=\"907\">\n<p class=\"\" data-start=\"863\" data-end=\"907\"><strong data-start=\"863\" data-end=\"875\">LAB-VOP2<\/strong> &#8211; Vaso com placa de ateroma<\/p>\n<\/li>\n<li class=\"\" data-start=\"908\" data-end=\"953\">\n<p class=\"\" data-start=\"910\" data-end=\"953\"><strong data-start=\"910\" data-end=\"922\">LAB-VOP3<\/strong> &#8211; Vaso com pequeno trombo<\/p>\n<\/li>\n<li class=\"\" data-start=\"954\" data-end=\"1019\">\n<p class=\"\" data-start=\"956\" data-end=\"1019\"><strong data-start=\"956\" data-end=\"968\">LAB-VOP4<\/strong> &#8211; Vaso com grande trombo fechando a bifurca\u00e7\u00e3o<\/p>\n<\/li>\n<li class=\"\" data-start=\"1020\" data-end=\"1077\">\n<p class=\"\" data-start=\"1022\" data-end=\"1077\"><strong data-start=\"1022\" data-end=\"1034\">LAB-VOP5<\/strong> &#8211; Vaso com trombo obstrutivo total<\/p>\n<\/li>\n<\/ul>\n","protected":false},"excerpt":{"rendered":"<p><strong data-start=\"1382\" data-end=\"1393\">O LAB-VOP<\/strong> \u00e9 um simulador anat\u00f4mico que demonstra a progress\u00e3o das oclus\u00f5es vasculares, desde vasos normais at\u00e9 a obstru\u00e7\u00e3o tromb\u00f3tica total. Ele inclui cinco modelos que representam v\u00e1rios est\u00e1gios de trombose e aterosclerose, o que o torna uma ferramenta educacional essencial para a compreens\u00e3o de patologias e complica\u00e7\u00f5es vasculares. Ideal para ensino e pesquisa.  <\/p>\n","protected":false},"featured_media":4494,"comment_status":"open","ping_status":"closed","template":"","meta":[],"product_brand":[1153],"product_cat":[87,1129],"product_tag":[1131,1133,1132,1134,1130],"class_list":{"0":"post-4488","1":"product","2":"type-product","3":"status-publish","4":"has-post-thumbnail","6":"product_brand-pro-delphus-pt-br","7":"product_cat-anatomia-normal-patologica","8":"product_cat-cirurgia-vascular","9":"product_tag-ateromatose","10":"product_tag-cirurgia-vascular","11":"product_tag-embolia","12":"product_tag-obstrucao-vascular","13":"product_tag-trombose","15":"first","16":"instock","17":"shipping-taxable","18":"purchasable","19":"product-type-simple"},"_links":{"self":[{"href":"https:\/\/prodelphus.com.br\/pt-br\/wp-json\/wp\/v2\/product\/4488","targetHints":{"allow":["GET"]}}],"collection":[{"href":"https:\/\/prodelphus.com.br\/pt-br\/wp-json\/wp\/v2\/product"}],"about":[{"href":"https:\/\/prodelphus.com.br\/pt-br\/wp-json\/wp\/v2\/types\/product"}],"replies":[{"embeddable":true,"href":"https:\/\/prodelphus.com.br\/pt-br\/wp-json\/wp\/v2\/comments?post=4488"}],"wp:featuredmedia":[{"embeddable":true,"href":"https:\/\/prodelphus.com.br\/pt-br\/wp-json\/wp\/v2\/media\/4494"}],"wp:attachment":[{"href":"https:\/\/prodelphus.com.br\/pt-br\/wp-json\/wp\/v2\/media?parent=4488"}],"wp:term":[{"taxonomy":"product_brand","embeddable":true,"href":"https:\/\/prodelphus.com.br\/pt-br\/wp-json\/wp\/v2\/product_brand?post=4488"},{"taxonomy":"product_cat","embeddable":true,"href":"https:\/\/prodelphus.com.br\/pt-br\/wp-json\/wp\/v2\/product_cat?post=4488"},{"taxonomy":"product_tag","embeddable":true,"href":"https:\/\/prodelphus.com.br\/pt-br\/wp-json\/wp\/v2\/product_tag?post=4488"}],"curies":[{"name":"wp","href":"https:\/\/api.w.org\/{rel}","templated":true}]}}