{"id":4038,"date":"2025-03-18T18:13:55","date_gmt":"2025-03-18T21:13:55","guid":{"rendered":"https:\/\/dev.prodelphus.com.br\/?post_type=product&#038;p=4038"},"modified":"2025-05-16T09:43:11","modified_gmt":"2025-05-16T12:43:11","slug":"simulador-para-avaliacoes-cervicais-no-trabalho-de-parto","status":"publish","type":"product","link":"https:\/\/prodelphus.com.br\/pt-br\/produto\/simulador-para-avaliacoes-cervicais-no-trabalho-de-parto\/","title":{"rendered":"Simulador para avalia\u00e7\u00f5es cervicais no trabalho de parto"},"content":{"rendered":"<p data-start=\"0\" data-end=\"79\"><strong data-start=\"0\" data-end=\"79\">Verifica\u00e7\u00f5es do colo do \u00fatero no pr\u00e9-parto &#8211; Simulador EPP para avalia\u00e7\u00f5es do colo do \u00fatero durante o trabalho de parto<\/strong><\/p>\n<p data-start=\"81\" data-end=\"229\">Avalie diferentes apresenta\u00e7\u00f5es, aprendendo a identificar o posicionamento fetal de forma pr\u00e1tica e r\u00e1pida usando os Simuladores de Pr\u00e9-parto Pro Delphus.<\/p>\n<p data-start=\"231\" data-end=\"467\">As esta\u00e7\u00f5es Prepartum EPP s\u00e3o m\u00f3dulos de exame cervical que consistem em uma base acr\u00edlica individual e um bloco de formato vaginal feito de Neoderma. Esse simulador permite verifica\u00e7\u00f5es cervicais pr\u00e9-parto com palpa\u00e7\u00e3o bidigital em v\u00e1rias dilata\u00e7\u00f5es. <\/p>\n<p data-start=\"469\" data-end=\"679\">Os modelos podem ser personalizados com diferentes apresenta\u00e7\u00f5es fetais, dando aos alunos a oportunidade de se familiarizarem com o canal do parto e fazerem observa\u00e7\u00f5es semelhantes \u00e0s de uma paciente em trabalho de parto real.<\/p>\n<h3 data-start=\"681\" data-end=\"729\">Apresenta\u00e7\u00f5es fetais (podem ser personalizadas mediante solicita\u00e7\u00e3o):<\/h3>\n<ul data-start=\"730\" data-end=\"2250\" data-is-only-node=\"\" data-is-last-node=\"\">\n<li data-start=\"730\" data-end=\"785\"><strong data-start=\"732\" data-end=\"741\">EPP-1<\/strong>: colo do \u00fatero duro e imaturo, dilata\u00e7\u00e3o \u2264 1 cm.<\/li>\n<li data-start=\"786\" data-end=\"884\"><strong data-start=\"788\" data-end=\"797\">EPP-2<\/strong>: colo do \u00fatero um pouco apagado, 6 cm de dilata\u00e7\u00e3o e apresenta\u00e7\u00e3o anterior do occipital direito (ROA).<\/li>\n<li data-start=\"885\" data-end=\"971\"><strong data-start=\"887\" data-end=\"896\">EPP-3<\/strong>: colo do \u00fatero imaturo, 5 cm de dilata\u00e7\u00e3o com apresenta\u00e7\u00e3o p\u00e9lvica pod\u00e1lica ou p\u00e9lvica.<\/li>\n<li data-start=\"972\" data-end=\"1062\"><strong data-start=\"974\" data-end=\"983\">EPP-4<\/strong>: colo do \u00fatero apagado, 9 cm de dilata\u00e7\u00e3o e apresenta\u00e7\u00e3o transversal do occip\u00edcio esquerdo (LOT).<\/li>\n<li data-start=\"1063\" data-end=\"1154\"><strong data-start=\"1065\" data-end=\"1074\">EPP-5<\/strong>: colo do \u00fatero apagado, 7 cm de dilata\u00e7\u00e3o e apresenta\u00e7\u00e3o transversal do occip\u00edcio direito (ROT).<\/li>\n<li data-start=\"1155\" data-end=\"1261\"><strong data-start=\"1157\" data-end=\"1166\">EPP-6<\/strong>: colo do \u00fatero um pouco apagado, 5 cm de dilata\u00e7\u00e3o e p\u00e9lvis na apresenta\u00e7\u00e3o LSA (Left Sacrum Anterior).<\/li>\n<li data-start=\"1262\" data-end=\"1313\"><strong data-start=\"1264\" data-end=\"1273\">EPP-7<\/strong>: Colo do \u00fatero um pouco apagado, 1 cm de dilata\u00e7\u00e3o.<\/li>\n<li data-start=\"1314\" data-end=\"1410\"><strong data-start=\"1316\" data-end=\"1325\">EPP-8<\/strong>: c\u00e9rvix apagada, 8 cm de dilata\u00e7\u00e3o, com extens\u00e3o completa da apresenta\u00e7\u00e3o da cabe\u00e7a ou face.<\/li>\n<li data-start=\"1411\" data-end=\"1484\"><strong data-start=\"1413\" data-end=\"1422\">EPP-9<\/strong>: colo do \u00fatero imaturo, 3 cm dilatado, com prolapso do cord\u00e3o umbilical.<\/li>\n<li data-start=\"1485\" data-end=\"1588\"><strong data-start=\"1487\" data-end=\"1497\">EPP-10<\/strong>: colo do \u00fatero duro e imaturo, dilata\u00e7\u00e3o \u2264 2 cm e apresenta\u00e7\u00e3o anterior cef\u00e1lica ou occipital.<\/li>\n<li data-start=\"1589\" data-end=\"1679\"><strong data-start=\"1591\" data-end=\"1601\">EPP-11<\/strong>: colo do \u00fatero apagado, 8 cm de dilata\u00e7\u00e3o e apresenta\u00e7\u00e3o occipital posterior esquerda (LOP).<\/li>\n<li data-start=\"1680\" data-end=\"1759\"><strong data-start=\"1682\" data-end=\"1692\">EPP-12<\/strong>: C\u00e9rvix apagada, 9 cm de dilata\u00e7\u00e3o e apresenta\u00e7\u00e3o posterior occipital.<\/li>\n<li data-start=\"1760\" data-end=\"1823\"><strong data-start=\"1762\" data-end=\"1772\">EPP-13<\/strong>: colo do \u00fatero imaturo, 5 cm de dilata\u00e7\u00e3o e prolapso da m\u00e3o.<\/li>\n<li data-start=\"1824\" data-end=\"1906\"><strong data-start=\"1826\" data-end=\"1836\">EPP-14<\/strong>: C\u00e9rvix apagado, 9 cm de dilata\u00e7\u00e3o e apresenta\u00e7\u00e3o de assincronia anterior.<\/li>\n<li data-start=\"1907\" data-end=\"1976\"><strong data-start=\"1909\" data-end=\"1919\">EPP-15<\/strong>: Colo do \u00fatero apagado, 8 cm de dilata\u00e7\u00e3o e apresenta\u00e7\u00e3o frontal.<\/li>\n<li data-start=\"1977\" data-end=\"2005\"><strong data-start=\"1979\" data-end=\"1989\">EPP-16<\/strong>: Colo do \u00fatero fechado.<\/li>\n<li data-start=\"2006\" data-end=\"2056\"><strong data-start=\"2008\" data-end=\"2018\">EPP-17<\/strong>: Apresenta\u00e7\u00e3o no ombro, 6 cm de dilata\u00e7\u00e3o.<\/li>\n<li data-start=\"2057\" data-end=\"2110\"><strong data-start=\"2059\" data-end=\"2069\">EPP-18<\/strong>: Apresenta\u00e7\u00e3o p\u00e9lvica masculina, 6 cm de dilata\u00e7\u00e3o.<\/li>\n<li data-start=\"2111\" data-end=\"2166\"><strong data-start=\"2113\" data-end=\"2123\">EPP-19<\/strong>: Apresenta\u00e7\u00e3o p\u00e9lvica feminina, 6 cm de dilata\u00e7\u00e3o.<\/li>\n<li data-start=\"2111\" data-end=\"2166\"><strong data-start=\"2169\" data-end=\"2179\">EPP-20<\/strong>: C\u00e9rvix apagado, 7 cm de dilata\u00e7\u00e3o e apresenta\u00e7\u00e3o de assincronia posterior.<\/li>\n<\/ul>\n","protected":false},"excerpt":{"rendered":"<p>O <strong data-start=\"4\" data-end=\"49\">Prepartum Cervical Checks &#8211; EPP Simulator<\/strong> permite um treinamento realista em avalia\u00e7\u00f5es cervicais durante o trabalho de parto. Ele apresenta modelos personaliz\u00e1veis com diferentes apresenta\u00e7\u00f5es fetais e est\u00e1gios de dilata\u00e7\u00e3o cervical, permitindo que os alunos pratiquem a palpa\u00e7\u00e3o bidigital e se familiarizem com v\u00e1rias condi\u00e7\u00f5es do canal de parto, imitando cen\u00e1rios reais de trabalho de parto. Ideal para ensinar verifica\u00e7\u00f5es cervicais, posicionamento fetal e complica\u00e7\u00f5es em um ambiente cl\u00ednico.  <\/p>\n","protected":false},"featured_media":4040,"comment_status":"open","ping_status":"closed","template":"","meta":[],"product_brand":[1153],"product_cat":[1038,588,587],"product_tag":[597,590,591,594,595,593,592,596],"class_list":{"0":"post-4038","1":"product","2":"type-product","3":"status-publish","4":"has-post-thumbnail","6":"product_brand-pro-delphus-pt-br","7":"product_cat-enfermagem","8":"product_cat-obstetricia","9":"product_cat-parto","10":"product_tag-exame-de-toque-pre-parto","11":"product_tag-posicionamento-fetal","12":"product_tag-simulacao-pre-parto","13":"product_tag-simulador-de-avaliacao-do-trabalho-de-parto-cervical","14":"product_tag-simulador-de-obstetricia","15":"product_tag-simulador-de-trabalho","16":"product_tag-treinamento-do-canal-de-parto","17":"product_tag-treinamento-em-obstetricia","19":"first","20":"instock","21":"shipping-taxable","22":"purchasable","23":"product-type-simple"},"_links":{"self":[{"href":"https:\/\/prodelphus.com.br\/pt-br\/wp-json\/wp\/v2\/product\/4038","targetHints":{"allow":["GET"]}}],"collection":[{"href":"https:\/\/prodelphus.com.br\/pt-br\/wp-json\/wp\/v2\/product"}],"about":[{"href":"https:\/\/prodelphus.com.br\/pt-br\/wp-json\/wp\/v2\/types\/product"}],"replies":[{"embeddable":true,"href":"https:\/\/prodelphus.com.br\/pt-br\/wp-json\/wp\/v2\/comments?post=4038"}],"wp:featuredmedia":[{"embeddable":true,"href":"https:\/\/prodelphus.com.br\/pt-br\/wp-json\/wp\/v2\/media\/4040"}],"wp:attachment":[{"href":"https:\/\/prodelphus.com.br\/pt-br\/wp-json\/wp\/v2\/media?parent=4038"}],"wp:term":[{"taxonomy":"product_brand","embeddable":true,"href":"https:\/\/prodelphus.com.br\/pt-br\/wp-json\/wp\/v2\/product_brand?post=4038"},{"taxonomy":"product_cat","embeddable":true,"href":"https:\/\/prodelphus.com.br\/pt-br\/wp-json\/wp\/v2\/product_cat?post=4038"},{"taxonomy":"product_tag","embeddable":true,"href":"https:\/\/prodelphus.com.br\/pt-br\/wp-json\/wp\/v2\/product_tag?post=4038"}],"curies":[{"name":"wp","href":"https:\/\/api.w.org\/{rel}","templated":true}]}}