{"id":4033,"date":"2025-03-18T18:05:46","date_gmt":"2025-03-18T21:05:46","guid":{"rendered":"https:\/\/dev.prodelphus.com.br\/?post_type=product&#038;p=4033"},"modified":"2025-05-16T09:43:06","modified_gmt":"2025-05-16T12:43:06","slug":"simulador-louise-para-coleta-de-ovulos-e-implantacao-de-embrioes","status":"publish","type":"product","link":"https:\/\/prodelphus.com.br\/pt-br\/produto\/simulador-louise-para-coleta-de-ovulos-e-implantacao-de-embrioes\/","title":{"rendered":"Simulador LOUISE para coleta de \u00f3vulos e implanta\u00e7\u00e3o de embri\u00f5es"},"content":{"rendered":"<p data-start=\"0\" data-end=\"75\"><strong data-start=\"0\" data-end=\"14\">ETP-LOUISE<\/strong><br data-start=\"14\" data-end=\"17\"><strong data-start=\"17\" data-end=\"73\">SIMULADOR PARA COLETA DE \u00d3VULOS E IMPLANTA\u00c7\u00c3O DE EMBRI\u00d5ES<\/strong><\/p>\n<p data-start=\"77\" data-end=\"231\">Experimente a <strong data-start=\"101\" data-end=\"127\">tecnologia<\/strong> de ponta <strong data-start=\"101\" data-end=\"127\">e o realismo<\/strong> no aprendizado dos procedimentos de insemina\u00e7\u00e3o artificial com o <strong data-start=\"184\" data-end=\"229\">sistema de simula\u00e7\u00e3o Pro Delphus ETP-LOUISE.<\/strong><\/p>\n<p data-start=\"233\" data-end=\"396\">O <strong data-start=\"237\" data-end=\"261\">simulador ETP-LOUISE<\/strong> foi desenvolvido para <strong data-start=\"280\" data-end=\"335\">treinamento em coleta de \u00f3vulos e implanta\u00e7\u00e3o de embri\u00f5es,<\/strong> oferecendo uma <strong data-start=\"348\" data-end=\"372\">interface ultrass\u00f4nica<\/strong> para maior realismo.<\/p>\n<ul data-start=\"398\" data-end=\"840\">\n<li data-start=\"398\" data-end=\"537\">A <strong data-start=\"404\" data-end=\"421\">unidade cir\u00fargica<\/strong> \u00e9 um bloco feito de <strong data-start=\"441\" data-end=\"454\">Neoderma,<\/strong> com <strong data-start=\"465\" data-end=\"535\">ossos p\u00e9lvicos, tecidos moles, uma cavidade vaginal, \u00fatero e ov\u00e1rios<\/strong>.<\/li>\n<li data-start=\"538\" data-end=\"635\">Permite <strong data-start=\"547\" data-end=\"595\">a coleta de \u00f3vulos por pun\u00e7\u00e3o dentro do ov\u00e1rio,<\/strong> guiada por <strong data-start=\"606\" data-end=\"633\">ultrassom endovaginal.<\/strong><\/li>\n<li data-start=\"636\" data-end=\"740\">Quando os <strong data-start=\"647\" data-end=\"679\">\u00f3vulos s\u00e3o completamente removidos,<\/strong> um novo ov\u00e1rio pode ser substitu\u00eddo, permitindo o treinamento cont\u00ednuo.<\/li>\n<li data-start=\"741\" data-end=\"840\">O <strong data-start=\"747\" data-end=\"811\">procedimento tamb\u00e9m pode incluir a implanta\u00e7\u00e3o intrauterina do embri\u00e3o,<\/strong> tamb\u00e9m guiada por ultrassom.<\/li>\n<\/ul>\n<p data-start=\"842\" data-end=\"949\" data-is-last-node=\"\" data-is-only-node=\"\"><strong data-start=\"842\" data-end=\"851\">Observa\u00e7\u00e3o:<\/strong> Se o l\u00edquido for <strong data-start=\"869\" data-end=\"883\">reinjetado<\/strong> durante a coleta de ovos, o modelo poder\u00e1 ser reutilizado para novas pun\u00e7\u00f5es.<\/p>\n","protected":false},"excerpt":{"rendered":"<p>O <strong data-start=\"4\" data-end=\"28\">simulador ETP-LOUISE<\/strong> foi projetado para treinamento em <strong data-start=\"57\" data-end=\"75\">coleta de \u00f3vulos<\/strong> e <strong data-start=\"80\" data-end=\"103\">implanta\u00e7\u00e3o de embri\u00f5es<\/strong>. Ele apresenta uma unidade cir\u00fargica <strong data-start=\"119\" data-end=\"131\">Neoderma<\/strong> com ossos p\u00e9lvicos, tecidos moles, cavidade vaginal, \u00fatero e ov\u00e1rios realistas, permitindo a <strong data-start=\"239\" data-end=\"288\">coleta de \u00f3vulos por meio de pun\u00e7\u00e3o guiada por ultrassom<\/strong> e <strong data-start=\"293\" data-end=\"316\">implanta\u00e7\u00e3o de embri\u00f5es<\/strong>. O modelo pode ser reutilizado com <strong data-start=\"347\" data-end=\"369\">reinje\u00e7\u00e3o de l\u00edquido<\/strong> para pr\u00e1tica cont\u00ednua.  <\/p>\n","protected":false},"featured_media":4035,"comment_status":"open","ping_status":"closed","template":"","meta":[],"product_brand":[1153],"product_cat":[539],"product_tag":[542,544,559,547,549,545,553,556,543],"class_list":{"0":"post-4033","1":"product","2":"type-product","3":"status-publish","4":"has-post-thumbnail","6":"product_brand-pro-delphus-pt-br","7":"product_cat-ultrassom","8":"product_tag-ginecologia","9":"product_tag-saude-reprodutiva","10":"product_tag-simulador-de-aspiracao-de-ovos","11":"product_tag-simulador-de-coleta-de-ovos","12":"product_tag-simulador-de-implantacao-de-embrioes","13":"product_tag-simulador-de-inseminacao-artificial","14":"product_tag-simulador-de-puncao-ovariana","15":"product_tag-simulador-de-ultrassom","16":"product_tag-treinamento-em-fertilidade","18":"first","19":"instock","20":"shipping-taxable","21":"purchasable","22":"product-type-simple"},"_links":{"self":[{"href":"https:\/\/prodelphus.com.br\/pt-br\/wp-json\/wp\/v2\/product\/4033","targetHints":{"allow":["GET"]}}],"collection":[{"href":"https:\/\/prodelphus.com.br\/pt-br\/wp-json\/wp\/v2\/product"}],"about":[{"href":"https:\/\/prodelphus.com.br\/pt-br\/wp-json\/wp\/v2\/types\/product"}],"replies":[{"embeddable":true,"href":"https:\/\/prodelphus.com.br\/pt-br\/wp-json\/wp\/v2\/comments?post=4033"}],"wp:featuredmedia":[{"embeddable":true,"href":"https:\/\/prodelphus.com.br\/pt-br\/wp-json\/wp\/v2\/media\/4035"}],"wp:attachment":[{"href":"https:\/\/prodelphus.com.br\/pt-br\/wp-json\/wp\/v2\/media?parent=4033"}],"wp:term":[{"taxonomy":"product_brand","embeddable":true,"href":"https:\/\/prodelphus.com.br\/pt-br\/wp-json\/wp\/v2\/product_brand?post=4033"},{"taxonomy":"product_cat","embeddable":true,"href":"https:\/\/prodelphus.com.br\/pt-br\/wp-json\/wp\/v2\/product_cat?post=4033"},{"taxonomy":"product_tag","embeddable":true,"href":"https:\/\/prodelphus.com.br\/pt-br\/wp-json\/wp\/v2\/product_tag?post=4033"}],"curies":[{"name":"wp","href":"https:\/\/api.w.org\/{rel}","templated":true}]}}