{"id":4027,"date":"2025-03-18T17:56:02","date_gmt":"2025-03-18T20:56:02","guid":{"rendered":"https:\/\/dev.prodelphus.com.br\/?post_type=product&#038;p=4027"},"modified":"2025-06-16T09:09:59","modified_gmt":"2025-06-16T12:09:59","slug":"simulador-etxy-modelo-portatil-para-histeroscopia","status":"publish","type":"product","link":"https:\/\/prodelphus.com.br\/pt-br\/produto\/simulador-etxy-modelo-portatil-para-histeroscopia\/","title":{"rendered":"Simulador ETXY (modelo port\u00e1til) para histeroscopia"},"content":{"rendered":"<h3 data-start=\"0\" data-end=\"43\"><strong data-start=\"4\" data-end=\"41\">SIMULADORES MULTIFUNCIONAIS ETXY-P<\/strong><\/h3>\n<h4 data-start=\"44\" data-end=\"114\"><strong data-start=\"49\" data-end=\"112\">Simulador port\u00e1til para histeroscopia diagn\u00f3stica e cir\u00fargica<\/strong><\/h4>\n<p data-start=\"116\" data-end=\"261\">Aprimore suas habilidades em <strong data-start=\"139\" data-end=\"166\">histeroscopia diagn\u00f3stica<\/strong> e pratique interven\u00e7\u00f5es cir\u00fargicas, como <strong data-start=\"211\" data-end=\"248\">miomectomia, polipectomia, abla\u00e7\u00e3o<\/strong> e muito mais.<\/p>\n<p data-start=\"263\" data-end=\"766\">O <strong data-start=\"267\" data-end=\"277\">ETXY-P<\/strong> \u00e9 uma <strong data-start=\"283\" data-end=\"303\">vers\u00e3o port\u00e1til<\/strong> do simulador ETXY padr\u00e3o, com uma <strong data-start=\"348\" data-end=\"376\">base de acr\u00edlico leve<\/strong> em vez de uma pelve de fibra de vidro. Internamente, <strong data-start=\"425\" data-end=\"463\">as imagens endosc\u00f3picas permanecem id\u00eanticas<\/strong> entre os dois modelos. O sistema inclui uma unidade cir\u00fargica projetada para acomodar <strong data-start=\"545\" data-end=\"585\">\u00fateros artificiais feitos de Neoderma<\/strong>, permitindo o treinamento na tomada de decis\u00f5es para v\u00e1rios diagn\u00f3sticos, bem como a realiza\u00e7\u00e3o de <strong data-start=\"674\" data-end=\"718\">ressec\u00e7\u00e3o endometrial com complica\u00e7\u00f5es<\/strong> como <strong data-start=\"727\" data-end=\"763\">sangramento e perfura\u00e7\u00e3o uterina<\/strong>.  <\/p>\n<p data-start=\"768\" data-end=\"1063\">O <strong data-start=\"772\" data-end=\"800\">simulador ETXY-P Hystero<\/strong> \u00e9 f\u00e1cil de montar e permite uma s\u00e9rie de procedimentos, desde <strong data-start=\"858\" data-end=\"889\">exames b\u00e1sicos de esp\u00e9culo<\/strong> at\u00e9 o manuseio de <strong data-start=\"909\" data-end=\"943\">diagn\u00f3sticos intrauterinos complexos<\/strong>. A varia\u00e7\u00e3o de <strong data-start=\"962\" data-end=\"980\">modelos uterinos<\/strong> permite o uso de <strong data-start=\"1008\" data-end=\"1040\">energia monopolar e bipolar<\/strong> (\u00fateros Neoderma). <\/p>\n<h3 data-start=\"1065\" data-end=\"1106\"><strong data-start=\"1069\" data-end=\"1104\">Aplica\u00e7\u00f5es vers\u00e1teis de treinamento<\/strong><\/h3>\n<p data-start=\"1107\" data-end=\"1411\">A <strong data-start=\"1111\" data-end=\"1139\">estrutura de suporte ETXY-P<\/strong> tamb\u00e9m pode ser utilizada para:<br data-start=\"1165\" data-end=\"1168\">\u2705 <strong data-start=\"1170\" data-end=\"1195\">Exames de esp\u00e9culo<\/strong><br data-start=\"1195\" data-end=\"1198\">\u2705 <strong data-start=\"1200\" data-end=\"1232\">Diagn\u00f3stico de patologia cervical<\/strong><br data-start=\"1232\" data-end=\"1235\">\u2705 <strong data-start=\"1237\" data-end=\"1271\" data-is-only-node=\"\">Aplica\u00e7\u00e3o e implanta\u00e7\u00e3o de DIU<\/strong><br data-start=\"1271\" data-end=\"1274\">\u2705 <strong data-start=\"1276\" data-end=\"1317\">Dilata\u00e7\u00e3o cervical e curetagem uterina<\/strong><br data-start=\"1317\" data-end=\"1320\">\u2705 <strong data-start=\"1322\" data-end=\"1360\">Treinamento em urologia e proctologia<\/strong> <em data-start=\"1361\" data-end=\"1409\">(simplesmente substituindo os modelos de unidade cir\u00fargica)<\/em><\/p>\n<p data-start=\"1413\" data-end=\"1504\" data-is-last-node=\"\" data-is-only-node=\"\">Para obter <strong data-start=\"1417\" data-end=\"1441\">solu\u00e7\u00f5es personalizadas<\/strong> e informa\u00e7\u00f5es adicionais, entre <strong data-start=\"1477\" data-end=\"1503\">em contato com nossa equipe de vendas<\/strong>.<\/p>\n","protected":false},"excerpt":{"rendered":"<p><strong data-start=\"0\" data-end=\"42\" data-is-only-node=\"\">ETXY-P Portable Hysteroscopy Simulator<\/strong> &#8211; Um <strong data-start=\"47\" data-end=\"89\">sistema de treinamento leve e vers\u00e1til<\/strong> para <strong data-start=\"94\" data-end=\"134\">histeroscopia diagn\u00f3stica e cir\u00fargica<\/strong>. Inclui uma <strong data-start=\"151\" data-end=\"167\">base de acr\u00edlico<\/strong> e um <strong data-start=\"174\" data-end=\"204\">\u00fatero artificial Neoderma<\/strong>, permitindo procedimentos como <strong data-start=\"238\" data-end=\"321\">miomectomia, polipectomia, abla\u00e7\u00e3o e ressec\u00e7\u00e3o endometrial com complica\u00e7\u00f5es<\/strong>. O <strong data-start=\"327\" data-end=\"345\">design modular<\/strong> tamb\u00e9m suporta <strong data-start=\"360\" data-end=\"413\">procedimentos de urologia, proctologia e ginecologia<\/strong>, o que o torna uma <strong data-start=\"428\" data-end=\"467\">ferramenta ideal para treinamento em v\u00e1rias especialidades<\/strong>.  <\/p>\n","protected":false},"featured_media":4031,"comment_status":"open","ping_status":"closed","template":"","meta":[],"product_brand":[1153],"product_cat":[1038,570,1170,1162,1163],"product_tag":[834,833,542,578,576,583,580,533,581,532],"class_list":{"0":"post-4027","1":"product","2":"type-product","3":"status-publish","4":"has-post-thumbnail","6":"product_brand-pro-delphus-pt-br","7":"product_cat-enfermagem","8":"product_cat-histeroscopia","9":"product_cat-simuladores-portateis","10":"product_cat-treinamento-em-cirurgia-endoscopica","11":"product_cat-ginecologia","12":"product_tag-ablacao-endometrial","13":"product_tag-dilatacao-cervical","14":"product_tag-ginecologia","15":"product_tag-histeroscopia","16":"product_tag-miomectomia","17":"product_tag-patologias-uterinas","18":"product_tag-polipectomia","19":"product_tag-proctologia","20":"product_tag-resseccao-endometrial","21":"product_tag-urologia","23":"first","24":"instock","25":"shipping-taxable","26":"purchasable","27":"product-type-simple"},"_links":{"self":[{"href":"https:\/\/prodelphus.com.br\/pt-br\/wp-json\/wp\/v2\/product\/4027","targetHints":{"allow":["GET"]}}],"collection":[{"href":"https:\/\/prodelphus.com.br\/pt-br\/wp-json\/wp\/v2\/product"}],"about":[{"href":"https:\/\/prodelphus.com.br\/pt-br\/wp-json\/wp\/v2\/types\/product"}],"replies":[{"embeddable":true,"href":"https:\/\/prodelphus.com.br\/pt-br\/wp-json\/wp\/v2\/comments?post=4027"}],"wp:featuredmedia":[{"embeddable":true,"href":"https:\/\/prodelphus.com.br\/pt-br\/wp-json\/wp\/v2\/media\/4031"}],"wp:attachment":[{"href":"https:\/\/prodelphus.com.br\/pt-br\/wp-json\/wp\/v2\/media?parent=4027"}],"wp:term":[{"taxonomy":"product_brand","embeddable":true,"href":"https:\/\/prodelphus.com.br\/pt-br\/wp-json\/wp\/v2\/product_brand?post=4027"},{"taxonomy":"product_cat","embeddable":true,"href":"https:\/\/prodelphus.com.br\/pt-br\/wp-json\/wp\/v2\/product_cat?post=4027"},{"taxonomy":"product_tag","embeddable":true,"href":"https:\/\/prodelphus.com.br\/pt-br\/wp-json\/wp\/v2\/product_tag?post=4027"}],"curies":[{"name":"wp","href":"https:\/\/api.w.org\/{rel}","templated":true}]}}