{"id":4001,"date":"2025-03-18T16:42:09","date_gmt":"2025-03-18T19:42:09","guid":{"rendered":"https:\/\/dev.prodelphus.com.br\/?post_type=product&#038;p=4001"},"modified":"2025-05-16T09:43:11","modified_gmt":"2025-05-16T12:43:11","slug":"simulador-adam-endourology-etxy-para-varios-procedimentos-urologicos","status":"publish","type":"product","link":"https:\/\/prodelphus.com.br\/pt-br\/produto\/simulador-adam-endourology-etxy-para-varios-procedimentos-urologicos\/","title":{"rendered":"Simulador ADAM Endourology-ETXY para procedimentos urol\u00f3gicos"},"content":{"rendered":"<p data-start=\"0\" data-end=\"57\"><strong data-start=\"0\" data-end=\"55\">SIMULADOR MULTIFUNCIONAL ETXY &#8211; M\u00d3DULO DE ENDOUROLOGIA<\/strong><\/p>\n<h3 data-start=\"59\" data-end=\"147\"><strong data-start=\"63\" data-end=\"145\">A praticidade da base anat\u00f4mica ETXY para treinamento avan\u00e7ado em endourologia<\/strong><\/h3>\n<p data-start=\"149\" data-end=\"297\">O <strong data-start=\"153\" data-end=\"183\">Simulador de Endourologia ETXY<\/strong> foi projetado para proporcionar uma <strong data-start=\"209\" data-end=\"246\">experi\u00eancia realista e pr\u00e1tica<\/strong> em v\u00e1rios <strong data-start=\"258\" data-end=\"283\">procedimentos urol\u00f3gicos<\/strong>, incluindo:<\/p>\n<ul data-start=\"298\" data-end=\"493\">\n<li data-start=\"298\" data-end=\"348\"><strong data-start=\"300\" data-end=\"346\">Ressec\u00e7\u00e3o da pr\u00f3stata e enuclea\u00e7\u00e3o de adenoma<\/strong><\/li>\n<li data-start=\"349\" data-end=\"388\"><strong data-start=\"351\" data-end=\"386\">Remo\u00e7\u00e3o de pedras, p\u00f3lipos e tumores<\/strong><\/li>\n<li data-start=\"389\" data-end=\"423\"><strong data-start=\"391\" data-end=\"421\">Coloca\u00e7\u00e3o de stent duplo &#8220;J<\/strong><\/li>\n<li data-start=\"424\" data-end=\"493\"><strong data-start=\"426\" data-end=\"491\">Interven\u00e7\u00f5es na uretra, na pr\u00f3stata, na bexiga, no ureter e nos rins<\/strong><\/li>\n<\/ul>\n<p data-start=\"495\" data-end=\"683\">Esse <strong data-start=\"500\" data-end=\"543\">simulador vers\u00e1til e multifuncional<\/strong> utiliza <strong data-start=\"553\" data-end=\"565\">o Neoderma<\/strong>, um material exclusivo que permite <strong data-start=\"601\" data-end=\"643\">interven\u00e7\u00f5es com energia bipolar e laser<\/strong>, reproduzindo as respostas reais dos pacientes.<\/p>\n<p data-start=\"685\" data-end=\"929\">Para <strong data-start=\"689\" data-end=\"723\">ressec\u00e7\u00f5es com energia bipolar<\/strong>, o uso de <strong data-start=\"736\" data-end=\"768\">solu\u00e7\u00e3o salina \u00e9 obrigat\u00f3rio<\/strong>, garantindo uma experi\u00eancia cir\u00fargica precisa. \u00c9 essencial que voc\u00ea informe <strong data-start=\"838\" data-end=\"870\">suas necessidades espec\u00edficas de treinamento<\/strong> para receber a configura\u00e7\u00e3o de simulador mais adequada. <\/p>\n<h3 data-start=\"931\" data-end=\"983\"><strong data-start=\"935\" data-end=\"981\">Expanda seu treinamento com um sistema modular<\/strong><\/h3>\n<p data-start=\"984\" data-end=\"1250\">A <strong data-start=\"988\" data-end=\"1012\">base anat\u00f4mica ETXY<\/strong> \u00e9 <strong data-start=\"1016\" data-end=\"1035\">multifuncional<\/strong>, o que significa que tamb\u00e9m pode ser usada para:<br data-start=\"1069\" data-end=\"1072\">\u2714 <strong data-start=\"1074\" data-end=\"1101\">Procedimentos de histeroscopia<\/strong>, incluindo <strong data-start=\"1113\" data-end=\"1154\">miomectomia, polipectomia e abla\u00e7\u00e3o<\/strong><br data-start=\"1154\" data-end=\"1157\">\u2714 <strong data-start=\"1159\" data-end=\"1182\">Treinamento em proctologia<\/strong>, com a capacidade de trocar <strong data-start=\"1213\" data-end=\"1248\">unidades cir\u00fargicas feitas de Neoderma<\/strong><\/p>\n<h3 data-start=\"1252\" data-end=\"1293\"><strong data-start=\"1256\" data-end=\"1291\">Realismo e precis\u00e3o incompar\u00e1veis<\/strong><\/h3>\n<ul data-start=\"1294\" data-end=\"1581\">\n<li data-start=\"1294\" data-end=\"1370\"><strong data-start=\"1296\" data-end=\"1337\">Replica estruturas anat\u00f4micas reais<\/strong> para <strong data-start=\"1342\" data-end=\"1368\">treinamento de alta fidelidade<\/strong><\/li>\n<li data-start=\"1371\" data-end=\"1457\"><strong data-start=\"1373\" data-end=\"1425\">Permite procedimentos sequenciais sem degrada\u00e7\u00e3o<\/strong>, garantindo a usabilidade a longo prazo<\/li>\n<li data-start=\"1458\" data-end=\"1581\"><strong data-start=\"1460\" data-end=\"1505\">Compat\u00edvel com v\u00e1rias modalidades de energia<\/strong>, o que o torna uma das <strong data-start=\"1533\" data-end=\"1579\">ferramentas de treinamento em urologia<\/strong> mais <strong data-start=\"1533\" data-end=\"1579\">vers\u00e1teis dispon\u00edveis<\/strong><\/li>\n<\/ul>\n<p data-start=\"1583\" data-end=\"1798\" data-is-last-node=\"\" data-is-only-node=\"\">Este <strong data-start=\"1588\" data-end=\"1625\">simulador exclusivo no mercado<\/strong> \u00e9 uma ferramenta essencial para profissionais m\u00e9dicos que buscam <strong data-start=\"1684\" data-end=\"1756\">aprimorar seus conhecimentos em endourologia, histeroscopia e proctologia &#8211; tudo<\/strong>em um \u00fanico <strong data-start=\"1773\" data-end=\"1797\">sistema abrangente<\/strong>.<\/p>\n<p>H\u00e1 tamb\u00e9m um  <strong>MODELO PORT\u00c1TIL<\/strong>  do ETXY-URO e nosso  <strong>Kit de patologias da pr\u00f3stata<\/strong>!<\/p>\n<p data-start=\"0\" data-end=\"56\">\n","protected":false},"excerpt":{"rendered":"<p>O <strong>ETXY Endourology Module<\/strong> \u00e9 um simulador vers\u00e1til projetado para treinamento em ressec\u00e7\u00e3o de pr\u00f3stata, remo\u00e7\u00e3o de c\u00e1lculos, excis\u00e3o de p\u00f3lipos e tumores e muito mais. Ele usa Neoderma para reproduzir procedimentos reais com energia bipolar e laser, oferecendo pr\u00e1tica pr\u00e1tica realista. A base multifuncional tamb\u00e9m pode ser adaptada para treinamento em histeroscopia e proctologia.  <\/p>\n","protected":false},"featured_media":4003,"comment_status":"open","ping_status":"closed","template":"","meta":[],"product_brand":[1153],"product_cat":[1038],"product_tag":[877,872,875,533,874,876,873,574,95,572,878],"class_list":{"0":"post-4001","1":"product","2":"type-product","3":"status-publish","4":"has-post-thumbnail","6":"product_brand-pro-delphus-pt-br","7":"product_cat-enfermagem","8":"product_tag-cirurgia-a-laser","9":"product_tag-endourologia","10":"product_tag-excisao-do-tumor","11":"product_tag-proctologia","12":"product_tag-remocao-de-pedras","13":"product_tag-remocao-de-polipos","14":"product_tag-resseccao-da-prostata","15":"product_tag-sangramento","16":"product_tag-simulador","17":"product_tag-treinador-de-cirurgia","18":"product_tag-treinamento-em-urologia","20":"first","21":"instock","22":"shipping-taxable","23":"purchasable","24":"product-type-simple"},"_links":{"self":[{"href":"https:\/\/prodelphus.com.br\/pt-br\/wp-json\/wp\/v2\/product\/4001","targetHints":{"allow":["GET"]}}],"collection":[{"href":"https:\/\/prodelphus.com.br\/pt-br\/wp-json\/wp\/v2\/product"}],"about":[{"href":"https:\/\/prodelphus.com.br\/pt-br\/wp-json\/wp\/v2\/types\/product"}],"replies":[{"embeddable":true,"href":"https:\/\/prodelphus.com.br\/pt-br\/wp-json\/wp\/v2\/comments?post=4001"}],"wp:featuredmedia":[{"embeddable":true,"href":"https:\/\/prodelphus.com.br\/pt-br\/wp-json\/wp\/v2\/media\/4003"}],"wp:attachment":[{"href":"https:\/\/prodelphus.com.br\/pt-br\/wp-json\/wp\/v2\/media?parent=4001"}],"wp:term":[{"taxonomy":"product_brand","embeddable":true,"href":"https:\/\/prodelphus.com.br\/pt-br\/wp-json\/wp\/v2\/product_brand?post=4001"},{"taxonomy":"product_cat","embeddable":true,"href":"https:\/\/prodelphus.com.br\/pt-br\/wp-json\/wp\/v2\/product_cat?post=4001"},{"taxonomy":"product_tag","embeddable":true,"href":"https:\/\/prodelphus.com.br\/pt-br\/wp-json\/wp\/v2\/product_tag?post=4001"}],"curies":[{"name":"wp","href":"https:\/\/api.w.org\/{rel}","templated":true}]}}