{"id":3985,"date":"2025-03-18T16:05:56","date_gmt":"2025-03-18T19:05:56","guid":{"rendered":"https:\/\/dev.prodelphus.com.br\/?post_type=product&#038;p=3985"},"modified":"2025-06-16T08:25:35","modified_gmt":"2025-06-16T11:25:35","slug":"simulador-de-hop-para-agulhamento-puncao-e-venoclise","status":"publish","type":"product","link":"https:\/\/prodelphus.com.br\/pt-br\/produto\/simulador-de-hop-para-agulhamento-puncao-e-venoclise\/","title":{"rendered":"HOP Simulador para agulhamento, pun\u00e7\u00e3o e ven\u00f3clise"},"content":{"rendered":"<p data-start=\"34\" data-end=\"110\"><strong data-start=\"34\" data-end=\"110\">HOP &#8211; SIMULADOR DE PUN\u00c7\u00c3O MANUAL PARA AGULHAMENTO, PUN\u00c7\u00c3O E VEN\u00d3CLISE<\/strong><\/p>\n<p data-start=\"112\" data-end=\"199\">Conhe\u00e7a o <strong data-start=\"128\" data-end=\"135\">HOP<\/strong>, um simulador fant\u00e1stico para procedimentos de pun\u00e7\u00e3o venosa m\u00faltipla.<\/p>\n<p data-start=\"201\" data-end=\"452\">O <strong data-start=\"205\" data-end=\"232\">Hands On Puncture (HOP)<\/strong> \u00e9 um produto exclusivo da Pro Delphus, sendo o simulador de pun\u00e7\u00e3o venosa mais realista do g\u00eanero no mundo. Seu design atende \u00e0s necessidades de m\u00e9dicos, enfermeiros e profissionais de sa\u00fade no ensino de procedimentos de pun\u00e7\u00e3o venosa. <\/p>\n<p data-start=\"454\" data-end=\"783\">Montado em um suporte de acr\u00edlico reutiliz\u00e1vel, o <strong data-start=\"495\" data-end=\"502\">HOP<\/strong> \u00e9 equipado com uma bomba perist\u00e1ltica, que permite o controle da velocidade e do pulso vascular. Possui um recipiente para acomoda\u00e7\u00e3o de sangue artificial. Seus vasos s\u00e3o anatomicamente integrados ao espa\u00e7o celular subcut\u00e2neo, que se aprofunda em seu trajeto, permitindo v\u00e1rias atividades de complexidade.  <\/p>\n<p data-start=\"785\" data-end=\"1093\">Se voc\u00ea seguir uma programa\u00e7\u00e3o de pun\u00e7\u00f5es sequenciais, o <strong data-start=\"836\" data-end=\"843\">HOP<\/strong> permite centenas de procedimentos sem deixar marcas das agulhas. A unidade cir\u00fargica \u00e9 moldada em <strong data-start=\"951\" data-end=\"964\">Neoderma\u00ae<\/strong>, desenvolvida e produzida exclusivamente pela Pro Delphus Simulators. Este modelo n\u00e3o cont\u00e9m silicone ou l\u00e1tex em sua composi\u00e7\u00e3o.  <\/p>\n<p data-start=\"1095\" data-end=\"1262\">Com o <strong data-start=\"1100\" data-end=\"1107\">HOP<\/strong>, a curva de aprendizado \u00e9 reduzida, permitindo o ensino pr\u00e1tico com extrema realidade. Voc\u00ea aprender\u00e1 rapidamente a realizar uma infus\u00e3o com excel\u00eancia e efici\u00eancia. <\/p>\n","protected":false},"excerpt":{"rendered":"<p>O <strong data-start=\"4\" data-end=\"42\">HOP &#8211; Hands&#8217; On Puncture Simulator<\/strong> \u00e9 uma ferramenta de treinamento realista para procedimentos de pun\u00e7\u00e3o venosa. Projetado para m\u00e9dicos, enfermeiros e profissionais de sa\u00fade, ele oferece uma experi\u00eancia aut\u00eantica com vasos anatomicamente integrados, bomba perist\u00e1ltica para pulso vascular e acomoda\u00e7\u00e3o de sangue artificial. O <strong data-start=\"306\" data-end=\"313\">HOP<\/strong> permite centenas de procedimentos sem marcas de agulha, usando <strong data-start=\"372\" data-end=\"385\">Neoderma\u00ae<\/strong> para maior durabilidade. \u00c9 ideal para voc\u00ea dominar t\u00e9cnicas de infus\u00e3o com alto realismo e efici\u00eancia.   <\/p>\n","protected":false},"featured_media":3987,"comment_status":"open","ping_status":"closed","template":"","meta":[],"product_brand":[1153],"product_cat":[683,1038,1161],"product_tag":[560,562,95,557,554],"class_list":{"0":"post-3985","1":"product","2":"type-product","3":"status-publish","4":"has-post-thumbnail","6":"product_brand-pro-delphus-pt-br","7":"product_cat-emergencia","8":"product_cat-enfermagem","9":"product_cat-simulador-de-puncao-vascular","10":"product_tag-procedimentos-de-puncao","11":"product_tag-puncao-venosa","12":"product_tag-simulador","13":"product_tag-simulador-de-puncao-vascular","14":"product_tag-treinamento-arterial-e-venoso","16":"first","17":"instock","18":"shipping-taxable","19":"product-type-external"},"_links":{"self":[{"href":"https:\/\/prodelphus.com.br\/pt-br\/wp-json\/wp\/v2\/product\/3985","targetHints":{"allow":["GET"]}}],"collection":[{"href":"https:\/\/prodelphus.com.br\/pt-br\/wp-json\/wp\/v2\/product"}],"about":[{"href":"https:\/\/prodelphus.com.br\/pt-br\/wp-json\/wp\/v2\/types\/product"}],"replies":[{"embeddable":true,"href":"https:\/\/prodelphus.com.br\/pt-br\/wp-json\/wp\/v2\/comments?post=3985"}],"wp:featuredmedia":[{"embeddable":true,"href":"https:\/\/prodelphus.com.br\/pt-br\/wp-json\/wp\/v2\/media\/3987"}],"wp:attachment":[{"href":"https:\/\/prodelphus.com.br\/pt-br\/wp-json\/wp\/v2\/media?parent=3985"}],"wp:term":[{"taxonomy":"product_brand","embeddable":true,"href":"https:\/\/prodelphus.com.br\/pt-br\/wp-json\/wp\/v2\/product_brand?post=3985"},{"taxonomy":"product_cat","embeddable":true,"href":"https:\/\/prodelphus.com.br\/pt-br\/wp-json\/wp\/v2\/product_cat?post=3985"},{"taxonomy":"product_tag","embeddable":true,"href":"https:\/\/prodelphus.com.br\/pt-br\/wp-json\/wp\/v2\/product_tag?post=3985"}],"curies":[{"name":"wp","href":"https:\/\/api.w.org\/{rel}","templated":true}]}}