{"id":3961,"date":"2025-03-18T15:18:39","date_gmt":"2025-03-18T18:18:39","guid":{"rendered":"https:\/\/dev.prodelphus.com.br\/?post_type=product&#038;p=3961"},"modified":"2025-05-16T09:43:18","modified_gmt":"2025-05-16T12:43:18","slug":"julie-simulator-anatomia-da-face-e-tecnicas-de-rejuvenescimento","status":"publish","type":"product","link":"https:\/\/prodelphus.com.br\/pt-br\/produto\/julie-simulator-anatomia-da-face-e-tecnicas-de-rejuvenescimento\/","title":{"rendered":"JULIE Simulator &#8211; Anatomia da face e t\u00e9cnicas de rejuvenescimento"},"content":{"rendered":"<p data-start=\"0\" data-end=\"73\"><strong data-start=\"0\" data-end=\"73\">SIMULADOR JULIE PARA O ENSINO DE ANATOMIA FACIAL E T\u00c9CNICAS DE REJUVENESCIMENTO<\/strong><\/p>\n<p data-start=\"75\" data-end=\"760\">Julie foi desenvolvida pela Pro Delphus para apresentar a anatomia do rosto de forma clara e explicativa, mostrando como proceder com a aplica\u00e7\u00e3o de toxina botul\u00ednica, preenchimentos d\u00e9rmicos injet\u00e1veis, lifting de fios, tratamentos a laser e muito mais. Os pontos de refer\u00eancia anat\u00f4micos s\u00e3o explicitamente vis\u00edveis no lado esquerdo do rosto, onde nervos, vasos e m\u00fasculos oferecem oportunidades para tratamentos e demonstra\u00e7\u00f5es personalizados. Uma m\u00e1scara contendo gordura do lado esquerdo do rosto de uma mulher adulta jovem permite a compara\u00e7\u00e3o da perda de tecido adiposo com outra m\u00e1scara, comparando-a com o tecido adiposo de uma mulher idosa. O lado direito do modelo permite a palpa\u00e7\u00e3o real de um rosto revestido com tecido adiposo e pele.   <\/p>\n<p data-start=\"762\" data-end=\"966\" data-is-last-node=\"\" data-is-only-node=\"\">O Julie n\u00e3o foi projetado para mostrar os resultados dos tratamentos. Seu uso \u00e9 restrito ao ensino anat\u00f4mico dos pontos ideais para aplica\u00e7\u00e3o de cada produto, bem como \u00e0 demonstra\u00e7\u00e3o de poss\u00edveis fatores de risco. <\/p>\n","protected":false},"excerpt":{"rendered":"<p><strong data-start=\"0\" data-end=\"9\" data-is-only-node=\"\">O Julie<\/strong> \u00e9 um simulador de \u00faltima gera\u00e7\u00e3o projetado para ensinar <strong data-start=\"56\" data-end=\"72\">anatomia facial<\/strong> e t\u00e9cnicas de rejuvenescimento, incluindo <strong data-start=\"112\" data-end=\"143\">aplica\u00e7\u00e3o de toxina botul\u00ednica<\/strong>, <strong data-start=\"145\" data-end=\"163\">preenchimentos d\u00e9rmicos<\/strong>, <strong data-start=\"165\" data-end=\"181\">lifting de fios<\/strong> e <strong data-start=\"187\" data-end=\"207\">tratamentos a laser<\/strong>. Com <strong data-start=\"214\" data-end=\"238\">pontos de refer\u00eancia anat\u00f4micos<\/strong> claramente marcados no lado esquerdo da face, ele permite a f\u00e1cil demonstra\u00e7\u00e3o de <strong data-start=\"320\" data-end=\"330\">nervos<\/strong>, <strong data-start=\"332\" data-end=\"343\">vasos<\/strong> e <strong data-start=\"349\" data-end=\"360\">m\u00fasculos<\/strong>. O modelo apresenta <strong data-start=\"390\" data-end=\"414\">m\u00e1scaras<\/strong> exclusivas <strong data-start=\"390\" data-end=\"414\">com tecido adiposo<\/strong> de uma mulher adulta jovem e de uma idosa, oferecendo uma <strong data-start=\"475\" data-end=\"509\">compara\u00e7\u00e3o<\/strong> clara <strong data-start=\"475\" data-end=\"509\">da distribui\u00e7\u00e3o de gordura<\/strong>. O lado direito proporciona uma sensa\u00e7\u00e3o realista para a <strong data-start=\"556\" data-end=\"569\">palpa\u00e7\u00e3o<\/strong>, mostrando a diferen\u00e7a entre <strong data-start=\"600\" data-end=\"623\">o tecido adiposo e a pele<\/strong>.    Embora n\u00e3o se destine a mostrar os resultados do tratamento, Julie \u00e9 ideal para a <strong data-start=\"692\" data-end=\"716\">educa\u00e7\u00e3o anat\u00f4mica<\/strong>, ensinando <strong data-start=\"727\" data-end=\"755\">os pontos ideais de aplica\u00e7\u00e3o<\/strong> e destacando <strong data-start=\"773\" data-end=\"789\">os fatores de risco<\/strong> para procedimentos est\u00e9ticos.<\/p>\n","protected":false},"featured_media":3963,"comment_status":"open","ping_status":"closed","template":"","meta":[],"product_brand":[1153],"product_cat":[87,613],"product_tag":[860,867,864,866,868,863,861,862,865,869],"class_list":{"0":"post-3961","1":"product","2":"type-product","3":"status-publish","4":"has-post-thumbnail","6":"product_brand-pro-delphus-pt-br","7":"product_cat-anatomia-normal-patologica","8":"product_cat-cirurgia-plastica","9":"product_tag-anatomia-da-face","10":"product_tag-distribuicao-de-gordura","11":"product_tag-elevadores-de-linha","12":"product_tag-marcos-anatomicos","13":"product_tag-pratica-de-palpacao","14":"product_tag-preenchimentos-dermicos","15":"product_tag-tecnicas-de-rejuvenescimento","16":"product_tag-toxina-botulinica","17":"product_tag-tratamentos-a-laser","18":"product_tag-treinamento-estetico","20":"first","21":"instock","22":"shipping-taxable","23":"purchasable","24":"product-type-simple"},"_links":{"self":[{"href":"https:\/\/prodelphus.com.br\/pt-br\/wp-json\/wp\/v2\/product\/3961","targetHints":{"allow":["GET"]}}],"collection":[{"href":"https:\/\/prodelphus.com.br\/pt-br\/wp-json\/wp\/v2\/product"}],"about":[{"href":"https:\/\/prodelphus.com.br\/pt-br\/wp-json\/wp\/v2\/types\/product"}],"replies":[{"embeddable":true,"href":"https:\/\/prodelphus.com.br\/pt-br\/wp-json\/wp\/v2\/comments?post=3961"}],"wp:featuredmedia":[{"embeddable":true,"href":"https:\/\/prodelphus.com.br\/pt-br\/wp-json\/wp\/v2\/media\/3963"}],"wp:attachment":[{"href":"https:\/\/prodelphus.com.br\/pt-br\/wp-json\/wp\/v2\/media?parent=3961"}],"wp:term":[{"taxonomy":"product_brand","embeddable":true,"href":"https:\/\/prodelphus.com.br\/pt-br\/wp-json\/wp\/v2\/product_brand?post=3961"},{"taxonomy":"product_cat","embeddable":true,"href":"https:\/\/prodelphus.com.br\/pt-br\/wp-json\/wp\/v2\/product_cat?post=3961"},{"taxonomy":"product_tag","embeddable":true,"href":"https:\/\/prodelphus.com.br\/pt-br\/wp-json\/wp\/v2\/product_tag?post=3961"}],"curies":[{"name":"wp","href":"https:\/\/api.w.org\/{rel}","templated":true}]}}