{"id":3957,"date":"2025-03-18T15:06:39","date_gmt":"2025-03-18T18:06:39","guid":{"rendered":"https:\/\/dev.prodelphus.com.br\/?post_type=product&#038;p=3957"},"modified":"2025-05-16T10:25:19","modified_gmt":"2025-05-16T13:25:19","slug":"simulador-completo-do-knee-trainer","status":"publish","type":"product","link":"https:\/\/prodelphus.com.br\/pt-br\/produto\/simulador-completo-do-knee-trainer\/","title":{"rendered":"Simulador para cir\u00fargias do Joelho"},"content":{"rendered":"<p data-start=\"0\" data-end=\"268\"><strong data-start=\"0\" data-end=\"41\">O simulador para Joelho &#8211; KNT<\/strong> foi desenvolvido para treinamento em cirurgia de joelho com duas op\u00e7\u00f5es: <strong data-start=\"147\" data-end=\"162\">artroscopia<\/strong> e <strong data-start=\"167\" data-end=\"181\">pr\u00f3tese<\/strong>. Permite o diagn\u00f3stico de les\u00f5es e a escolha da melhor forma de manejo das complica\u00e7\u00f5es. <\/p>\n<p data-start=\"270\" data-end=\"438\"><strong data-start=\"270\" data-end=\"299\">Unidade cir\u00fargica de artroscopia<\/strong><br data-start=\"299\" data-end=\"302\">A unidade de artroscopia fornece acesso por meio de <strong data-start=\"347\" data-end=\"369\">portais anat\u00f4micos<\/strong> sob <strong data-start=\"376\" data-end=\"392\">baixa press\u00e3o<\/strong> e <strong data-start=\"397\" data-end=\"424\">irriga\u00e7\u00e3o (por gravidade)<\/strong>. Ela inclui: <\/p>\n<ul data-start=\"439\" data-end=\"649\">\n<li data-start=\"439\" data-end=\"471\"><strong data-start=\"441\" data-end=\"471\">Triangula\u00e7\u00e3o instrumental<\/strong><\/li>\n<li data-start=\"472\" data-end=\"574\">Acesso aos <strong data-start=\"488\" data-end=\"499\">meniscos<\/strong> e suas patologias (por exemplo, sutura, remo\u00e7\u00e3o parcial e uso do shaver)<\/li>\n<li data-start=\"575\" data-end=\"649\"><strong data-start=\"577\" data-end=\"599\">Cirurgia de transplante<\/strong> de <strong data-start=\"604\" data-end=\"626\">ligamentos cruzados<\/strong> com <strong data-start=\"632\" data-end=\"649\">fixa\u00e7\u00e3o \u00f3ssea<\/strong><\/li>\n<\/ul>\n<p data-start=\"651\" data-end=\"725\">O modelo pode ser <strong data-start=\"664\" data-end=\"680\">personalizado<\/strong> para outras condi\u00e7\u00f5es, como <strong data-start=\"711\" data-end=\"724\">joelho duro<\/strong>.<\/p>\n<p data-start=\"727\" data-end=\"916\"><strong data-start=\"727\" data-end=\"757\">Unidade Cir\u00fargica de Artroplastia<\/strong><br data-start=\"757\" data-end=\"760\">A unidade de artroplastia tem a mesma <strong data-start=\"795\" data-end=\"817\">estrutura externa<\/strong> da unidade de artroscopia, mas com um <strong data-start=\"857\" data-end=\"873\">diferencial<\/strong> importante: a <strong data-start=\"879\" data-end=\"914\">aplica\u00e7\u00e3o de pr\u00f3teses articulares<\/strong>.<\/p>\n<p><strong data-start=\"923\" data-end=\"970\">Principais diferen\u00e7as em rela\u00e7\u00e3o ao modelo port\u00e1til (KNT-1B)<\/strong><br data-start=\"970\" data-end=\"973\">Enquanto o <strong data-start=\"983\" data-end=\"993\">KNT-1B<\/strong> se concentra no treinamento de <strong data-start=\"1014\" data-end=\"1040\">t\u00e9cnicas de artroscopia<\/strong> com uma <strong data-start=\"1048\" data-end=\"1065\">base port\u00e1til<\/strong>, o<strong data-start=\"1071\" data-end=\"1112\"> simulador de joelho inclui<\/strong> <strong data-start=\"1122\" data-end=\"1144\" data-is-only-node=\"\">duas unidades cir\u00fargicas<\/strong>, uma para <strong data-start=\"1154\" data-end=\"1169\">artroscopia<\/strong> e outra para <strong data-start=\"1186\" data-end=\"1202\">artroplastia<\/strong>, com a capacidade de simular <strong data-start=\"1239\" data-end=\"1265\">a aplica\u00e7\u00e3o de pr\u00f3teses<\/strong> articulares.<\/p>\n","protected":false},"excerpt":{"rendered":"<p><strong>O Simulador de Joelho &#8211; KNT<\/strong> foi projetado para treinamento em cirurgia de joelho, oferecendo duas unidades cir\u00fargicas: uma para <strong data-start=\"121\" data-end=\"136\">artroscopia<\/strong> e outra para <strong data-start=\"149\" data-end=\"163\">pr\u00f3tese<\/strong>. Ele permite que os estagi\u00e1rios diagnostiquem les\u00f5es, controlem complica\u00e7\u00f5es e pratiquem procedimentos como reparo meniscal, transplante de ligamento e aplica\u00e7\u00e3o de pr\u00f3tese articular. O sistema \u00e9 personaliz\u00e1vel para simular v\u00e1rias condi\u00e7\u00f5es do joelho, proporcionando uma experi\u00eancia de treinamento abrangente.  <\/p>\n","protected":false},"featured_media":3959,"comment_status":"open","ping_status":"closed","template":"","meta":[],"product_brand":[1153],"product_cat":[850,548],"product_tag":[853,857,852,854,855,858,848,851,856,859,845],"class_list":{"0":"post-3957","1":"product","2":"type-product","3":"status-publish","4":"has-post-thumbnail","6":"product_brand-pro-delphus-pt-br","7":"product_cat-cirurgia-do-joelho","8":"product_cat-ortopedia","9":"product_tag-aparelho-de-barbear-para-artroplastia-de-joelho","10":"product_tag-aplicacao-de-protese-de-joelho","11":"product_tag-articulacao-do-joelho","12":"product_tag-artroplastia-de-joelho","13":"product_tag-artroscopia-de-joelho-cruzado","14":"product_tag-meniscoplastia","15":"product_tag-patologia-meniscal","16":"product_tag-protese-de-joelho","17":"product_tag-simulador-de-joelho","18":"product_tag-transplante-de-ligamento-cruzado","19":"product_tag-treinador-de-joelho","21":"first","22":"instock","23":"shipping-taxable","24":"purchasable","25":"product-type-simple"},"_links":{"self":[{"href":"https:\/\/prodelphus.com.br\/pt-br\/wp-json\/wp\/v2\/product\/3957","targetHints":{"allow":["GET"]}}],"collection":[{"href":"https:\/\/prodelphus.com.br\/pt-br\/wp-json\/wp\/v2\/product"}],"about":[{"href":"https:\/\/prodelphus.com.br\/pt-br\/wp-json\/wp\/v2\/types\/product"}],"replies":[{"embeddable":true,"href":"https:\/\/prodelphus.com.br\/pt-br\/wp-json\/wp\/v2\/comments?post=3957"}],"wp:featuredmedia":[{"embeddable":true,"href":"https:\/\/prodelphus.com.br\/pt-br\/wp-json\/wp\/v2\/media\/3959"}],"wp:attachment":[{"href":"https:\/\/prodelphus.com.br\/pt-br\/wp-json\/wp\/v2\/media?parent=3957"}],"wp:term":[{"taxonomy":"product_brand","embeddable":true,"href":"https:\/\/prodelphus.com.br\/pt-br\/wp-json\/wp\/v2\/product_brand?post=3957"},{"taxonomy":"product_cat","embeddable":true,"href":"https:\/\/prodelphus.com.br\/pt-br\/wp-json\/wp\/v2\/product_cat?post=3957"},{"taxonomy":"product_tag","embeddable":true,"href":"https:\/\/prodelphus.com.br\/pt-br\/wp-json\/wp\/v2\/product_tag?post=3957"}],"curies":[{"name":"wp","href":"https:\/\/api.w.org\/{rel}","templated":true}]}}