{"id":3953,"date":"2025-03-18T14:56:11","date_gmt":"2025-03-18T17:56:11","guid":{"rendered":"https:\/\/dev.prodelphus.com.br\/?post_type=product&#038;p=3953"},"modified":"2025-05-16T09:43:18","modified_gmt":"2025-05-16T12:43:18","slug":"knee-trainer-simulador-portatil","status":"publish","type":"product","link":"https:\/\/prodelphus.com.br\/pt-br\/produto\/knee-trainer-simulador-portatil\/","title":{"rendered":"Knee Trainer (Simulador port\u00e1til)"},"content":{"rendered":"<p data-start=\"72\" data-end=\"123\"><strong data-start=\"72\" data-end=\"123\">SIMULADOR PORT\u00c1TIL DE JOELHO PARA ARTROSCOPIA<\/strong><\/p>\n<p data-start=\"125\" data-end=\"257\">A versatilidade e a facilidade de montagem s\u00e3o caracter\u00edsticas da base STANDARD para a unidade cir\u00fargica KNT-1B do sistema KNT Pro Delphus.<\/p>\n<p data-start=\"259\" data-end=\"524\">O treinador de joelho port\u00e1til e sua base STANDARD s\u00e3o uma op\u00e7\u00e3o vers\u00e1til e econ\u00f4mica. Feito de acr\u00edlico e a\u00e7o inoxid\u00e1vel, ele foi projetado para oferecer f\u00e1cil fixa\u00e7\u00e3o na borda de uma mesa ou escrivaninha, facilitando o treinamento com menos espa\u00e7o do que o modelo anat\u00f4mico. <\/p>\n<p data-start=\"526\" data-end=\"898\">Essa base s\u00f3 pode ser acoplada \u00e0 unidade cir\u00fargica KNT-1B (meia coxa, joelho e meia perna), que possui estruturas internas como: ligamentos cruzados, patela, cartilagem \u00f3ssea e menisco. \u00c9 indicada para o ensino de anatomia e, ao mesmo tempo, permite o treinamento em triangula\u00e7\u00e3o, suturas e corre\u00e7\u00e3o de patologias meniscais com o uso do arthro-shaver. (Requer irriga\u00e7\u00e3o l\u00edquida).  <\/p>\n","protected":false},"excerpt":{"rendered":"<p>O <strong data-start=\"4\" data-end=\"29\">Portable Knee Trainer<\/strong> da Pro Delphus \u00e9 um simulador <strong data-start=\"50\" data-end=\"63\">vers\u00e1til<\/strong> e <strong data-start=\"68\" data-end=\"86\">econ\u00f4mico<\/strong> projetado para <strong data-start=\"110\" data-end=\"134\">treinamento em artroscopia<\/strong>. Com uma <strong data-start=\"178\" data-end=\"195\">base STANDARD<\/strong> <strong data-start=\"148\" data-end=\"159\">compacta<\/strong> e f\u00e1cil de montar, ele pode ser convenientemente fixado na borda de uma mesa ou escrivaninha, oferecendo uma solu\u00e7\u00e3o <strong data-start=\"272\" data-end=\"288\">que economiza espa\u00e7o<\/strong> sem sacrificar o realismo.  A <strong data-start=\"331\" data-end=\"355\">unidade cir\u00fargica KNT-1B<\/strong>, que inclui a <strong data-start=\"376\" data-end=\"390\">metade da coxa<\/strong>, <strong data-start=\"392\" data-end=\"400\">o joelho<\/strong> e <strong data-start=\"406\" data-end=\"418\">a metade da perna<\/strong>, vem com <strong data-start=\"431\" data-end=\"454\">estruturas internas<\/strong> como <strong data-start=\"463\" data-end=\"485\">ligamentos cruzados<\/strong>, <strong data-start=\"487\" data-end=\"498\">patela<\/strong>, <strong data-start=\"500\" data-end=\"518\">cartilagem \u00f3ssea<\/strong> e <strong data-start=\"524\" data-end=\"536\">menisco<\/strong>. Esse modelo \u00e9 ideal para o <strong data-start=\"562\" data-end=\"582\">ensino de anatomia<\/strong>, bem como para o treinamento em <strong data-start=\"607\" data-end=\"624\">triangula\u00e7\u00e3o<\/strong>, <strong data-start=\"626\" data-end=\"637\">suturas<\/strong> e <strong data-start=\"643\" data-end=\"676\">corre\u00e7\u00e3o de patologia meniscal<\/strong> usando o <strong data-start=\"687\" data-end=\"704\">arthro-shaver<\/strong>. (Requer irriga\u00e7\u00e3o l\u00edquida).  <\/p>\n","protected":false},"featured_media":3955,"comment_status":"open","ping_status":"closed","template":"","meta":[],"product_brand":[1153],"product_cat":[850,548],"product_tag":[849,848,846,845,847],"class_list":{"0":"post-3953","1":"product","2":"type-product","3":"status-publish","4":"has-post-thumbnail","6":"product_brand-pro-delphus-pt-br","7":"product_cat-cirurgia-do-joelho","8":"product_cat-ortopedia","9":"product_tag-barbeador-artistico","10":"product_tag-patologia-meniscal","11":"product_tag-simulador-portatil","12":"product_tag-treinador-de-joelho","13":"product_tag-treinamento-em-artroscopia","15":"first","16":"instock","17":"shipping-taxable","18":"purchasable","19":"product-type-simple"},"_links":{"self":[{"href":"https:\/\/prodelphus.com.br\/pt-br\/wp-json\/wp\/v2\/product\/3953","targetHints":{"allow":["GET"]}}],"collection":[{"href":"https:\/\/prodelphus.com.br\/pt-br\/wp-json\/wp\/v2\/product"}],"about":[{"href":"https:\/\/prodelphus.com.br\/pt-br\/wp-json\/wp\/v2\/types\/product"}],"replies":[{"embeddable":true,"href":"https:\/\/prodelphus.com.br\/pt-br\/wp-json\/wp\/v2\/comments?post=3953"}],"wp:featuredmedia":[{"embeddable":true,"href":"https:\/\/prodelphus.com.br\/pt-br\/wp-json\/wp\/v2\/media\/3955"}],"wp:attachment":[{"href":"https:\/\/prodelphus.com.br\/pt-br\/wp-json\/wp\/v2\/media?parent=3953"}],"wp:term":[{"taxonomy":"product_brand","embeddable":true,"href":"https:\/\/prodelphus.com.br\/pt-br\/wp-json\/wp\/v2\/product_brand?post=3953"},{"taxonomy":"product_cat","embeddable":true,"href":"https:\/\/prodelphus.com.br\/pt-br\/wp-json\/wp\/v2\/product_cat?post=3953"},{"taxonomy":"product_tag","embeddable":true,"href":"https:\/\/prodelphus.com.br\/pt-br\/wp-json\/wp\/v2\/product_tag?post=3953"}],"curies":[{"name":"wp","href":"https:\/\/api.w.org\/{rel}","templated":true}]}}