{"id":3933,"date":"2025-03-18T14:13:05","date_gmt":"2025-03-18T17:13:05","guid":{"rendered":"https:\/\/dev.prodelphus.com.br\/?post_type=product&#038;p=3933"},"modified":"2025-05-16T09:43:18","modified_gmt":"2025-05-16T12:43:18","slug":"max-sialo","status":"publish","type":"product","link":"https:\/\/prodelphus.com.br\/pt-br\/produto\/max-sialo\/","title":{"rendered":"MAX Sialo"},"content":{"rendered":"<h3 data-start=\"0\" data-end=\"46\"><strong data-start=\"4\" data-end=\"44\">SIMULADOR PARA TREINAMENTO EM SIALENDOSCOPIA<\/strong><\/h3>\n<p data-start=\"48\" data-end=\"200\">O <strong data-start=\"52\" data-end=\"65\">MAX-SIALO<\/strong> faz parte do <strong data-start=\"81\" data-end=\"107\">sistema<\/strong> de simuladores <strong data-start=\"81\" data-end=\"107\">Pro Delphus MAX<\/strong>, desenvolvido para treinamento em <strong data-start=\"149\" data-end=\"199\">interven\u00e7\u00f5es endosc\u00f3picas dos dutos salivares<\/strong>.<\/p>\n<p data-start=\"202\" data-end=\"302\">As <strong data-start=\"206\" data-end=\"224\">unidades cir\u00fargicas<\/strong> s\u00e3o compostas por uma <strong data-start=\"243\" data-end=\"261\">meia cabe\u00e7a masculina<\/strong> com componentes articulados, incluindo:<\/p>\n<ul data-start=\"303\" data-end=\"492\">\n<li data-start=\"303\" data-end=\"322\"><strong data-start=\"305\" data-end=\"320\">Cavidade oral<\/strong><\/li>\n<li data-start=\"323\" data-end=\"337\"><strong data-start=\"325\" data-end=\"335\">Paladar<\/strong><\/li>\n<li data-start=\"338\" data-end=\"352\"><strong data-start=\"340\" data-end=\"350\">L\u00edngua<\/strong><\/li>\n<li data-start=\"353\" data-end=\"371\"><strong data-start=\"355\" data-end=\"369\">Orofaringe<\/strong><\/li>\n<li data-start=\"372\" data-end=\"391\"><strong data-start=\"374\" data-end=\"389\">Arcada dent\u00e1ria<\/strong><\/li>\n<li data-start=\"392\" data-end=\"404\"><strong data-start=\"394\" data-end=\"402\">L\u00e1bios<\/strong><\/li>\n<li data-start=\"405\" data-end=\"436\"><strong data-start=\"407\" data-end=\"434\">Cavidade orbital e olhos<\/strong><\/li>\n<li data-start=\"437\" data-end=\"492\"><strong data-start=\"439\" data-end=\"490\">Pele, tecido celular subcut\u00e2neo e m\u00fasculos<\/strong><\/li>\n<\/ul>\n<p data-start=\"494\" data-end=\"974\">Os <strong data-start=\"498\" data-end=\"516\">ductos salivares<\/strong> e seus <strong data-start=\"527\" data-end=\"539\">orif\u00edcios<\/strong> permitem a introdu\u00e7\u00e3o do <strong data-start=\"574\" data-end=\"592\">sialoendosc\u00f3pio<\/strong> entre as v\u00e1rias <strong data-start=\"613\" data-end=\"640\">bifurca\u00e7\u00f5es arboriformes<\/strong> dos ductos. O uso de <strong data-start=\"666\" data-end=\"677\">cestas<\/strong> e <strong data-start=\"682\" data-end=\"691\">laser<\/strong> proporciona uma experi\u00eancia de treinamento realista, semelhante aos procedimentos realizados em pacientes vivos. O simulador tamb\u00e9m permite <strong data-start=\"810\" data-end=\"834\">o controle radiogr\u00e1fico<\/strong>. Ap\u00f3s cada remo\u00e7\u00e3o de <strong data-start=\"858\" data-end=\"873\">c\u00e1lculos nos ductos<\/strong>, \u00e9 poss\u00edvel <strong data-start=\"893\" data-end=\"929\">realocar os c\u00e1lculos retrogradamente<\/strong> com o sialosc\u00f3pio para treinamento adicional.   <\/p>\n<h3 data-start=\"976\" data-end=\"1009\"><strong data-start=\"980\" data-end=\"1007\">Unidade cir\u00fargica (MAX-1S):<\/strong><\/h3>\n<p data-start=\"1010\" data-end=\"1158\" data-is-last-node=\"\" data-is-only-node=\"\">Fornece a anatomia interna dos <strong data-start=\"1043\" data-end=\"1069\">dutos das gl\u00e2ndulas salivares<\/strong>, incluindo <strong data-start=\"1081\" data-end=\"1092\">c\u00e1lculos<\/strong>, e permite o treinamento por meio do uso de um <strong data-start=\"1139\" data-end=\"1157\">sialoendosc\u00f3pio<\/strong>.<\/p>\n","protected":false},"excerpt":{"rendered":"<p>O simulador <strong data-start=\"4\" data-end=\"17\">MAX-SIALO<\/strong> da <strong data-start=\"31\" data-end=\"46\">Pro Delphus<\/strong> foi projetado para treinamento em <strong data-start=\"75\" data-end=\"92\">sialendoscopia<\/strong>, com foco em interven\u00e7\u00f5es endosc\u00f3picas dos dutos salivares. Ele apresenta um modelo de <strong data-start=\"168\" data-end=\"186\">cabe\u00e7a metade masculina<\/strong> com componentes articulados, incluindo a <strong data-start=\"236\" data-end=\"279\">cavidade oral, o palato e os dutos salivares<\/strong>, permitindo procedimentos realistas, como a <strong data-start=\"320\" data-end=\"342\">remo\u00e7\u00e3o de c\u00e1lculos do duto<\/strong> e <strong data-start=\"347\" data-end=\"372\">a realoca\u00e7\u00e3o retr\u00f3grada<\/strong>. O simulador suporta o uso de <strong data-start=\"408\" data-end=\"427\">sialoendosc\u00f3pios<\/strong>, <strong data-start=\"429\" data-end=\"440\">cestas<\/strong> e <strong data-start=\"446\" data-end=\"456\">lasers<\/strong>, oferecendo <strong data-start=\"467\" data-end=\"491\">controle radiogr\u00e1fico<\/strong> e oportunidades de treinamento repetitivo.  <\/p>\n","protected":false},"featured_media":3818,"comment_status":"open","ping_status":"closed","template":"","meta":[],"product_brand":[1153],"product_cat":[635,755],"product_tag":[828,641,638,640,831,829,830,832,827],"class_list":{"0":"post-3933","1":"product","2":"type-product","3":"status-publish","4":"has-post-thumbnail","6":"product_brand-pro-delphus-pt-br","7":"product_cat-bucomaxilofacial","8":"product_cat-otorrinolaringologia","9":"product_tag-cirurgia-de-ent","10":"product_tag-cirurgia-facial","11":"product_tag-cirurgia-maxilofacial","12":"product_tag-cirurgia-oral","13":"product_tag-endoscopia-de-litiase-salivar","14":"product_tag-endoscopia-digestiva-alta","15":"product_tag-pedras-nos-dutos-salivares","16":"product_tag-simulador-de-sialendoscopia","17":"product_tag-treinamento-em-sialoendoscopia","19":"first","20":"instock","21":"shipping-taxable","22":"purchasable","23":"product-type-simple"},"_links":{"self":[{"href":"https:\/\/prodelphus.com.br\/pt-br\/wp-json\/wp\/v2\/product\/3933","targetHints":{"allow":["GET"]}}],"collection":[{"href":"https:\/\/prodelphus.com.br\/pt-br\/wp-json\/wp\/v2\/product"}],"about":[{"href":"https:\/\/prodelphus.com.br\/pt-br\/wp-json\/wp\/v2\/types\/product"}],"replies":[{"embeddable":true,"href":"https:\/\/prodelphus.com.br\/pt-br\/wp-json\/wp\/v2\/comments?post=3933"}],"wp:featuredmedia":[{"embeddable":true,"href":"https:\/\/prodelphus.com.br\/pt-br\/wp-json\/wp\/v2\/media\/3818"}],"wp:attachment":[{"href":"https:\/\/prodelphus.com.br\/pt-br\/wp-json\/wp\/v2\/media?parent=3933"}],"wp:term":[{"taxonomy":"product_brand","embeddable":true,"href":"https:\/\/prodelphus.com.br\/pt-br\/wp-json\/wp\/v2\/product_brand?post=3933"},{"taxonomy":"product_cat","embeddable":true,"href":"https:\/\/prodelphus.com.br\/pt-br\/wp-json\/wp\/v2\/product_cat?post=3933"},{"taxonomy":"product_tag","embeddable":true,"href":"https:\/\/prodelphus.com.br\/pt-br\/wp-json\/wp\/v2\/product_tag?post=3933"}],"curies":[{"name":"wp","href":"https:\/\/api.w.org\/{rel}","templated":true}]}}