{"id":3925,"date":"2025-03-18T12:47:15","date_gmt":"2025-03-18T15:47:15","guid":{"rendered":"https:\/\/dev.prodelphus.com.br\/?post_type=product&#038;p=3925"},"modified":"2025-05-16T09:43:18","modified_gmt":"2025-05-16T12:43:18","slug":"perna-de-ortopedia-pediatrica","status":"publish","type":"product","link":"https:\/\/prodelphus.com.br\/pt-br\/produto\/perna-de-ortopedia-pediatrica\/","title":{"rendered":"Perna de ortopedia pedi\u00e1trica"},"content":{"rendered":"<h3 data-start=\"0\" data-end=\"74\"><strong data-start=\"4\" data-end=\"72\">PERNA DE ORTOPEDIA PEDI\u00c1TRICA &#8211; SIMULADOR PARA PROCEDIMENTOS DE GENU VALGUM<\/strong><\/h3>\n<p data-start=\"76\" data-end=\"298\">O <strong data-start=\"80\" data-end=\"97\">simulador SGV<\/strong> foi desenvolvido para <strong data-start=\"116\" data-end=\"139\">treinamento ortop\u00e9dico<\/strong> em rec\u00e9m-nascidos com <strong data-start=\"157\" data-end=\"172\">Genu Valgum<\/strong>. Ele fornece uma plataforma realista para o <strong data-start=\"211\" data-end=\"246\">ensino e a pr\u00e1tica<\/strong> de <strong data-start=\"250\" data-end=\"295\">procedimentos de corre\u00e7\u00e3o usando moldes de gesso<\/strong>. <\/p>\n<h3 data-start=\"300\" data-end=\"323\"><strong data-start=\"304\" data-end=\"321\">Principais recursos:<\/strong><\/h3>\n<ul data-start=\"324\" data-end=\"592\">\n<li data-start=\"324\" data-end=\"385\">Projetado especificamente para <strong data-start=\"352\" data-end=\"383\">treinamento ortop\u00e9dico de rec\u00e9m-nascidos<\/strong><\/li>\n<li data-start=\"386\" data-end=\"444\">Permite <strong data-start=\"395\" data-end=\"411\">o uso repetido<\/strong> para v\u00e1rias sess\u00f5es de treinamento<\/li>\n<li data-start=\"445\" data-end=\"514\">Concentra-se em <strong data-start=\"458\" data-end=\"512\">t\u00e9cnicas de aplica\u00e7\u00e3o e corre\u00e7\u00e3o de moldes de gesso<\/strong><\/li>\n<li data-start=\"515\" data-end=\"592\"><strong data-start=\"517\" data-end=\"542\">Unidade cir\u00fargica compacta<\/strong> limitada \u00e0 perna do beb\u00ea para pr\u00e1tica direcionada<\/li>\n<\/ul>\n<p data-start=\"594\" data-end=\"756\" data-is-last-node=\"\" data-is-only-node=\"\">Ideal para <strong data-start=\"604\" data-end=\"658\">cirurgi\u00f5es ortop\u00e9dicos pedi\u00e1tricos e m\u00e9dicos em treinamento<\/strong>, o <strong data-start=\"664\" data-end=\"681\">simulador SGV<\/strong> aprimora a experi\u00eancia em <strong data-start=\"704\" data-end=\"739\">m\u00e9todos de corre\u00e7\u00e3o n\u00e3o cir\u00fargicos<\/strong> para Genu Valgum.<\/p>\n","protected":false},"excerpt":{"rendered":"<p>O <strong data-start=\"4\" data-end=\"21\">simulador SGV<\/strong> \u00e9 uma <strong data-start=\"39\" data-end=\"77\">ferramenta de treinamento ortop\u00e9dico pedi\u00e1trico<\/strong> especializado, projetado para praticar <strong data-start=\"102\" data-end=\"130\">a aplica\u00e7\u00e3o de gesso<\/strong> em rec\u00e9m-nascidos com <strong data-start=\"148\" data-end=\"163\">Genu Valgum<\/strong>. Ele permite <strong data-start=\"179\" data-end=\"195\">o uso repetido<\/strong>, proporcionando uma <strong data-start=\"209\" data-end=\"246\">experi\u00eancia realista e pr\u00e1tica<\/strong> nos <strong data-start=\"250\" data-end=\"275\">procedimentos de corre\u00e7\u00e3o<\/strong>. Ideal para <strong data-start=\"287\" data-end=\"344\">m\u00e9dicos em treinamento e especialistas em ortopedia pedi\u00e1trica<\/strong>, ele aprimora <strong data-start=\"358\" data-end=\"379\">o desenvolvimento de habilidades<\/strong> em <strong data-start=\"383\" data-end=\"417\">m\u00e9todos de tratamento n\u00e3o cir\u00fargicos<\/strong>.  <\/p>\n","protected":false},"featured_media":3927,"comment_status":"open","ping_status":"closed","template":"","meta":[],"product_brand":[1153],"product_cat":[548,810],"product_tag":[814,815,816,813,817,818,812],"class_list":{"0":"post-3925","1":"product","2":"type-product","3":"status-publish","4":"has-post-thumbnail","6":"product_brand-pro-delphus-pt-br","7":"product_cat-ortopedia","8":"product_cat-pediatria","9":"product_tag-aplicacao-do-molde-de-gesso","10":"product_tag-pratica-de-procedimentos-ortopedicos","11":"product_tag-simulador-de-correcao-de-genu-valgum","12":"product_tag-simulador-de-perna-de-recem-nascido","13":"product_tag-simulador-ortopedico","14":"product_tag-simulador-ortopedico-pediatrico","15":"product_tag-treinamento-em-ortopedia-pediatrica","17":"first","18":"instock","19":"shipping-taxable","20":"purchasable","21":"product-type-simple"},"_links":{"self":[{"href":"https:\/\/prodelphus.com.br\/pt-br\/wp-json\/wp\/v2\/product\/3925","targetHints":{"allow":["GET"]}}],"collection":[{"href":"https:\/\/prodelphus.com.br\/pt-br\/wp-json\/wp\/v2\/product"}],"about":[{"href":"https:\/\/prodelphus.com.br\/pt-br\/wp-json\/wp\/v2\/types\/product"}],"replies":[{"embeddable":true,"href":"https:\/\/prodelphus.com.br\/pt-br\/wp-json\/wp\/v2\/comments?post=3925"}],"wp:featuredmedia":[{"embeddable":true,"href":"https:\/\/prodelphus.com.br\/pt-br\/wp-json\/wp\/v2\/media\/3927"}],"wp:attachment":[{"href":"https:\/\/prodelphus.com.br\/pt-br\/wp-json\/wp\/v2\/media?parent=3925"}],"wp:term":[{"taxonomy":"product_brand","embeddable":true,"href":"https:\/\/prodelphus.com.br\/pt-br\/wp-json\/wp\/v2\/product_brand?post=3925"},{"taxonomy":"product_cat","embeddable":true,"href":"https:\/\/prodelphus.com.br\/pt-br\/wp-json\/wp\/v2\/product_cat?post=3925"},{"taxonomy":"product_tag","embeddable":true,"href":"https:\/\/prodelphus.com.br\/pt-br\/wp-json\/wp\/v2\/product_tag?post=3925"}],"curies":[{"name":"wp","href":"https:\/\/api.w.org\/{rel}","templated":true}]}}