{"id":3921,"date":"2025-03-18T12:12:33","date_gmt":"2025-03-18T15:12:33","guid":{"rendered":"https:\/\/dev.prodelphus.com.br\/?post_type=product&#038;p=3921"},"modified":"2025-05-16T09:43:19","modified_gmt":"2025-05-16T12:43:19","slug":"treinador-de-ombro","status":"publish","type":"product","link":"https:\/\/prodelphus.com.br\/pt-br\/produto\/treinador-de-ombro\/","title":{"rendered":"Simulador de treinamento de ombro"},"content":{"rendered":"<h3 data-start=\"0\" data-end=\"97\"><strong data-start=\"4\" data-end=\"95\">SHOULDER TRAINER &#8211; SIMULADOR PARA ARTROSCOPIA, ARTROPLASTIA E IMPLANTA\u00c7\u00c3O DE PR\u00d3TESE<\/strong><\/h3>\n<p data-start=\"99\" data-end=\"417\">O <strong data-start=\"103\" data-end=\"146\">sistema de simulador Shoulder Trainer (SHT)<\/strong>, desenvolvido pela <strong data-start=\"161\" data-end=\"176\">Pro Delphus<\/strong>, foi projetado para <strong data-start=\"194\" data-end=\"232\">artroscopia do ombro, artroplastia<\/strong> e <strong data-start=\"238\" data-end=\"265\">implanta\u00e7\u00e3o de pr\u00f3teses<\/strong>. Ele apresenta <strong data-start=\"279\" data-end=\"345\">m\u00fasculos, ligamentos, ossos e tend\u00f5es posicionados anatomicamente<\/strong>, com a op\u00e7\u00e3o de incluir <strong data-start=\"374\" data-end=\"385\">les\u00f5es<\/strong> para treinamento baseado em patologia. <\/p>\n<h3 data-start=\"419\" data-end=\"442\"><strong data-start=\"423\" data-end=\"440\">Principais recursos:<\/strong><\/h3>\n<ul data-start=\"443\" data-end=\"756\">\n<li data-start=\"443\" data-end=\"512\"><strong data-start=\"445\" data-end=\"485\">Estruturas anat\u00f4micas totalmente detalhadas<\/strong> para procedimentos realistas<\/li>\n<li data-start=\"513\" data-end=\"602\"><strong data-start=\"515\" data-end=\"543\">Duas posi\u00e7\u00f5es anat\u00f4micas<\/strong> para artroplastia, ajust\u00e1veis de acordo com a prefer\u00eancia do cirurgi\u00e3o:<strong>Posi\u00e7\u00e3o de cadeira de praia e posi\u00e7\u00e3o de dec\u00fabito lateral<\/strong><\/li>\n<li data-start=\"603\" data-end=\"684\"><strong data-start=\"605\" data-end=\"633\">Visibilidade da c\u00e1psula articular<\/strong> com <strong data-start=\"639\" data-end=\"682\">irriga\u00e7\u00e3o ou insufla\u00e7\u00e3o de baixa press\u00e3o<\/strong><\/li>\n<li data-start=\"685\" data-end=\"756\"><strong data-start=\"687\" data-end=\"711\">Resist\u00eancia realista<\/strong> \u00e0 manipula\u00e7\u00e3o, compar\u00e1vel ao tecido real<\/li>\n<\/ul>\n<h3 data-start=\"758\" data-end=\"790\"><strong data-start=\"762\" data-end=\"788\">Capacidades de treinamento:<\/strong><\/h3>\n<ul data-start=\"791\" data-end=\"1155\">\n<li data-start=\"791\" data-end=\"916\"><strong data-start=\"793\" data-end=\"820\">T\u00e9cnicas artrosc\u00f3picas<\/strong>: triangula\u00e7\u00e3o, reparos SLAP, cirurgia de Bankart, reparo do manguito rotador, descompress\u00e3o subacromial<\/li>\n<li data-start=\"917\" data-end=\"1018\"><strong data-start=\"919\" data-end=\"949\">Manuseio de ferramentas cir\u00fargicas<\/strong>: ganchos, sondas, suturas, \u00e2ncoras, barbeadores e instrumentos de perfura\u00e7\u00e3o<\/li>\n<li data-start=\"1019\" data-end=\"1091\"><strong data-start=\"1021\" data-end=\"1089\">Tenotomia, tenodese e estabiliza\u00e7\u00e3o da articula\u00e7\u00e3o acr\u00f4mio clavicular<\/strong><\/li>\n<li data-start=\"1092\" data-end=\"1155\"><strong data-start=\"1094\" data-end=\"1153\">Implanta\u00e7\u00e3o de pr\u00f3teses articulares e procedimentos ortop\u00e9dicos<\/strong><\/li>\n<\/ul>\n<h3 data-start=\"1157\" data-end=\"1197\"><strong data-start=\"1161\" data-end=\"1195\">Personaliza\u00e7\u00e3o e demonstra\u00e7\u00e3o:<\/strong><\/h3>\n<p data-start=\"1198\" data-end=\"1376\" data-is-last-node=\"\" data-is-only-node=\"\">O Shoulder <strong data-start=\"1202\" data-end=\"1222\">Trainer<\/strong> pode ser personalizado para <strong data-start=\"1245\" data-end=\"1272\">necessidades espec\u00edficas de treinamento<\/strong> ou usado para a <strong data-start=\"1289\" data-end=\"1375\">demonstra\u00e7\u00e3o de pr\u00f3teses, \u00f3rteses, instrumentos cir\u00fargicos e equipamentos m\u00e9dicos<\/strong>.<\/p>\n","protected":false},"excerpt":{"rendered":"<p>O <strong data-start=\"4\" data-end=\"30\">Shoulder Trainer (SHT)<\/strong> \u00e9 um <strong data-start=\"50\" data-end=\"80\">simulador de cirurgia de ombro<\/strong> de alta fidelidade projetado para <strong data-start=\"94\" data-end=\"152\">artroscopia, artroplastia e implanta\u00e7\u00e3o de pr\u00f3teses<\/strong>. Com <strong data-start=\"164\" data-end=\"230\">m\u00fasculos, ligamentos, ossos e tend\u00f5es posicionados anatomicamente<\/strong>, ele permite um treinamento realista em <strong data-start=\"264\" data-end=\"358\">triangula\u00e7\u00e3o, reparos SLAP, cirurgia de Bankart, reparo do manguito rotador e estabiliza\u00e7\u00e3o da articula\u00e7\u00e3o<\/strong>. Com <strong data-start=\"365\" data-end=\"466\">irriga\u00e7\u00e3o vis\u00edvel da c\u00e1psula articular, resist\u00eancia \u00e0 manipula\u00e7\u00e3o e integra\u00e7\u00e3o personaliz\u00e1vel de les\u00f5es<\/strong>, ele proporciona uma experi\u00eancia pr\u00e1tica imersiva para os cirurgi\u00f5es. O <strong data-start=\"531\" data-end=\"548\">simulador SHT<\/strong> tamb\u00e9m \u00e9 ideal para <strong data-start=\"567\" data-end=\"631\">demonstrar pr\u00f3teses, \u00f3rteses e instrumentos cir\u00fargicos<\/strong>.   <\/p>\n","protected":false},"featured_media":3923,"comment_status":"open","ping_status":"closed","template":"","meta":[],"product_brand":[1153],"product_cat":[796,548],"product_tag":[805,807,802,798,803,801,799,804,806,809,808,800,797],"class_list":{"0":"post-3921","1":"product","2":"type-product","3":"status-publish","4":"has-post-thumbnail","6":"product_brand-pro-delphus-pt-br","7":"product_cat-cirurgia-do-ombro","8":"product_cat-ortopedia","9":"product_tag-capsula-da-articulacao-do-ombro","10":"product_tag-descompressao-subacromial-do-ombro","11":"product_tag-estabilizacao-do-acromio-clavicular","12":"product_tag-implante-de-protese","13":"product_tag-pratica-de-artroplastia-de-ombro","14":"product_tag-reparo-do-manguito-rotador","15":"product_tag-simulacao-de-reparo-slap","16":"product_tag-simulador-de-artroscopia-de-ombro","17":"product_tag-simulador-de-cirurgia-ortopedica-de-ombro","18":"product_tag-simulador-de-protese-de-ombro","19":"product_tag-tenotomia-e-tenodese-de-ombro","20":"product_tag-treinamento-em-cirurgia-de-bankart","21":"product_tag-treinamento-para-cirurgia-de-ombro","23":"first","24":"instock","25":"shipping-taxable","26":"product-type-external"},"_links":{"self":[{"href":"https:\/\/prodelphus.com.br\/pt-br\/wp-json\/wp\/v2\/product\/3921","targetHints":{"allow":["GET"]}}],"collection":[{"href":"https:\/\/prodelphus.com.br\/pt-br\/wp-json\/wp\/v2\/product"}],"about":[{"href":"https:\/\/prodelphus.com.br\/pt-br\/wp-json\/wp\/v2\/types\/product"}],"replies":[{"embeddable":true,"href":"https:\/\/prodelphus.com.br\/pt-br\/wp-json\/wp\/v2\/comments?post=3921"}],"wp:featuredmedia":[{"embeddable":true,"href":"https:\/\/prodelphus.com.br\/pt-br\/wp-json\/wp\/v2\/media\/3923"}],"wp:attachment":[{"href":"https:\/\/prodelphus.com.br\/pt-br\/wp-json\/wp\/v2\/media?parent=3921"}],"wp:term":[{"taxonomy":"product_brand","embeddable":true,"href":"https:\/\/prodelphus.com.br\/pt-br\/wp-json\/wp\/v2\/product_brand?post=3921"},{"taxonomy":"product_cat","embeddable":true,"href":"https:\/\/prodelphus.com.br\/pt-br\/wp-json\/wp\/v2\/product_cat?post=3921"},{"taxonomy":"product_tag","embeddable":true,"href":"https:\/\/prodelphus.com.br\/pt-br\/wp-json\/wp\/v2\/product_tag?post=3921"}],"curies":[{"name":"wp","href":"https:\/\/api.w.org\/{rel}","templated":true}]}}