{"id":3908,"date":"2025-03-18T00:39:16","date_gmt":"2025-03-18T03:39:16","guid":{"rendered":"https:\/\/dev.prodelphus.com.br\/?post_type=product&#038;p=3908"},"modified":"2025-08-22T12:12:07","modified_gmt":"2025-08-22T15:12:07","slug":"laparoscopia-com-simulador-de-insuflacao","status":"publish","type":"product","link":"https:\/\/prodelphus.com.br\/pt-br\/produto\/laparoscopia-com-simulador-de-insuflacao\/","title":{"rendered":"Laparoscopia com simulador de insufla\u00e7\u00e3o"},"content":{"rendered":"<h3 data-start=\"0\" data-end=\"61\"><strong data-start=\"4\" data-end=\"59\">SIM-L &#8211; SIMULADOR PARA LAPAROSCOPIA COM INSUFLA\u00c7\u00c3O<\/strong><\/h3>\n<p data-start=\"63\" data-end=\"420\">O <strong data-start=\"67\" data-end=\"95\">simulador padr\u00e3o SIM-L<\/strong> permite a pr\u00e1tica de <strong data-start=\"126\" data-end=\"153\">procedimentos laparosc\u00f3picos<\/strong>, possibilitando a cria\u00e7\u00e3o de <strong data-start=\"180\" data-end=\"200\">pneumoperit\u00f4nio<\/strong> por meio da <strong data-start=\"209\" data-end=\"239\">introdu\u00e7\u00e3o da agulha Veress<\/strong>. Ele suporta <strong data-start=\"253\" data-end=\"307\">pun\u00e7\u00f5es cir\u00fargicas em v\u00e1rios \u00e2ngulos de acesso p\u00e9lvico<\/strong>, juntamente com <strong data-start=\"320\" data-end=\"373\">sutura e dissec\u00e7\u00e3o laparosc\u00f3pica endocavit\u00e1ria<\/strong>, reproduzindo os desafios da cirurgia real. <\/p>\n<h3 data-start=\"422\" data-end=\"445\"><strong data-start=\"426\" data-end=\"443\">Principais recursos:<\/strong><\/h3>\n<ul data-start=\"446\" data-end=\"921\">\n<li data-start=\"446\" data-end=\"514\"><strong data-start=\"448\" data-end=\"479\">Simula\u00e7\u00e3o de pneumoperit\u00f4nio<\/strong> com <strong data-start=\"485\" data-end=\"512\">inser\u00e7\u00e3o da agulha de Veress<\/strong><\/li>\n<li data-start=\"515\" data-end=\"577\"><strong data-start=\"517\" data-end=\"549\">Treinamento de acesso laparosc\u00f3pico<\/strong> em v\u00e1rios \u00e2ngulos p\u00e9lvicos<\/li>\n<li data-start=\"578\" data-end=\"658\">Pr\u00e1tica de sutura <strong data-start=\"580\" data-end=\"620\">e dissec\u00e7\u00e3o endocavit\u00e1ria<\/strong> em condi\u00e7\u00f5es realistas<\/li>\n<li data-start=\"659\" data-end=\"772\"><strong data-start=\"661\" data-end=\"703\">Personaliz\u00e1vel para diferentes especialidades<\/strong>, incluindo <strong data-start=\"715\" data-end=\"770\">ginecologia, cirurgia geral, urologia e fetoscopia<\/strong><\/li>\n<li data-start=\"773\" data-end=\"847\">Treinamento em <strong data-start=\"787\" data-end=\"818\">procedimentos de meningomielocele<\/strong> para a pr\u00e1tica de cirurgia fetal<\/li>\n<li data-start=\"848\" data-end=\"921\">Requer uma <strong data-start=\"861\" data-end=\"911\">torre laparosc\u00f3pica e instrumentos especializados<\/strong> para uso<\/li>\n<\/ul>\n","protected":false},"excerpt":{"rendered":"<p>O <strong data-start=\"4\" data-end=\"13\">SIM-L<\/strong> \u00e9 um <strong data-start=\"33\" data-end=\"58\">simulador de laparoscopia<\/strong> de alta fidelidade projetado para <strong data-start=\"72\" data-end=\"103\">treinamento cir\u00fargico realista<\/strong> com <strong data-start=\"109\" data-end=\"140\">simula\u00e7\u00e3o de pneumoperit\u00f4nio<\/strong> usando <strong data-start=\"147\" data-end=\"177\">a introdu\u00e7\u00e3o da agulha Veress<\/strong>. Ele permite <strong data-start=\"190\" data-end=\"244\">pun\u00e7\u00f5es cir\u00fargicas em v\u00e1rios \u00e2ngulos de acesso p\u00e9lvico<\/strong>, <strong data-start=\"246\" data-end=\"258\">sutura<\/strong> e <strong data-start=\"264\" data-end=\"304\">dissec\u00e7\u00e3o laparosc\u00f3pica endocavit\u00e1ria<\/strong>, reproduzindo desafios cir\u00fargicos reais. Personaliz\u00e1vel para <strong data-start=\"361\" data-end=\"416\">ginecologia, cirurgia geral, urologia e fetoscopia<\/strong>, ele tamb\u00e9m oferece suporte ao <strong data-start=\"435\" data-end=\"474\">treinamento de procedimentos de meningomielocele<\/strong>. O SIM-L requer uma <strong data-start=\"497\" data-end=\"547\">torre laparosc\u00f3pica e instrumentos especializados<\/strong> para uma experi\u00eancia pr\u00e1tica imersiva.   <\/p>\n","protected":false},"featured_media":3910,"comment_status":"open","ping_status":"closed","template":"","meta":[],"product_brand":[1153],"product_cat":[784,1162,1166],"product_tag":[790,787,788,791,786,792,789,785],"class_list":{"0":"post-3908","1":"product","2":"type-product","3":"status-publish","4":"has-post-thumbnail","6":"product_brand-pro-delphus-pt-br","7":"product_cat-cirurgia-geral-e-especializada","8":"product_cat-treinamento-em-cirurgia-endoscopica","9":"product_cat-treinamento-em-laparoscopia","10":"product_tag-disseccao-endocavitaria","11":"product_tag-insercao-da-agulha-de-veress","12":"product_tag-pratica-de-disseccao-laparoscopica","13":"product_tag-procedimento-de-meningomielocele","14":"product_tag-simulacao-de-pneumoperitonio","15":"product_tag-simulador-de-cirurgia-laparoscopica-com-insuflacao","16":"product_tag-treinamento-de-acesso-pelvico","17":"product_tag-treinamento-em-cirurgia-laparoscopica","19":"first","20":"instock","21":"shipping-taxable","22":"purchasable","23":"product-type-simple"},"_links":{"self":[{"href":"https:\/\/prodelphus.com.br\/pt-br\/wp-json\/wp\/v2\/product\/3908","targetHints":{"allow":["GET"]}}],"collection":[{"href":"https:\/\/prodelphus.com.br\/pt-br\/wp-json\/wp\/v2\/product"}],"about":[{"href":"https:\/\/prodelphus.com.br\/pt-br\/wp-json\/wp\/v2\/types\/product"}],"replies":[{"embeddable":true,"href":"https:\/\/prodelphus.com.br\/pt-br\/wp-json\/wp\/v2\/comments?post=3908"}],"wp:featuredmedia":[{"embeddable":true,"href":"https:\/\/prodelphus.com.br\/pt-br\/wp-json\/wp\/v2\/media\/3910"}],"wp:attachment":[{"href":"https:\/\/prodelphus.com.br\/pt-br\/wp-json\/wp\/v2\/media?parent=3908"}],"wp:term":[{"taxonomy":"product_brand","embeddable":true,"href":"https:\/\/prodelphus.com.br\/pt-br\/wp-json\/wp\/v2\/product_brand?post=3908"},{"taxonomy":"product_cat","embeddable":true,"href":"https:\/\/prodelphus.com.br\/pt-br\/wp-json\/wp\/v2\/product_cat?post=3908"},{"taxonomy":"product_tag","embeddable":true,"href":"https:\/\/prodelphus.com.br\/pt-br\/wp-json\/wp\/v2\/product_tag?post=3908"}],"curies":[{"name":"wp","href":"https:\/\/api.w.org\/{rel}","templated":true}]}}