{"id":3900,"date":"2025-03-17T23:51:02","date_gmt":"2025-03-18T02:51:02","guid":{"rendered":"https:\/\/dev.prodelphus.com.br\/?post_type=product&#038;p=3900"},"modified":"2025-05-16T09:43:19","modified_gmt":"2025-05-16T12:43:19","slug":"simulador-de-cirurgia-endoscopica-da-base-do-cranio-e-dos-seios-paranasais-simont","status":"publish","type":"product","link":"https:\/\/prodelphus.com.br\/pt-br\/produto\/simulador-de-cirurgia-endoscopica-da-base-do-cranio-e-dos-seios-paranasais-simont\/","title":{"rendered":"Simulador de cirurgia endosc\u00f3pica da base do cr\u00e2nio e dos seios paranasais SIMONT"},"content":{"rendered":"<h3 data-start=\"0\" data-end=\"75\"><strong data-start=\"4\" data-end=\"73\">SIMULADOR PARA TREINAMENTO EM CIRURGIA ENDOSC\u00d3PICA DE SEIO E BASE DO CR\u00c2NIO<\/strong><\/h3>\n<p data-start=\"77\" data-end=\"228\">O <strong data-start=\"81\" data-end=\"107\">simulador SIMONT (SOT)<\/strong> permite a <strong data-start=\"119\" data-end=\"147\">cirurgia endosc\u00f3pica dos seios paranasais<\/strong>, desde uma simples <strong data-start=\"171\" data-end=\"193\">abertura do \u00f3stio do SOT<\/strong> at\u00e9 o acesso \u00e0 <strong data-start=\"211\" data-end=\"225\">base do cr\u00e2nio<\/strong>.<\/p>\n<p data-start=\"230\" data-end=\"703\">O <strong data-start=\"234\" data-end=\"254\">simulador SIMONT<\/strong><strong data-start=\"256\" data-end=\"294\">(Sinus Model Otorhino Neuro Trainer<\/strong>) foi desenvolvido pela <strong data-start=\"313\" data-end=\"328\">Pro Delphus<\/strong> com <strong data-start=\"343\" data-end=\"367\">anatomia<\/strong> detalhada <strong data-start=\"343\" data-end=\"367\">dos seios da face<\/strong>, incluindo <strong data-start=\"379\" data-end=\"452\">cornetos, septo nasal, vasos e sela t\u00farcica com adenoma<\/strong>, entre outras estruturas. Para aumentar o realismo, <strong data-start=\"498\" data-end=\"522\">patologias espec\u00edficas<\/strong>, como <strong data-start=\"531\" data-end=\"573\">cistos, tumores e tecido inflamat\u00f3rio<\/strong>, s\u00e3o incorporadas, permitindo procedimentos terap\u00eauticos desde <strong data-start=\"629\" data-end=\"700\">simples retalhos at\u00e9 a abertura da sela t\u00farcica e a remo\u00e7\u00e3o de adenoma hipofis\u00e1rio<\/strong>. <\/p>\n<h3 data-start=\"705\" data-end=\"757\"><strong data-start=\"709\" data-end=\"755\">Cirurgias que podem ser realizadas na SIMONT:<\/strong><\/h3>\n<ul data-start=\"758\" data-end=\"1448\">\n<li data-start=\"758\" data-end=\"820\"><strong data-start=\"760\" data-end=\"778\">Turbinectomias<\/strong> e <strong data-start=\"783\" data-end=\"818\">remo\u00e7\u00e3o do processo uncinado<\/strong><\/li>\n<li data-start=\"821\" data-end=\"864\"><strong data-start=\"823\" data-end=\"862\">Amplia\u00e7\u00e3o do \u00f3stio maxilar<\/strong><\/li>\n<li data-start=\"865\" data-end=\"900\"><strong data-start=\"867\" data-end=\"898\">Drenagem de cistos maxilares<\/strong><\/li>\n<li data-start=\"901\" data-end=\"939\"><strong data-start=\"903\" data-end=\"937\">Remo\u00e7\u00e3o da bula etmoidal<\/strong><\/li>\n<li data-start=\"940\" data-end=\"997\"><strong data-start=\"942\" data-end=\"995\">Abordagem periorbital atrav\u00e9s da l\u00e2mina papir\u00e1cea<\/strong><\/li>\n<li data-start=\"998\" data-end=\"1053\"><strong data-start=\"1000\" data-end=\"1051\">Remo\u00e7\u00e3o do agger nasi e abertura do seio frontal<\/strong><\/li>\n<li data-start=\"1054\" data-end=\"1078\"><strong data-start=\"1056\" data-end=\"1076\">Drenagem de abscesso<\/strong><\/li>\n<li data-start=\"1079\" data-end=\"1161\"><strong data-start=\"1081\" data-end=\"1159\">Identifica\u00e7\u00e3o e dissec\u00e7\u00e3o da art\u00e9ria e do orif\u00edcio esfenopalatino<\/strong><\/li>\n<li data-start=\"1162\" data-end=\"1213\"><strong data-start=\"1164\" data-end=\"1211\">Treinamento em v\u00e1rias t\u00e9cnicas de retalho septal<\/strong><\/li>\n<li data-start=\"1214\" data-end=\"1306\"><strong data-start=\"1216\" data-end=\"1271\">Identifica\u00e7\u00e3o e expans\u00e3o do \u00f3stio esfenoidal<\/strong> para permitir a entrada no esfenoide<\/li>\n<li data-start=\"1307\" data-end=\"1352\"><strong data-start=\"1309\" data-end=\"1350\">Remo\u00e7\u00e3o do septo interesfenoidal<\/strong><\/li>\n<li data-start=\"1353\" data-end=\"1389\"><strong data-start=\"1355\" data-end=\"1387\">Abertura da sela t\u00farcica<\/strong><\/li>\n<li data-start=\"1390\" data-end=\"1448\"><strong data-start=\"1392\" data-end=\"1446\">Remo\u00e7\u00e3o de adenoma hipofis\u00e1rio e craniofaringioma<\/strong><\/li>\n<\/ul>\n<h3 data-start=\"62\" data-end=\"122\"><\/h3>\n","protected":false},"excerpt":{"rendered":"<p>O <strong data-start=\"4\" data-end=\"51\">SIMONT (Sinus Model Otorhino Neuro Trainer)<\/strong> \u00e9 um simulador de alta fidelidade para treinamento em <strong data-start=\"85\" data-end=\"128\">cirurgia endosc\u00f3pica dos seios da face e da base do cr\u00e2nio<\/strong>. Desenvolvido pela <strong data-start=\"152\" data-end=\"167\">Pro Delphus<\/strong>, ele reproduz a anatomia detalhada do seio, incluindo <strong data-start=\"217\" data-end=\"290\">cornetos, septo nasal, vasos e a sela t\u00farcica com adenoma<\/strong>. Ele permite que os cirurgi\u00f5es pratiquem procedimentos como <strong data-start=\"342\" data-end=\"471\">turbinectomias, amplia\u00e7\u00e3o do \u00f3stio maxilar, expans\u00e3o do \u00f3stio esfenoidal, abertura da sela t\u00farcica e remo\u00e7\u00e3o de adenoma pituit\u00e1rio<\/strong>. Com inser\u00e7\u00f5es realistas de patologia, como <strong data-start=\"511\" data-end=\"554\">cistos, tumores e tecidos inflamat\u00f3rios<\/strong>, o SIMONT proporciona uma experi\u00eancia imersiva para voc\u00ea dominar <strong data-start=\"615\" data-end=\"668\">t\u00e9cnicas cir\u00fargicas endosc\u00f3picas b\u00e1sicas e avan\u00e7adas<\/strong>.   <\/p>\n","protected":false},"featured_media":3902,"comment_status":"open","ping_status":"closed","template":"","meta":[],"product_brand":[1153],"product_cat":[744,755],"product_tag":[763,762,761,767,769,770,765,771,768,766,759,760,764],"class_list":{"0":"post-3900","1":"product","2":"type-product","3":"status-publish","4":"has-post-thumbnail","6":"product_brand-pro-delphus-pt-br","7":"product_cat-neurocirurgia","8":"product_cat-otorrinolaringologia","9":"product_tag-aumento-do-ostio-maxilar","10":"product_tag-cirurgia-da-sela-turcica","11":"product_tag-remocao-de-adenoma-hipofisario","12":"product_tag-remocao-de-craniofaringioma","13":"product_tag-simulacao-da-base-do-cranio","14":"product_tag-simulacao-de-cirurgia-de-bola-fungica","15":"product_tag-simulacao-de-etmoidectomia","16":"product_tag-simulador-de-balao-sinusal","17":"product_tag-simulador-de-cirurgia-otorrinolaringologica","18":"product_tag-treinamento-de-abordagem-periorbital","19":"product_tag-treinamento-em-cirurgia-endoscopica-dos-seios-paranasais","20":"product_tag-treinamento-em-otorrinolaringologia","21":"product_tag-treinamento-em-turbinectomia","23":"first","24":"instock","25":"shipping-taxable","26":"purchasable","27":"product-type-simple"},"_links":{"self":[{"href":"https:\/\/prodelphus.com.br\/pt-br\/wp-json\/wp\/v2\/product\/3900","targetHints":{"allow":["GET"]}}],"collection":[{"href":"https:\/\/prodelphus.com.br\/pt-br\/wp-json\/wp\/v2\/product"}],"about":[{"href":"https:\/\/prodelphus.com.br\/pt-br\/wp-json\/wp\/v2\/types\/product"}],"replies":[{"embeddable":true,"href":"https:\/\/prodelphus.com.br\/pt-br\/wp-json\/wp\/v2\/comments?post=3900"}],"wp:featuredmedia":[{"embeddable":true,"href":"https:\/\/prodelphus.com.br\/pt-br\/wp-json\/wp\/v2\/media\/3902"}],"wp:attachment":[{"href":"https:\/\/prodelphus.com.br\/pt-br\/wp-json\/wp\/v2\/media?parent=3900"}],"wp:term":[{"taxonomy":"product_brand","embeddable":true,"href":"https:\/\/prodelphus.com.br\/pt-br\/wp-json\/wp\/v2\/product_brand?post=3900"},{"taxonomy":"product_cat","embeddable":true,"href":"https:\/\/prodelphus.com.br\/pt-br\/wp-json\/wp\/v2\/product_cat?post=3900"},{"taxonomy":"product_tag","embeddable":true,"href":"https:\/\/prodelphus.com.br\/pt-br\/wp-json\/wp\/v2\/product_tag?post=3900"}],"curies":[{"name":"wp","href":"https:\/\/api.w.org\/{rel}","templated":true}]}}