{"id":3892,"date":"2025-03-17T17:05:21","date_gmt":"2025-03-17T20:05:21","guid":{"rendered":"https:\/\/dev.prodelphus.com.br\/?post_type=product&#038;p=3892"},"modified":"2025-05-16T09:43:31","modified_gmt":"2025-05-16T12:43:31","slug":"simulador-de-treinamento-de-coluna","status":"publish","type":"product","link":"https:\/\/prodelphus.com.br\/pt-br\/produto\/simulador-de-treinamento-de-coluna\/","title":{"rendered":"Simulador de treinamento de coluna"},"content":{"rendered":"<h3 data-start=\"62\" data-end=\"122\"><strong data-start=\"66\" data-end=\"120\">TREINADOR DE COLUNA PARA CIRURGIA DE COLUNA ABERTA E ENDOSC\u00d3PICA<\/strong><\/h3>\n<p data-start=\"124\" data-end=\"290\">O <strong data-start=\"128\" data-end=\"145\">Spine Trainer<\/strong> foi projetado e desenvolvido pela <strong data-start=\"176\" data-end=\"191\">Pro Delphus<\/strong> para treinamento em <strong data-start=\"208\" data-end=\"245\">cirurgia endosc\u00f3pica e aberta da coluna vertebral<\/strong>, usando todos os equipamentos de uma cirurgia real.<\/p>\n<p data-start=\"292\" data-end=\"457\">As patologias oferecidas podem ser personalizadas. <strong data-start=\"335\" data-end=\"396\">A circula\u00e7\u00e3o do fluido cerebrospinal e o acesso \u00e0s ra\u00edzes nervosas<\/strong> podem ser observados durante a pr\u00e1tica, garantindo extremo realismo.<\/p>\n<p data-start=\"459\" data-end=\"483\"><strong data-start=\"459\" data-end=\"481\">O treinamento inclui:<\/strong><\/p>\n<ul data-start=\"484\" data-end=\"645\">\n<li data-start=\"484\" data-end=\"536\">Cirurgias endosc\u00f3picas ou abertas para h\u00e9rnia de disco<\/li>\n<li data-start=\"537\" data-end=\"563\">Procedimentos de artrodese<\/li>\n<li data-start=\"564\" data-end=\"611\">Pun\u00e7\u00f5es com agulha sob controle radiol\u00f3gico<\/li>\n<li data-start=\"612\" data-end=\"645\">Pun\u00e7\u00f5es espinhais e epidurais<\/li>\n<\/ul>\n<p data-start=\"647\" data-end=\"662\"><strong data-start=\"647\" data-end=\"660\">Caracter\u00edsticas:<\/strong><\/p>\n<ul data-start=\"663\" data-end=\"942\">\n<li data-start=\"663\" data-end=\"780\">Acesso endosc\u00f3pico seccional em v\u00e1rios espa\u00e7os (esquerdo e\/ou direito), permitindo v\u00e1rias patologias e procedimentos.<\/li>\n<li data-start=\"781\" data-end=\"942\">Treinamento para fixa\u00e7\u00e3o vertebral, gerenciamento de les\u00f5es radiculares, f\u00edstulas traum\u00e1ticas de l\u00edquido cefalorraquidiano e estenose facet\u00e1ria com a presen\u00e7a do canal medular.<\/li>\n<\/ul>\n<p data-start=\"944\" data-end=\"960\"><strong data-start=\"944\" data-end=\"958\">Equipamentos:<\/strong><\/p>\n<ul>\n<li style=\"list-style-type: none;\">\n<ul data-start=\"961\" data-end=\"1121\">\n<li data-start=\"961\" data-end=\"1019\">S\u00e3o necess\u00e1rios instrumentos cir\u00fargicos reais para os procedimentos.<\/li>\n<li data-start=\"1020\" data-end=\"1121\">Uma <strong data-start=\"1025\" data-end=\"1041\">base de acr\u00edlico<\/strong> abriga uma <strong data-start=\"1051\" data-end=\"1071\">bomba perist\u00e1ltica<\/strong> que mant\u00e9m a circula\u00e7\u00e3o do fluido cerebrospinal.<\/li>\n<\/ul>\n<\/li>\n<\/ul>\n","protected":false},"excerpt":{"rendered":"<p>O <strong data-start=\"4\" data-end=\"20\">SpineTrainer<\/strong> da Pro Delphus \u00e9 um simulador realista para treinamento em <strong data-start=\"77\" data-end=\"114\">cirurgia endosc\u00f3pica e aberta da coluna vertebral<\/strong>. Ele permite configura\u00e7\u00f5es de patologia personalizadas, possibilitando a pr\u00e1tica de procedimentos como <strong data-start=\"195\" data-end=\"290\">cirurgia de h\u00e9rnia de disco, artrodese, pun\u00e7\u00f5es espinhais e epidurais e fixa\u00e7\u00e3o vertebral<\/strong>. O simulador apresenta <strong data-start=\"315\" data-end=\"401\">circula\u00e7\u00e3o de fluido cerebrospinal, acesso \u00e0 raiz nervosa e entrada endosc\u00f3pica seccional<\/strong>, proporcionando uma experi\u00eancia de treinamento imersiva. Equipado com uma <strong data-start=\"463\" data-end=\"483\">bomba perist\u00e1ltica<\/strong> e projetado para uso com instrumentos cir\u00fargicos reais, o SpineTrainer garante uma pr\u00e1tica de alta fidelidade para o gerenciamento de patologias e complica\u00e7\u00f5es da coluna vertebral.   <\/p>\n","protected":false},"featured_media":3894,"comment_status":"open","ping_status":"closed","template":"","meta":[],"product_brand":[1153],"product_cat":[744,548,724],"product_tag":[748,745,753,746,749,754,750,752,751,747],"class_list":{"0":"post-3892","1":"product","2":"type-product","3":"status-publish","4":"has-post-thumbnail","6":"product_brand-pro-delphus-pt-br","7":"product_cat-neurocirurgia","8":"product_cat-ortopedia","9":"product_cat-trauma-pt-br","10":"product_tag-circulacao-do-fluido-cerebrospinal","11":"product_tag-cirurgia-endoscopica-da-coluna","12":"product_tag-hernioplastia-endoscopica-de-disco","13":"product_tag-pratica-de-artrodese","14":"product_tag-simulacao-de-fixacao-vertebral","15":"product_tag-simulador-de-endoscopia-espinhal","16":"product_tag-simulador-de-hernia-de-disco","17":"product_tag-simulador-de-hernioplastia-discal","18":"product_tag-simulador-endoscopico-de-coluna","19":"product_tag-treinamento-de-puncao-epidural","21":"first","22":"instock","23":"shipping-taxable","24":"purchasable","25":"product-type-simple"},"_links":{"self":[{"href":"https:\/\/prodelphus.com.br\/pt-br\/wp-json\/wp\/v2\/product\/3892","targetHints":{"allow":["GET"]}}],"collection":[{"href":"https:\/\/prodelphus.com.br\/pt-br\/wp-json\/wp\/v2\/product"}],"about":[{"href":"https:\/\/prodelphus.com.br\/pt-br\/wp-json\/wp\/v2\/types\/product"}],"replies":[{"embeddable":true,"href":"https:\/\/prodelphus.com.br\/pt-br\/wp-json\/wp\/v2\/comments?post=3892"}],"wp:featuredmedia":[{"embeddable":true,"href":"https:\/\/prodelphus.com.br\/pt-br\/wp-json\/wp\/v2\/media\/3894"}],"wp:attachment":[{"href":"https:\/\/prodelphus.com.br\/pt-br\/wp-json\/wp\/v2\/media?parent=3892"}],"wp:term":[{"taxonomy":"product_brand","embeddable":true,"href":"https:\/\/prodelphus.com.br\/pt-br\/wp-json\/wp\/v2\/product_brand?post=3892"},{"taxonomy":"product_cat","embeddable":true,"href":"https:\/\/prodelphus.com.br\/pt-br\/wp-json\/wp\/v2\/product_cat?post=3892"},{"taxonomy":"product_tag","embeddable":true,"href":"https:\/\/prodelphus.com.br\/pt-br\/wp-json\/wp\/v2\/product_tag?post=3892"}],"curies":[{"name":"wp","href":"https:\/\/api.w.org\/{rel}","templated":true}]}}