{"id":3888,"date":"2025-03-17T16:43:34","date_gmt":"2025-03-17T19:43:34","guid":{"rendered":"https:\/\/dev.prodelphus.com.br\/?post_type=product&#038;p=3888"},"modified":"2025-05-16T09:43:31","modified_gmt":"2025-05-16T12:43:31","slug":"luva-de-sutura","status":"publish","type":"product","link":"https:\/\/prodelphus.com.br\/pt-br\/produto\/luva-de-sutura\/","title":{"rendered":"Luva de sutura"},"content":{"rendered":"<p><strong>Luva de sutura Pro Delphus<\/strong><\/p>\n<p>Desenvolvida para treinamento de simula\u00e7\u00e3o mista, a Luva de Sutura Pro Delphus permite tanto a pr\u00e1tica de sutura quanto a an\u00e1lise da postura do m\u00e9dico ao interagir com um paciente. A abordagem soci\u00e1vel e as t\u00e9cnicas cir\u00fargicas s\u00e3o aspectos fundamentais do ensino e da avalia\u00e7\u00e3o pelo instrutor. <\/p>\n<p><strong>A\u00e7\u00e3o<\/strong><\/p>\n<p>Um ator, com a m\u00e3o e o bra\u00e7o hidratados em glicerina l\u00edquida, coloca a Luva de Sutura Neoderma\u00ae\ufe0f e se apresenta ao aluno que est\u00e1 realizando o procedimento de emerg\u00eancia. Durante a sess\u00e3o, as intera\u00e7\u00f5es entre os dois ser\u00e3o observadas, enquanto outros alunos analisam a interven\u00e7\u00e3o em termos de sociabilidade e t\u00e9cnica de sutura. O instrutor far\u00e1 os coment\u00e1rios finais.  <\/p>\n<p><strong>Durabilidade e conserva\u00e7\u00e3o<\/strong><\/p>\n<p>Neoderma\u00ae\ufe0f tem excelente elasticidade, mas n\u00e3o suporta forte tens\u00e3o de sutura, semelhante \u00e0 pele humana. Ao final do procedimento, os n\u00f3s devem ser removidos antes de voc\u00ea armazenar o material para uso futuro. A Luva de Sutura deve ser colocada com o aux\u00edlio de glicerina l\u00edquida, reidratada da mesma maneira ap\u00f3s o uso, embrulhada em filme pl\u00e1stico e armazenada ao abrigo da luz e do calor.<\/p>\n","protected":false},"excerpt":{"rendered":"<p><strong>A Luva de Sutura Pro Delphus<\/strong> \u00e9 uma ferramenta de treinamento projetada para simula\u00e7\u00e3o mista, permitindo que os alunos pratiquem a sutura e, ao mesmo tempo, aprimorem suas habilidades de intera\u00e7\u00e3o com o paciente. Fabricada com Neoderma\u00ae\ufe0fela imita a pele humana e permite que os instrutores avaliem tanto a t\u00e9cnica cir\u00fargica quanto a maneira de agir \u00e0 beira do leito. Dur\u00e1vel e reutiliz\u00e1vel com os devidos cuidados, ele aprimora o aprendizado pr\u00e1tico na educa\u00e7\u00e3o m\u00e9dica.  <\/p>\n","protected":false},"featured_media":3890,"comment_status":"open","ping_status":"closed","template":"","meta":[],"product_brand":[1153],"product_cat":[683,1038,663],"product_tag":[95,664,665,742,572],"class_list":{"0":"post-3888","1":"product","2":"type-product","3":"status-publish","4":"has-post-thumbnail","6":"product_brand-pro-delphus-pt-br","7":"product_cat-emergencia","8":"product_cat-enfermagem","9":"product_cat-sutura","10":"product_tag-simulador","11":"product_tag-simulador-de-sutura","12":"product_tag-sutura","13":"product_tag-sutura-de-neoderma","14":"product_tag-treinador-de-cirurgia","16":"first","17":"instock","18":"shipping-taxable","19":"purchasable","20":"product-type-simple"},"_links":{"self":[{"href":"https:\/\/prodelphus.com.br\/pt-br\/wp-json\/wp\/v2\/product\/3888","targetHints":{"allow":["GET"]}}],"collection":[{"href":"https:\/\/prodelphus.com.br\/pt-br\/wp-json\/wp\/v2\/product"}],"about":[{"href":"https:\/\/prodelphus.com.br\/pt-br\/wp-json\/wp\/v2\/types\/product"}],"replies":[{"embeddable":true,"href":"https:\/\/prodelphus.com.br\/pt-br\/wp-json\/wp\/v2\/comments?post=3888"}],"wp:featuredmedia":[{"embeddable":true,"href":"https:\/\/prodelphus.com.br\/pt-br\/wp-json\/wp\/v2\/media\/3890"}],"wp:attachment":[{"href":"https:\/\/prodelphus.com.br\/pt-br\/wp-json\/wp\/v2\/media?parent=3888"}],"wp:term":[{"taxonomy":"product_brand","embeddable":true,"href":"https:\/\/prodelphus.com.br\/pt-br\/wp-json\/wp\/v2\/product_brand?post=3888"},{"taxonomy":"product_cat","embeddable":true,"href":"https:\/\/prodelphus.com.br\/pt-br\/wp-json\/wp\/v2\/product_cat?post=3888"},{"taxonomy":"product_tag","embeddable":true,"href":"https:\/\/prodelphus.com.br\/pt-br\/wp-json\/wp\/v2\/product_tag?post=3888"}],"curies":[{"name":"wp","href":"https:\/\/api.w.org\/{rel}","templated":true}]}}