{"id":3880,"date":"2025-03-17T16:17:00","date_gmt":"2025-03-17T19:17:00","guid":{"rendered":"https:\/\/dev.prodelphus.com.br\/?post_type=product&#038;p=3880"},"modified":"2025-05-16T09:43:28","modified_gmt":"2025-05-16T12:43:28","slug":"simulador-thor-p-para-correcao-robotica-de-vats-e-pectus-excavatum","status":"publish","type":"product","link":"https:\/\/prodelphus.com.br\/pt-br\/produto\/simulador-thor-p-para-correcao-robotica-de-vats-e-pectus-excavatum\/","title":{"rendered":"Simulador THOR-P para corre\u00e7\u00e3o rob\u00f3tica de VATS e Pectus Excavatum"},"content":{"rendered":"<p data-start=\"60\" data-end=\"147\"><strong data-start=\"60\" data-end=\"147\">SIMULADOR PARA A PR\u00c1TICA DE T\u00c9CNICAS DE CORRE\u00c7\u00c3O DE PECTUS EXCAVATUM E ROB\u00d3TICA DE CUBAS<\/strong><\/p>\n<p data-start=\"149\" data-end=\"237\">Realize procedimentos abertos, VATS ou plataforma rob\u00f3tica neste excelente simulador tor\u00e1cico.<\/p>\n<p data-start=\"239\" data-end=\"352\">O <strong data-start=\"243\" data-end=\"263\">simulador Thor-P<\/strong> foi projetado pela Pro Delphus para que voc\u00ea possa praticar t\u00e9cnicas de corre\u00e7\u00e3o de pectus excavatum, como, por exemplo, a corre\u00e7\u00e3o de pectus excavatum:<\/p>\n<ul data-start=\"353\" data-end=\"660\">\n<li data-start=\"353\" data-end=\"441\">Dissec\u00e7\u00e3o da entrada e sa\u00edda da barra de metal para dentro e fora do espa\u00e7o pleural<\/li>\n<li data-start=\"442\" data-end=\"564\">VATS para identificar e controlar o procedimento usando a t\u00e9cnica NUSS com todas as estruturas do mediastino intrator\u00e1cico<\/li>\n<li data-start=\"565\" data-end=\"660\">Diferentes formas de aplicar a t\u00e9cnica de eleva\u00e7\u00e3o do esterno e muito mais, com realismo e seguran\u00e7a.<\/li>\n<\/ul>\n<p data-start=\"662\" data-end=\"822\">Al\u00e9m disso, quase 60 pr\u00e1ticas podem ser realizadas no mesmo modelo, mesmo sem a deformidade do pectus excavatum na parte anterior da parede, incluindo:<\/p>\n<p data-start=\"824\" data-end=\"850\"><strong data-start=\"824\" data-end=\"850\">a) Incis\u00f5es tor\u00e1cicas:<\/strong><\/p>\n<ul data-start=\"851\" data-end=\"977\">\n<li data-start=\"851\" data-end=\"885\">Toracotomia anterior e lateral<\/li>\n<li data-start=\"886\" data-end=\"898\">Esternotomia<\/li>\n<li data-start=\"899\" data-end=\"977\">Todos os tipos de incis\u00f5es para acessar portais para VATS e procedimentos rob\u00f3ticos<\/li>\n<\/ul>\n<p data-start=\"979\" data-end=\"1004\"><strong data-start=\"979\" data-end=\"1004\">b) Incis\u00f5es especiais:<\/strong><\/p>\n<ul data-start=\"1005\" data-end=\"1050\">\n<li data-start=\"1005\" data-end=\"1018\">Chamberlein<\/li>\n<li data-start=\"1019\" data-end=\"1030\">Clamshell<\/li>\n<li data-start=\"1031\" data-end=\"1050\">Acesso subxifoide<\/li>\n<\/ul>\n<p data-start=\"1052\" data-end=\"1075\"><strong data-start=\"1052\" data-end=\"1075\">c) Trauma tor\u00e1cico:<\/strong><\/p>\n<ul data-start=\"1076\" data-end=\"1203\">\n<li data-start=\"1076\" data-end=\"1141\">Fixa\u00e7\u00e3o das costelas com placas (anterior, lateral, posterior)<\/li>\n<li data-start=\"1142\" data-end=\"1203\">Les\u00e3o vascular e corre\u00e7\u00e3o com presen\u00e7a de sangramento ativo<\/li>\n<\/ul>\n<p data-start=\"1205\" data-end=\"1240\"><strong data-start=\"1205\" data-end=\"1240\">d) Trauma tor\u00e1cico (continua\u00e7\u00e3o):<\/strong><\/p>\n<ul data-start=\"1241\" data-end=\"1341\">\n<li data-start=\"1241\" data-end=\"1265\">Fixa\u00e7\u00e3o de costelas com VATS<\/li>\n<li data-start=\"1266\" data-end=\"1341\">Sistemas internos e\/ou remo\u00e7\u00e3o de fluido intrapleural (prepara\u00e7\u00e3o pr\u00e9via)<\/li>\n<\/ul>\n","protected":false},"excerpt":{"rendered":"<p>O <strong data-start=\"4\" data-end=\"24\">simulador Thor-P<\/strong> \u00e9 uma ferramenta de treinamento de alta fidelidade para a pr\u00e1tica de corre\u00e7\u00e3o de pectus excavatum, VATS e t\u00e9cnicas de cirurgia tor\u00e1cica rob\u00f3tica. Ele permite que os usu\u00e1rios simulem procedimentos como inser\u00e7\u00e3o de barra met\u00e1lica, t\u00e9cnicas de eleva\u00e7\u00e3o do esterno e tratamento de trauma tor\u00e1cico, incluindo fixa\u00e7\u00e3o de costela e corre\u00e7\u00e3o de les\u00e3o vascular. Com quase 60 cen\u00e1rios de pr\u00e1tica, ele oferece treinamento realista para v\u00e1rias incis\u00f5es tor\u00e1cicas, incluindo pontos de acesso especiais e m\u00e9todos de fixa\u00e7\u00e3o de costelas, garantindo o desenvolvimento seguro e eficaz de habilidades para cirurgi\u00f5es tor\u00e1cicos.  <\/p>\n","protected":false},"featured_media":3882,"comment_status":"open","ping_status":"closed","template":"","meta":[],"product_brand":[1153],"product_cat":[1070,723,683,1135,724,725],"product_tag":[732,740,726,727,731,730,736,737,738,739,733,734,735,741,728,729],"class_list":{"0":"post-3880","1":"product","2":"type-product","3":"status-publish","4":"has-post-thumbnail","6":"product_brand-pro-delphus-pt-br","7":"product_cat-cardiologia","8":"product_cat-cirurgia-toracica","9":"product_cat-emergencia","10":"product_cat-pulmao","11":"product_cat-trauma-pt-br","12":"product_cat-vats-pt-br","13":"product_tag-cirurgia-da-parede-toracica","14":"product_tag-cirurgia-robotica-da-parede-toracica","15":"product_tag-correcao-do-pectus-excavatum","16":"product_tag-pratica-de-fixacao-de-costelas","17":"product_tag-procedimentos-no-espaco-pleural","18":"product_tag-simulacao-de-trauma-toracico","19":"product_tag-simulador-cardiotoracico","20":"product_tag-simulador-cardiovascular","21":"product_tag-simulador-de-cirurgia-toracica","22":"product_tag-simulador-de-cubas","23":"product_tag-simulador-de-parede-toracica","24":"product_tag-simulador-de-pectus-excavatum","25":"product_tag-simulador-de-trauma-toracico","26":"product_tag-simulador-toracico-robotico","27":"product_tag-tecnica-de-elevacao-do-esterno","28":"product_tag-treinamento-sobre-o-procedimento-de-nuss","30":"first","31":"instock","32":"shipping-taxable","33":"purchasable","34":"product-type-simple"},"_links":{"self":[{"href":"https:\/\/prodelphus.com.br\/pt-br\/wp-json\/wp\/v2\/product\/3880","targetHints":{"allow":["GET"]}}],"collection":[{"href":"https:\/\/prodelphus.com.br\/pt-br\/wp-json\/wp\/v2\/product"}],"about":[{"href":"https:\/\/prodelphus.com.br\/pt-br\/wp-json\/wp\/v2\/types\/product"}],"replies":[{"embeddable":true,"href":"https:\/\/prodelphus.com.br\/pt-br\/wp-json\/wp\/v2\/comments?post=3880"}],"wp:featuredmedia":[{"embeddable":true,"href":"https:\/\/prodelphus.com.br\/pt-br\/wp-json\/wp\/v2\/media\/3882"}],"wp:attachment":[{"href":"https:\/\/prodelphus.com.br\/pt-br\/wp-json\/wp\/v2\/media?parent=3880"}],"wp:term":[{"taxonomy":"product_brand","embeddable":true,"href":"https:\/\/prodelphus.com.br\/pt-br\/wp-json\/wp\/v2\/product_brand?post=3880"},{"taxonomy":"product_cat","embeddable":true,"href":"https:\/\/prodelphus.com.br\/pt-br\/wp-json\/wp\/v2\/product_cat?post=3880"},{"taxonomy":"product_tag","embeddable":true,"href":"https:\/\/prodelphus.com.br\/pt-br\/wp-json\/wp\/v2\/product_tag?post=3880"}],"curies":[{"name":"wp","href":"https:\/\/api.w.org\/{rel}","templated":true}]}}