{"id":3864,"date":"2025-03-17T15:13:03","date_gmt":"2025-03-17T18:13:03","guid":{"rendered":"https:\/\/dev.prodelphus.com.br\/?post_type=product&#038;p=3864"},"modified":"2025-06-16T08:57:16","modified_gmt":"2025-06-16T11:57:16","slug":"ninfotrainer-procedimentos-e-patologias-esteticas","status":"publish","type":"product","link":"https:\/\/prodelphus.com.br\/pt-br\/produto\/ninfotrainer-procedimentos-e-patologias-esteticas\/","title":{"rendered":"Ninfotrainer &#8211; Procedimentos e patologias est\u00e9ticas"},"content":{"rendered":"<p><strong>NINFOTRAINER &#8211; SIMULADOR DE PROCEDIMENTOS EST\u00c9TICOS E PATOLOGIAS<\/strong><\/p>\n<p>O <strong>Ninfotrainer<\/strong> oferece <strong>um realismo impressionante<\/strong> para ginecologistas e pacientes que lidam com a <strong>sa\u00fade \u00edntima da mulher<\/strong>. Com diferentes tipos de <strong>patologias da genit\u00e1lia feminina<\/strong> e m\u00faltiplas <strong>varia\u00e7\u00f5es anat\u00f4micas<\/strong>, ele foi desenvolvido para conscientizar os <strong>profissionais de sa\u00fade e as pacientes<\/strong> sobre os <strong>cuidados preventivos e profil\u00e1ticos<\/strong> de v\u00e1rias condi\u00e7\u00f5es vulvares. Al\u00e9m disso, serve como uma ferramenta valiosa para o estudo de <strong>op\u00e7\u00f5es de tratamento est\u00e9tico<\/strong> adaptadas a cada caso.  <\/p>\n<h3><strong>Treinamento abrangente para profissionais<\/strong><\/h3>\n<p>O <strong>Ninfotrainer<\/strong> permite o treinamento pr\u00e1tico em <strong>v\u00e1rias t\u00e9cnicas cir\u00fargicas<\/strong>, inclusive:  <\/p>\n<ul>\n<li><strong>Aplica\u00e7\u00f5es do laser vaginal<\/strong><\/li>\n<li><strong>Labiaplastia interna e externa<\/strong><\/li>\n<li><strong>Redu\u00e7\u00e3o do clit\u00f3ris e redu\u00e7\u00e3o do capuz<\/strong><\/li>\n<li><strong>Demonstra\u00e7\u00e3o de preenchimentos d\u00e9rmicos e peelings<\/strong><\/li>\n<\/ul>\n<p>O <strong>comportamento realista<\/strong> do <strong>tecido<\/strong> do simulador permite que os profissionais estudem e pratiquem diferentes abordagens, seja por meio de <strong>cirurgia, uso de laser convencional ou procedimentos est\u00e9ticos.<\/strong><\/p>\n<p>Um item essencial para <strong>cirurgi\u00f5es especializados, profissionais de est\u00e9tica e dermatologistas<\/strong>, o <strong>Ninfotrainer<\/strong> aprimora a experi\u00eancia em <strong>bem-estar \u00edntimo feminino e interven\u00e7\u00e3o cir\u00fargica.<\/strong><\/p>\n","protected":false},"excerpt":{"rendered":"<p data-start=\"82\" data-end=\"342\">O <strong data-start=\"86\" data-end=\"102\">Ninfotrainer<\/strong> oferece realismo inigual\u00e1vel para treinamento em <strong data-start=\"147\" data-end=\"222\">sa\u00fade \u00edntima feminina, gerenciamento de patologias e procedimentos est\u00e9ticos.<\/strong> Apresentando diversas varia\u00e7\u00f5es anat\u00f4micas e patologias vulvares, ele aumenta a conscientiza\u00e7\u00e3o e o desenvolvimento de habilidades pr\u00e1ticas.<\/p>\n<p data-start=\"344\" data-end=\"681\" data-is-last-node=\"\" data-is-only-node=\"\">Projetado para <strong data-start=\"357\" data-end=\"414\">ginecologistas, cirurgi\u00f5es e profissionais de est\u00e9tica,<\/strong> ele permite o treinamento pr\u00e1tico em <strong data-start=\"448\" data-end=\"564\">t\u00e9cnicas cir\u00fargicas, aplica\u00e7\u00f5es de laser, labiaplastia, redu\u00e7\u00e3o do clit\u00f3ris e do capuz, preenchimentos d\u00e9rmicos e peelings.<\/strong> Seus tecidos realistas respondem como uma cirurgia real, tornando-o uma ferramenta essencial para a educa\u00e7\u00e3o e a pr\u00e1tica profissional.<\/p>\n","protected":false},"featured_media":4169,"comment_status":"open","ping_status":"closed","template":"","meta":[],"product_brand":[1153],"product_cat":[87,613,1038,1165,1164,708,1163],"product_tag":[542,94,710,709,711,713,715,714,712,716,572],"class_list":{"0":"post-3864","1":"product","2":"type-product","3":"status-publish","4":"has-post-thumbnail","6":"product_brand-pro-delphus-pt-br","7":"product_cat-anatomia-normal-patologica","8":"product_cat-cirurgia-plastica","9":"product_cat-enfermagem","10":"product_cat-procedimentos-cosmeticos","11":"product_cat-procedimentos-esteticos","12":"product_cat-vulva","13":"product_cat-ginecologia","14":"product_tag-ginecologia","15":"product_tag-patologias","16":"product_tag-patologias-vulvares","17":"product_tag-procedimentos-esteticos","18":"product_tag-simulador-de-cirurgia-de-pequenos-labios","19":"product_tag-simulador-de-cirurgia-pelvica","20":"product_tag-simulador-de-cirurgia-vaginal","21":"product_tag-simulador-de-doencas-venereas","22":"product_tag-simulador-de-ninfoplastia","23":"product_tag-simulador-de-perineoplastia","24":"product_tag-treinador-de-cirurgia","26":"first","27":"instock","28":"shipping-taxable","29":"product-type-external"},"_links":{"self":[{"href":"https:\/\/prodelphus.com.br\/pt-br\/wp-json\/wp\/v2\/product\/3864","targetHints":{"allow":["GET"]}}],"collection":[{"href":"https:\/\/prodelphus.com.br\/pt-br\/wp-json\/wp\/v2\/product"}],"about":[{"href":"https:\/\/prodelphus.com.br\/pt-br\/wp-json\/wp\/v2\/types\/product"}],"replies":[{"embeddable":true,"href":"https:\/\/prodelphus.com.br\/pt-br\/wp-json\/wp\/v2\/comments?post=3864"}],"wp:featuredmedia":[{"embeddable":true,"href":"https:\/\/prodelphus.com.br\/pt-br\/wp-json\/wp\/v2\/media\/4169"}],"wp:attachment":[{"href":"https:\/\/prodelphus.com.br\/pt-br\/wp-json\/wp\/v2\/media?parent=3864"}],"wp:term":[{"taxonomy":"product_brand","embeddable":true,"href":"https:\/\/prodelphus.com.br\/pt-br\/wp-json\/wp\/v2\/product_brand?post=3864"},{"taxonomy":"product_cat","embeddable":true,"href":"https:\/\/prodelphus.com.br\/pt-br\/wp-json\/wp\/v2\/product_cat?post=3864"},{"taxonomy":"product_tag","embeddable":true,"href":"https:\/\/prodelphus.com.br\/pt-br\/wp-json\/wp\/v2\/product_tag?post=3864"}],"curies":[{"name":"wp","href":"https:\/\/api.w.org\/{rel}","templated":true}]}}