{"id":3844,"date":"2025-03-17T14:35:23","date_gmt":"2025-03-17T17:35:23","guid":{"rendered":"https:\/\/dev.prodelphus.com.br\/?post_type=product&#038;p=3844"},"modified":"2025-05-16T09:43:31","modified_gmt":"2025-05-16T12:43:31","slug":"simulador-de-treinamento-de-feridas","status":"publish","type":"product","link":"https:\/\/prodelphus.com.br\/pt-br\/produto\/simulador-de-treinamento-de-feridas\/","title":{"rendered":"Simulador de treinamento de feridas"},"content":{"rendered":"<p data-start=\"0\" data-end=\"65\"><strong data-start=\"0\" data-end=\"63\">Pro Delphus Wound Trainer &#8211; Simula\u00e7\u00e3o realista de tratamento de feridas<\/strong><\/p>\n<p data-start=\"67\" data-end=\"393\">O <strong data-start=\"71\" data-end=\"100\">Pro Delphus Wound Trainer<\/strong> \u00e9 um simulador de alta fidelidade projetado para treinamento pr\u00e1tico no tratamento de feridas. Com modelos personaliz\u00e1veis, ele permite que os profissionais pratiquem a <strong data-start=\"249\" data-end=\"322\">limpeza, o desbridamento e a aplica\u00e7\u00e3o de curativos (simples e a v\u00e1cuo),<\/strong> al\u00e9m de auxiliar na <strong data-start=\"344\" data-end=\"372\">tomada de decis\u00f5es cir\u00fargicas<\/strong> em casos complexos. <\/p>\n<p data-start=\"395\" data-end=\"630\" data-is-last-node=\"\" data-is-only-node=\"\">Com uma variedade de tipos de feridas realistas &#8211; incluindo <strong data-start=\"445\" data-end=\"524\">queimaduras, \u00falceras, deisc\u00eancia cir\u00fargica, les\u00f5es traum\u00e1ticas e feridas diab\u00e9ticas &#8211; este<\/strong>treinador \u00e9 uma ferramenta essencial para a <strong data-start=\"569\" data-end=\"630\" data-is-last-node=\"\">educa\u00e7\u00e3o m\u00e9dica, atendimento de emerg\u00eancia e treinamento cir\u00fargico.<\/strong><\/p>\n","protected":false},"excerpt":{"rendered":"<p data-start=\"66\" data-end=\"292\" data-is-last-node=\"\" data-is-only-node=\"\">O <strong data-start=\"70\" data-end=\"99\">Pro Delphus Wound Trainer<\/strong> permite a pr\u00e1tica do tratamento de feridas, incluindo limpeza, desbridamento e aplica\u00e7\u00e3o de curativos (simples e a v\u00e1cuo). Os modelos <strong>personaliz\u00e1veis<\/strong> ajudam a refinar as habilidades e a orientar as decis\u00f5es cir\u00fargicas, como a escolha da melhor indica\u00e7\u00e3o para cirurgias pl\u00e1sticas.<\/p>\n","protected":false},"featured_media":3848,"comment_status":"open","ping_status":"closed","template":"","meta":[],"product_brand":[1153],"product_cat":[683,1038],"product_tag":[688,687,95,690,689,691,572,686],"class_list":{"0":"post-3844","1":"product","2":"type-product","3":"status-publish","4":"has-post-thumbnail","6":"product_brand-pro-delphus-pt-br","7":"product_cat-emergencia","8":"product_cat-enfermagem","9":"product_tag-atendimento-de-emergencia","10":"product_tag-lesoes","11":"product_tag-simulador","12":"product_tag-simulador-de-feridas","13":"product_tag-simulador-de-queimaduras","14":"product_tag-terapia-de-vacuo-para-feridas","15":"product_tag-treinador-de-cirurgia","16":"product_tag-treinador-de-feridas","18":"first","19":"instock","20":"shipping-taxable","21":"product-type-external"},"_links":{"self":[{"href":"https:\/\/prodelphus.com.br\/pt-br\/wp-json\/wp\/v2\/product\/3844","targetHints":{"allow":["GET"]}}],"collection":[{"href":"https:\/\/prodelphus.com.br\/pt-br\/wp-json\/wp\/v2\/product"}],"about":[{"href":"https:\/\/prodelphus.com.br\/pt-br\/wp-json\/wp\/v2\/types\/product"}],"replies":[{"embeddable":true,"href":"https:\/\/prodelphus.com.br\/pt-br\/wp-json\/wp\/v2\/comments?post=3844"}],"wp:featuredmedia":[{"embeddable":true,"href":"https:\/\/prodelphus.com.br\/pt-br\/wp-json\/wp\/v2\/media\/3848"}],"wp:attachment":[{"href":"https:\/\/prodelphus.com.br\/pt-br\/wp-json\/wp\/v2\/media?parent=3844"}],"wp:term":[{"taxonomy":"product_brand","embeddable":true,"href":"https:\/\/prodelphus.com.br\/pt-br\/wp-json\/wp\/v2\/product_brand?post=3844"},{"taxonomy":"product_cat","embeddable":true,"href":"https:\/\/prodelphus.com.br\/pt-br\/wp-json\/wp\/v2\/product_cat?post=3844"},{"taxonomy":"product_tag","embeddable":true,"href":"https:\/\/prodelphus.com.br\/pt-br\/wp-json\/wp\/v2\/product_tag?post=3844"}],"curies":[{"name":"wp","href":"https:\/\/api.w.org\/{rel}","templated":true}]}}