{"id":3833,"date":"2025-03-17T13:33:22","date_gmt":"2025-03-17T16:33:22","guid":{"rendered":"https:\/\/dev.prodelphus.com.br\/?post_type=product&#038;p=3833"},"modified":"2025-05-16T09:43:30","modified_gmt":"2025-05-16T12:43:30","slug":"sistema-de-estacao-de-sangramento-pos-parto","status":"publish","type":"product","link":"https:\/\/prodelphus.com.br\/pt-br\/produto\/sistema-de-estacao-de-sangramento-pos-parto\/","title":{"rendered":"Sistema de esta\u00e7\u00e3o de sangramento p\u00f3s-parto"},"content":{"rendered":"<p><strong>SIMULADOR DE ESTA\u00c7\u00c3O DE SANGRAMENTO P\u00d3S-PARTO PARA DIAGN\u00d3STICO E CONTROLE DE LES\u00d5ES<\/strong><\/p>\n<p>Seu realismo desafia o aluno a superar o estresse e intervir rapidamente para estancar o sangramento e salvar a vida da paciente. O Sistema de Esta\u00e7\u00e3o de Tratamento P\u00f3s-parto (ETP) simula uma paciente com sangramento agudo ap\u00f3s o parto normal. Uma bomba de fluido \u00e9 ativada, causando um sangramento intenso e cont\u00ednuo.  <\/p>\n<p>O objetivo do treinamento \u00e9 encontrar a(s) fonte(s) do sangramento, bem como tomar as condutas adequadas para a les\u00e3o identificada. O modelo ETP pode ser personalizado para identificar os seguintes diagn\u00f3sticos: <\/p>\n<p>&#8211; Ruptura do colo uterino<br \/>\n&#8211; Ruptura da bexiga<br \/>\n&#8211; Lacera\u00e7\u00e3o e ruptura vaginal<br \/>\n&#8211; Ruptura uterina<br \/>\n&#8211; Reten\u00e7\u00e3o de cotil\u00e9dones e\/ou placenta<\/p>\n<p>No final, \u00e9 poss\u00edvel quantificar o volume de sangue perdido, permitindo assim que voc\u00ea entenda o sucesso da interven\u00e7\u00e3o.<\/p>\n","protected":false},"excerpt":{"rendered":"<p>A <strong data-start=\"88\" data-end=\"126\">Esta\u00e7\u00e3o de Tratamento P\u00f3s-Parto (ETP)<\/strong> \u00e9 um simulador de alta fidelidade projetado para treinar profissionais de sa\u00fade no tratamento de hemorragia p\u00f3s-parto aguda. Com um mecanismo de sangramento realista, ele desafia os alunos a diagnosticar e controlar rapidamente cen\u00e1rios de sangramento com risco de vida, incluindo ruptura uterina, lacera\u00e7\u00f5es vaginais e reten\u00e7\u00e3o de placenta. <\/p>\n","protected":false},"featured_media":3835,"comment_status":"open","ping_status":"closed","template":"","meta":[],"product_brand":[1153],"product_cat":[1038,588,587],"product_tag":[670,95,673,628,672,671,593,629,669,572],"class_list":{"0":"post-3833","1":"product","2":"type-product","3":"status-publish","4":"has-post-thumbnail","6":"product_brand-pro-delphus-pt-br","7":"product_cat-enfermagem","8":"product_cat-obstetricia","9":"product_cat-parto","10":"product_tag-pos-parto","11":"product_tag-simulador","12":"product_tag-simulador-de-cirurgia-obstetrica","13":"product_tag-simulador-de-complicacoes-obstetricas","14":"product_tag-simulador-de-parto","15":"product_tag-simulador-de-sangramento","16":"product_tag-simulador-de-trabalho","17":"product_tag-simulador-obstetrico","18":"product_tag-trabalho","19":"product_tag-treinador-de-cirurgia","21":"first","22":"instock","23":"shipping-taxable","24":"purchasable","25":"product-type-simple"},"_links":{"self":[{"href":"https:\/\/prodelphus.com.br\/pt-br\/wp-json\/wp\/v2\/product\/3833","targetHints":{"allow":["GET"]}}],"collection":[{"href":"https:\/\/prodelphus.com.br\/pt-br\/wp-json\/wp\/v2\/product"}],"about":[{"href":"https:\/\/prodelphus.com.br\/pt-br\/wp-json\/wp\/v2\/types\/product"}],"replies":[{"embeddable":true,"href":"https:\/\/prodelphus.com.br\/pt-br\/wp-json\/wp\/v2\/comments?post=3833"}],"wp:featuredmedia":[{"embeddable":true,"href":"https:\/\/prodelphus.com.br\/pt-br\/wp-json\/wp\/v2\/media\/3835"}],"wp:attachment":[{"href":"https:\/\/prodelphus.com.br\/pt-br\/wp-json\/wp\/v2\/media?parent=3833"}],"wp:term":[{"taxonomy":"product_brand","embeddable":true,"href":"https:\/\/prodelphus.com.br\/pt-br\/wp-json\/wp\/v2\/product_brand?post=3833"},{"taxonomy":"product_cat","embeddable":true,"href":"https:\/\/prodelphus.com.br\/pt-br\/wp-json\/wp\/v2\/product_cat?post=3833"},{"taxonomy":"product_tag","embeddable":true,"href":"https:\/\/prodelphus.com.br\/pt-br\/wp-json\/wp\/v2\/product_tag?post=3833"}],"curies":[{"name":"wp","href":"https:\/\/api.w.org\/{rel}","templated":true}]}}