{"id":3822,"date":"2025-03-13T14:12:46","date_gmt":"2025-03-13T17:12:46","guid":{"rendered":"https:\/\/dev.prodelphus.com.br\/?post_type=product&#038;p=3822"},"modified":"2025-05-16T09:43:36","modified_gmt":"2025-05-16T12:43:36","slug":"simulador-de-disco-de-sutura","status":"publish","type":"product","link":"https:\/\/prodelphus.com.br\/pt-br\/produto\/simulador-de-disco-de-sutura\/","title":{"rendered":"Simulador de disco de sutura"},"content":{"rendered":"<h2 data-start=\"26\" data-end=\"46\"><strong data-start=\"29\" data-end=\"44\">DISCO SUTURA<\/strong><\/h2>\n<h3 data-start=\"47\" data-end=\"93\"><strong data-start=\"51\" data-end=\"91\">Simuladores para sutura e disseca\u00e7\u00e3o<\/strong><\/h3>\n<p data-start=\"95\" data-end=\"274\">Experimente <strong data-start=\"106\" data-end=\"137\">procedimentos altamente realistas<\/strong> com o <strong data-start=\"143\" data-end=\"156\">Neoderma\u00ae<\/strong>, um material exclusivo desenvolvido pela <strong data-start=\"193\" data-end=\"208\">Pro Delphus<\/strong>, projetado para <strong data-start=\"222\" data-end=\"245\">imitar os tecidos humanos<\/strong> com precis\u00e3o excepcional.<\/p>\n<p data-start=\"276\" data-end=\"588\">O <strong data-start=\"280\" data-end=\"317\">Simulador de Disco de Sutura Pro Delphus<\/strong> oferece um <strong data-start=\"327\" data-end=\"359\">modelo de treinamento abrangente<\/strong> com <strong data-start=\"365\" data-end=\"393\">mais de 30 exerc\u00edcios de sutura<\/strong>, desde <strong data-start=\"415\" data-end=\"438\">t\u00e9cnicas<\/strong> simples <strong data-start=\"415\" data-end=\"438\">de agulhamento<\/strong> at\u00e9 a <strong data-start=\"442\" data-end=\"494\">remo\u00e7\u00e3o de nevos, lipomas e cicatrizes hipertr\u00f3ficas<\/strong>. <strong data-start=\"496\" data-end=\"528\">O Neoderma\u00ae \u00e9 altamente flex\u00edvel<\/strong>, permitindo v\u00e1rios usos <strong data-start=\"553\" data-end=\"585\">sem deixar marcas de pontos<\/strong>.<\/p>\n<p data-start=\"590\" data-end=\"783\">Para aumentar o realismo, o <strong data-start=\"614\" data-end=\"629\">Suture Disc<\/strong> inclui <strong data-start=\"639\" data-end=\"658\">planos de clivagem<\/strong> e \u00e9 o <strong data-start=\"670\" data-end=\"698\">\u00fanico modelo no mercado<\/strong> que apresenta <strong data-start=\"713\" data-end=\"735\">exerc\u00edcios pr\u00e9-fabricados<\/strong> e <strong data-start=\"740\" data-end=\"763\">um design revers\u00edvel<\/strong> para uso prolongado.<\/p>\n<h3 data-start=\"790\" data-end=\"826\"><strong data-start=\"794\" data-end=\"824\">T\u00e9cnicas de treinamento de sutura<\/strong><\/h3>\n<p data-start=\"827\" data-end=\"1216\">\u2714 <strong data-start=\"829\" data-end=\"865\">Suturas de bordas regulares e irregulares<\/strong><br data-start=\"865\" data-end=\"868\">\u2714 <strong data-start=\"870\" data-end=\"891\">Retalho subcut\u00e2neo<\/strong><br data-start=\"891\" data-end=\"894\">\u2714 <strong data-start=\"896\" data-end=\"931\">Suturas em X, U, U invertido e V<\/strong><br data-start=\"931\" data-end=\"934\">\u2714 <strong data-start=\"936\" data-end=\"955\">Abordagem de sutura<\/strong><br data-start=\"955\" data-end=\"958\">\u2714 Sutura <strong data-start=\"960\" data-end=\"981\">de corda grega<\/strong><br data-start=\"981\" data-end=\"984\">\u2714 <strong data-start=\"986\" data-end=\"1007\">Sutura hemost\u00e1tica<\/strong><br data-start=\"1007\" data-end=\"1010\">\u2714 <strong data-start=\"1012\" data-end=\"1044\">Suturas Donati e Semi-Donati<\/strong><br data-start=\"1044\" data-end=\"1047\">\u2714 <strong data-start=\"1049\" data-end=\"1079\">Suturas intrad\u00e9rmicas e profundas<\/strong><br data-start=\"1079\" data-end=\"1082\">\u2714 <strong data-start=\"1084\" data-end=\"1096\">Z-plastia<\/strong><br data-start=\"1096\" data-end=\"1099\" data-is-only-node=\"\">\u2714 <strong data-start=\"1101\" data-end=\"1131\">Coloca\u00e7\u00e3o e fixa\u00e7\u00e3o de drenos<\/strong><br data-start=\"1131\" data-end=\"1134\">\u2714 <strong data-start=\"1136\" data-end=\"1153\">Sutura do ureter<\/strong><br data-start=\"1153\" data-end=\"1156\">\u2714             <strong data-start=\"1158\" data-end=\"1214\">Remo\u00e7\u00e3o de cistos e nevus, remo\u00e7\u00e3o de corpos estranhos e muito mais<\/strong><\/p>\n<h2 data-start=\"1223\" data-end=\"1247\"><strong data-start=\"1226\" data-end=\"1245\">DISCO DE DISSECA\u00c7\u00c3O<\/strong><\/h2>\n<p data-start=\"1248\" data-end=\"1351\">Ideal para <strong data-start=\"1258\" data-end=\"1278\">drenagem de abscessos<\/strong>, <strong data-start=\"1280\" data-end=\"1300\">dissec\u00e7\u00e3o de tumores<\/strong> e <strong data-start=\"1306\" data-end=\"1348\">excis\u00e3o cir\u00fargica de cistos e lipomas<\/strong>.<\/p>\n<p data-start=\"1353\" data-end=\"1571\"><strong data-start=\"1355\" data-end=\"1365\">Lado 1<\/strong> &#8211; Apresenta <strong data-start=\"1377\" data-end=\"1487\">dissec\u00e7\u00e3o de tumor, lipoma, nevo, cisto seb\u00e1ceo, drenagem de abscesso e excis\u00e3o de cicatriz de queloide usando Z-plasty<\/strong><br data-start=\"1487\" data-end=\"1490\">\u2714 <strong data-start=\"1492\" data-end=\"1502\">Lado 2<\/strong> &#8211; Uma <strong data-start=\"1507\" data-end=\"1523\">superf\u00edcie plana<\/strong>, perfeita para <strong data-start=\"1537\" data-end=\"1569\">pr\u00e1tica de incis\u00e3o e sutura<\/strong><\/p>\n<p data-start=\"1573\" data-end=\"1660\">Esse simulador consiste em um <strong data-start=\"1603\" data-end=\"1657\">suporte de acr\u00edlico e um disco de unidade cir\u00fargica Neoderma\u00ae<\/strong>.<\/p>\n<h3 data-start=\"1667\" data-end=\"1689\"><strong data-start=\"1671\" data-end=\"1687\">Principais recursos<\/strong><\/h3>\n<p data-start=\"1690\" data-end=\"1934\">\ud83d\udd39 <strong data-start=\"1693\" data-end=\"1748\">Neoderma\u00ae permite v\u00e1rios usos sem marcas de costura<\/strong><br data-start=\"1748\" data-end=\"1751\">\ud83d\udd39 <strong data-start=\"1754\" data-end=\"1811\">\u00danico modelo com exerc\u00edcios pr\u00e9-fabricados e uso revers\u00edvel<\/strong><br data-start=\"1811\" data-end=\"1814\">\ud83d\udd39 <strong data-start=\"1817\" data-end=\"1867\">Projetado para usu\u00e1rios iniciantes e avan\u00e7ados<\/strong><br data-start=\"1867\" data-end=\"1870\">\ud83d\udd39 <strong data-start=\"1873\" data-end=\"1932\">Pode ser atualizado com recursos de sutura laparosc\u00f3pica<\/strong><\/p>\n","protected":false},"excerpt":{"rendered":"<p>O <strong data-start=\"4\" data-end=\"41\">Pro Delphus Suture Disc Simulator<\/strong> \u00e9 um modelo de treinamento altamente realista feito com <strong data-start=\"89\" data-end=\"102\">Neoderma\u00ae<\/strong>, que permite mais de <strong data-start=\"118\" data-end=\"156\">30 exerc\u00edcios de sutura e dissec\u00e7\u00e3o<\/strong> sem deixar marcas de pontos. Ele inclui um <strong data-start=\"201\" data-end=\"220\">disco revers\u00edvel<\/strong> com planos de clivagem para realismo avan\u00e7ado, suportando <strong data-start=\"275\" data-end=\"376\">suturas regulares, plastia em Z, drenagem de abscesso, dissec\u00e7\u00e3o de tumor, remo\u00e7\u00e3o de nevo e lipoma e muito mais<\/strong>. Ideal para <strong data-start=\"388\" data-end=\"433\">treinamento cir\u00fargico b\u00e1sico e avan\u00e7ado<\/strong>, ele tamb\u00e9m pode ser atualizado para <strong data-start=\"463\" data-end=\"488\">sutura laparosc\u00f3pica<\/strong>.  <\/p>\n","protected":false},"featured_media":3828,"comment_status":"open","ping_status":"closed","template":"","meta":[],"product_brand":[1153],"product_cat":[1038,663],"product_tag":[668,666,664,667,665,572],"class_list":{"0":"post-3822","1":"product","2":"type-product","3":"status-publish","4":"has-post-thumbnail","6":"product_brand-pro-delphus-pt-br","7":"product_cat-enfermagem","8":"product_cat-sutura","9":"product_tag-almofada-de-sutura","10":"product_tag-drenagem-de-abscesso","11":"product_tag-simulador-de-sutura","12":"product_tag-simulador-de-sutura-neoderma","13":"product_tag-sutura","14":"product_tag-treinador-de-cirurgia","16":"first","17":"instock","18":"shipping-taxable","19":"purchasable","20":"product-type-simple"},"_links":{"self":[{"href":"https:\/\/prodelphus.com.br\/pt-br\/wp-json\/wp\/v2\/product\/3822","targetHints":{"allow":["GET"]}}],"collection":[{"href":"https:\/\/prodelphus.com.br\/pt-br\/wp-json\/wp\/v2\/product"}],"about":[{"href":"https:\/\/prodelphus.com.br\/pt-br\/wp-json\/wp\/v2\/types\/product"}],"replies":[{"embeddable":true,"href":"https:\/\/prodelphus.com.br\/pt-br\/wp-json\/wp\/v2\/comments?post=3822"}],"wp:featuredmedia":[{"embeddable":true,"href":"https:\/\/prodelphus.com.br\/pt-br\/wp-json\/wp\/v2\/media\/3828"}],"wp:attachment":[{"href":"https:\/\/prodelphus.com.br\/pt-br\/wp-json\/wp\/v2\/media?parent=3822"}],"wp:term":[{"taxonomy":"product_brand","embeddable":true,"href":"https:\/\/prodelphus.com.br\/pt-br\/wp-json\/wp\/v2\/product_brand?post=3822"},{"taxonomy":"product_cat","embeddable":true,"href":"https:\/\/prodelphus.com.br\/pt-br\/wp-json\/wp\/v2\/product_cat?post=3822"},{"taxonomy":"product_tag","embeddable":true,"href":"https:\/\/prodelphus.com.br\/pt-br\/wp-json\/wp\/v2\/product_tag?post=3822"}],"curies":[{"name":"wp","href":"https:\/\/api.w.org\/{rel}","templated":true}]}}