{"id":3820,"date":"2025-03-13T13:25:19","date_gmt":"2025-03-13T16:25:19","guid":{"rendered":"https:\/\/dev.prodelphus.com.br\/?post_type=product&#038;p=3820"},"modified":"2025-08-22T12:27:04","modified_gmt":"2025-08-22T15:27:04","slug":"max-trauma","status":"publish","type":"product","link":"https:\/\/prodelphus.com.br\/pt-br\/produto\/max-trauma\/","title":{"rendered":"MAX Trauma"},"content":{"rendered":"<article class=\"group\/turn w-full text-token-text-primary focus-visible:outline-2 focus-visible:outline-offset-[-4px]\" dir=\"auto\" data-testid=\"conversation-turn-63\" data-scroll-anchor=\"false\">\n<div class=\"text-base my-auto mx-auto py-[18px] px-6\">\n<div class=\"mx-auto flex flex-1 text-base gap-4 md:gap-5 lg:gap-6 md:max-w-3xl lg:max-w-[40rem] xl:max-w-[48rem]\">\n<div class=\"group\/conversation-turn relative flex w-full min-w-0 flex-col @xs\/thread:px-0 @sm\/thread:px-1.5 @md\/thread:px-4\">\n<div class=\"flex-col gap-1 md:gap-3\">\n<div class=\"flex max-w-full flex-col flex-grow\">\n<div class=\"min-h-8 text-message relative flex w-full flex-col items-end gap-2 whitespace-normal break-words text-start [.text-message+&amp;]:mt-5\" dir=\"auto\" data-message-author-role=\"user\" data-message-id=\"4255a1ba-f6dc-483e-adb2-a29c853be598\">\n<div class=\"w-full\">\n<div class=\"flex w-full flex-col gap-1 empty:hidden items-end rtl:items-start\">\n<div class=\"relative max-w-[var(--user-chat-width,70%)] rounded-3xl bg-token-message-surface px-5 py-2.5\">\n<div class=\"whitespace-pre-wrap\"><strong data-start=\"4\" data-end=\"42\">MAX Simulator &#8211; Modelo de TRAUMATOLOGIA<\/strong><\/div>\n<\/div>\n<\/div>\n<\/div>\n<\/div>\n<\/div>\n<\/div>\n<\/div>\n<\/div>\n<\/div>\n<\/article>\n<article class=\"group\/turn w-full text-token-text-primary focus-visible:outline-2 focus-visible:outline-offset-[-4px]\" dir=\"auto\" data-testid=\"conversation-turn-64\" data-scroll-anchor=\"true\">\n<div class=\"text-base my-auto mx-auto py-[18px] px-6\">\n<div class=\"mx-auto flex flex-1 text-base gap-4 md:gap-5 lg:gap-6 md:max-w-3xl lg:max-w-[40rem] xl:max-w-[48rem]\">\n<div class=\"group\/conversation-turn relative flex w-full min-w-0 flex-col agent-turn @xs\/thread:px-0 @sm\/thread:px-1.5 @md\/thread:px-4\">\n<div class=\"flex-col gap-1 md:gap-3\">\n<div class=\"flex max-w-full flex-col flex-grow\">\n<div class=\"min-h-8 text-message relative flex w-full flex-col items-end gap-2 whitespace-normal break-words text-start [.text-message+&amp;]:mt-5\" dir=\"auto\" data-message-author-role=\"assistant\" data-message-id=\"701c5e99-873f-48cd-8b01-e67a6285b00a\" data-message-model-slug=\"gpt-4o-mini\">\n<div class=\"flex w-full flex-col gap-1 empty:hidden first:pt-[3px]\">\n<div class=\"markdown prose w-full break-words dark:prose-invert dark\">\n<p data-start=\"46\" data-end=\"123\">Conhe\u00e7a o <strong data-start=\"62\" data-end=\"95\">realismo anat\u00f4mico e cir\u00fargico<\/strong> do <strong data-start=\"103\" data-end=\"120\">simulador MAX<\/strong>.<\/p>\n<p data-start=\"125\" data-end=\"386\">O <strong data-start=\"129\" data-end=\"165\">sistema de simulador Pro Delphus MAX<\/strong>, <strong data-start=\"167\" data-end=\"189\">modelo TRAUMATOLOGIA<\/strong>, foi desenvolvido para treinamento em <strong data-start=\"221\" data-end=\"251\">interven\u00e7\u00f5es ortogn\u00e1ticas<\/strong> e <strong data-start=\"256\" data-end=\"285\">trauma bucomaxilofacial<\/strong>. Ele permite que voc\u00ea compreenda os <strong data-start=\"319\" data-end=\"341\">pontos de refer\u00eancia cir\u00fargicos<\/strong> da face durante <strong data-start=\"361\" data-end=\"385\">as cirurgias de corre\u00e7\u00e3o<\/strong>. <\/p>\n<h3 data-start=\"388\" data-end=\"430\"><strong data-start=\"392\" data-end=\"430\">Componentes e pe\u00e7as sobressalentes do MAX-1T:<\/strong><\/h3>\n<p data-start=\"432\" data-end=\"528\">As <strong data-start=\"436\" data-end=\"454\">unidades cir\u00fargicas<\/strong> s\u00e3o compostas por uma <strong data-start=\"473\" data-end=\"486\">cabe\u00e7a masculina<\/strong> com componentes articulados, incluindo:<\/p>\n<ul data-start=\"529\" data-end=\"717\">\n<li data-start=\"529\" data-end=\"548\"><strong data-start=\"531\" data-end=\"546\">Cavidade oral<\/strong><\/li>\n<li data-start=\"549\" data-end=\"563\"><strong data-start=\"551\" data-end=\"561\">Paladar<\/strong><\/li>\n<li data-start=\"564\" data-end=\"578\"><strong data-start=\"566\" data-end=\"576\">L\u00edngua<\/strong><\/li>\n<li data-start=\"579\" data-end=\"597\"><strong data-start=\"581\" data-end=\"595\">Orofaringe<\/strong><\/li>\n<li data-start=\"598\" data-end=\"617\"><strong data-start=\"600\" data-end=\"615\">Arcada dent\u00e1ria<\/strong><\/li>\n<li data-start=\"618\" data-end=\"630\"><strong data-start=\"620\" data-end=\"628\">L\u00e1bios<\/strong><\/li>\n<li data-start=\"631\" data-end=\"658\"><strong data-start=\"633\" data-end=\"656\">Estruturas musculares<\/strong><\/li>\n<li data-start=\"659\" data-end=\"685\"><strong data-start=\"661\" data-end=\"683\">Nervos e vasos<\/strong><\/li>\n<li data-start=\"686\" data-end=\"717\"><strong data-start=\"688\" data-end=\"715\">Cavidade orbital e olhos<\/strong><\/li>\n<\/ul>\n<p data-start=\"719\" data-end=\"752\">Fraturas que podem ser inclu\u00eddas:<\/p>\n<ul data-start=\"753\" data-end=\"942\">\n<li data-start=\"753\" data-end=\"779\"><strong data-start=\"755\" data-end=\"777\">Fraturas condilares<\/strong><\/li>\n<li data-start=\"780\" data-end=\"805\"><strong data-start=\"782\" data-end=\"803\">Fraturas de maxila<\/strong><\/li>\n<li data-start=\"806\" data-end=\"832\"><strong data-start=\"808\" data-end=\"830\">Fraturas de mand\u00edbula<\/strong><\/li>\n<li data-start=\"833\" data-end=\"860\"><strong data-start=\"835\" data-end=\"858\">Fraturas zigom\u00e1ticas<\/strong><\/li>\n<li data-start=\"861\" data-end=\"898\"><strong data-start=\"863\" data-end=\"896\">Les\u00f5es peri e infraorbitais<\/strong><\/li>\n<li data-start=\"899\" data-end=\"942\">Outras <strong data-start=\"907\" data-end=\"942\">fraturas da face e do cr\u00e2nio<\/strong><\/li>\n<\/ul>\n<p data-start=\"944\" data-end=\"1194\">Ele pode ser usado para ensinar a <strong data-start=\"972\" data-end=\"997\">aplica\u00e7\u00e3o de placas<\/strong>, <strong data-start=\"999\" data-end=\"1009\">parafusos<\/strong> e <strong data-start=\"1015\" data-end=\"1037\">tecidos artificiais<\/strong> para <strong data-start=\"1042\" data-end=\"1059\">suporte da \u00f3rbita<\/strong>. S\u00e3o necess\u00e1rios <strong data-start=\"1061\" data-end=\"1084\">instrumentos regulares<\/strong> e <strong data-start=\"1089\" data-end=\"1112\">artefatos de s\u00edntese<\/strong> de cirurgia real, permitindo tamb\u00e9m <strong data-start=\"1163\" data-end=\"1193\">o controle radiogr\u00e1fico final<\/strong>.<\/p>\n<h3 data-start=\"1196\" data-end=\"1250\"><strong data-start=\"1200\" data-end=\"1250\">4 tipos diferentes de unidades cir\u00fargicas dispon\u00edveis:<\/strong><\/h3>\n<ol data-start=\"1252\" data-end=\"1875\" data-is-last-node=\"\" data-is-only-node=\"\">\n<li data-start=\"1252\" data-end=\"1412\">\n<p data-start=\"1255\" data-end=\"1393\"><strong data-start=\"1255\" data-end=\"1269\">Politrauma<\/strong> &#8211; <strong data-start=\"1279\" data-end=\"1293\">Politrauma<\/strong> facial com at\u00e9 <strong data-start=\"1305\" data-end=\"1320\">7 fraturas<\/strong>, usado para corre\u00e7\u00e3o cir\u00fargica de fraturas ou <strong data-start=\"1367\" data-end=\"1391\">cirurgia ortogn\u00e1tica<\/strong><\/p>\n<\/li>\n<li data-start=\"1414\" data-end=\"1541\">\n<p data-start=\"1417\" data-end=\"1541\"><strong data-start=\"1417\" data-end=\"1431\">Anat\u00f4mico<\/strong> &#8211; Sem fraturas pr\u00e9-existentes, oferecendo a possibilidade de ensinar <strong data-start=\"1495\" data-end=\"1517\">t\u00e9cnicas regulares<\/strong> da cirurgia proposta<\/p>\n<\/li>\n<li data-start=\"1543\" data-end=\"1626\">\n<p data-start=\"1546\" data-end=\"1626\"><strong data-start=\"1546\" data-end=\"1561\">Subcondiliana<\/strong> &#8211; Cr\u00e2nio com <strong data-start=\"1575\" data-end=\"1587\">mand\u00edbula<\/strong> e <strong data-start=\"1592\" data-end=\"1626\">fratura subcondiliana bilateral<\/strong><\/p>\n<\/li>\n<li data-start=\"1628\" data-end=\"1823\">\n<p data-start=\"1631\" data-end=\"1823\"><strong data-start=\"1631\" data-end=\"1644\">Zigom\u00e1tico<\/strong> &#8211; Cr\u00e2nio com <strong data-start=\"1658\" data-end=\"1691\">fraturas zigom\u00e1ticas bilaterais<\/strong>, <strong data-start=\"1693\" data-end=\"1731\">fratura do seio frontal com mucosa<\/strong>, <strong data-start=\"1733\" data-end=\"1763\">fratura da mand\u00edbula parassinfis\u00e1ria<\/strong> do lado direito e <strong data-start=\"1787\" data-end=\"1811\">fratura subcondilar<\/strong> do lado esquerdo<\/p>\n<\/li>\n<li data-start=\"1825\" data-end=\"1875\" data-is-last-node=\"\">\n<p data-start=\"1828\" data-end=\"1875\" data-is-last-node=\"\"><strong data-start=\"1828\" data-end=\"1844\">Modelo personalizado<\/strong> &#8211; <strong data-start=\"1847\" data-end=\"1875\" data-is-last-node=\"\">Solicite mais informa\u00e7\u00f5es<\/strong><\/p>\n<\/li>\n<\/ol>\n<\/div>\n<\/div>\n<\/div>\n<\/div>\n<\/div>\n<\/div>\n<\/div>\n<\/div>\n<\/article>\n","protected":false},"excerpt":{"rendered":"<p>O <strong data-start=\"4\" data-end=\"21\">MAX Simulator<\/strong> (modelo de traumatologia) da <strong data-start=\"46\" data-end=\"61\">Pro Delphus<\/strong> foi projetado para treinamento em <strong data-start=\"90\" data-end=\"120\">interven\u00e7\u00f5es ortogn\u00e1ticas<\/strong> e <strong data-start=\"125\" data-end=\"154\">trauma bucomaxilofacial<\/strong>. Ele apresenta um <strong data-start=\"170\" data-end=\"189\">modelo de cabe\u00e7a masculina<\/strong> com componentes articulados, como a <strong data-start=\"230\" data-end=\"301\">cavidade oral, o palato, a l\u00edngua, os nervos, os vasos e as estruturas faciais<\/strong>. O simulador permite a pr\u00e1tica realista de <strong data-start=\"350\" data-end=\"374\">corre\u00e7\u00f5es de fraturas<\/strong> e <strong data-start=\"379\" data-end=\"402\">t\u00e9cnicas cir\u00fargicas<\/strong>, como <strong data-start=\"408\" data-end=\"465\">aplica\u00e7\u00e3o de placas, coloca\u00e7\u00e3o de parafusos e suporte de \u00f3rbita<\/strong>. Dispon\u00edvel em v\u00e1rias configura\u00e7\u00f5es, ele suporta cen\u00e1rios de <strong data-start=\"517\" data-end=\"538\">politrauma facial<\/strong>, <strong data-start=\"550\" data-end=\"575\">fraturas subcondilares<\/strong> e muito mais, oferecendo uma experi\u00eancia de treinamento altamente personaliz\u00e1vel.   <\/p>\n","protected":false},"featured_media":3316,"comment_status":"open","ping_status":"closed","template":"","meta":[],"product_brand":[1153],"product_cat":[635,724],"product_tag":[660,638,659,95,662,661,658],"class_list":{"0":"post-3820","1":"product","2":"type-product","3":"status-publish","4":"has-post-thumbnail","6":"product_brand-pro-delphus-pt-br","7":"product_cat-bucomaxilofacial","8":"product_cat-trauma-pt-br","9":"product_tag-cirurgia-de-lefort","10":"product_tag-cirurgia-maxilofacial","11":"product_tag-cirurgia-ortognatica","12":"product_tag-simulador","13":"product_tag-simulador-de-cirurgia-odontologica","14":"product_tag-simulador-oral-e-maxilofacial","15":"product_tag-trauma-facial","17":"first","18":"instock","19":"shipping-taxable","20":"product-type-external"},"_links":{"self":[{"href":"https:\/\/prodelphus.com.br\/pt-br\/wp-json\/wp\/v2\/product\/3820","targetHints":{"allow":["GET"]}}],"collection":[{"href":"https:\/\/prodelphus.com.br\/pt-br\/wp-json\/wp\/v2\/product"}],"about":[{"href":"https:\/\/prodelphus.com.br\/pt-br\/wp-json\/wp\/v2\/types\/product"}],"replies":[{"embeddable":true,"href":"https:\/\/prodelphus.com.br\/pt-br\/wp-json\/wp\/v2\/comments?post=3820"}],"wp:featuredmedia":[{"embeddable":true,"href":"https:\/\/prodelphus.com.br\/pt-br\/wp-json\/wp\/v2\/media\/3316"}],"wp:attachment":[{"href":"https:\/\/prodelphus.com.br\/pt-br\/wp-json\/wp\/v2\/media?parent=3820"}],"wp:term":[{"taxonomy":"product_brand","embeddable":true,"href":"https:\/\/prodelphus.com.br\/pt-br\/wp-json\/wp\/v2\/product_brand?post=3820"},{"taxonomy":"product_cat","embeddable":true,"href":"https:\/\/prodelphus.com.br\/pt-br\/wp-json\/wp\/v2\/product_cat?post=3820"},{"taxonomy":"product_tag","embeddable":true,"href":"https:\/\/prodelphus.com.br\/pt-br\/wp-json\/wp\/v2\/product_tag?post=3820"}],"curies":[{"name":"wp","href":"https:\/\/api.w.org\/{rel}","templated":true}]}}