{"id":3814,"date":"2025-03-13T10:44:48","date_gmt":"2025-03-13T13:44:48","guid":{"rendered":"https:\/\/dev.prodelphus.com.br\/?post_type=product&#038;p=3814"},"modified":"2025-05-16T09:43:32","modified_gmt":"2025-05-16T12:43:32","slug":"max-tors","status":"publish","type":"product","link":"https:\/\/prodelphus.com.br\/pt-br\/produto\/max-tors\/","title":{"rendered":"MAX Tors"},"content":{"rendered":"<div>\n<p><img fetchpriority=\"high\" decoding=\"async\" class=\"size-medium wp-image-3817 alignleft\" src=\"https:\/\/dev.prodelphus.com.br\/wp-content\/uploads\/2025\/03\/max-sialo-300x300.webp\" alt=\"\" width=\"300\" height=\"300\"><\/p>\n<h3 data-start=\"0\" data-end=\"81\"><strong data-start=\"4\" data-end=\"81\">Realismo anat\u00f4mico e cir\u00fargico para treinamento em cirurgia rob\u00f3tica transoral<\/strong><\/h3>\n<p data-start=\"83\" data-end=\"394\"><strong data-start=\"83\" data-end=\"95\">O Max TORS<\/strong> &#8211; <strong data-start=\"98\" data-end=\"129\">Simulador Rob\u00f3tico Transoral<\/strong> da <strong data-start=\"133\" data-end=\"148\">Pro Delphus<\/strong>, foi projetado para revolucionar o treinamento cir\u00fargico. Proporcionando uma experi\u00eancia imersiva e realista, <strong data-start=\"248\" data-end=\"260\">o Max TORS<\/strong> foi criado para simular uma ampla gama de procedimentos, permitindo que os profissionais aprimorem suas habilidades em um ambiente seguro e controlado. <\/p>\n<p data-start=\"396\" data-end=\"546\">Simula\u00e7\u00e3o de <strong data-start=\"410\" data-end=\"429\">amigdalectomias<\/strong>, <strong data-start=\"431\" data-end=\"455\">cirurgias de cordas vocais<\/strong>, <strong data-start=\"457\" data-end=\"478\">tratamentos de c\u00e2ncer<\/strong>, <strong data-start=\"480\" data-end=\"497\">remo\u00e7\u00e3o de tumores<\/strong>, <strong data-start=\"499\" data-end=\"514\">apneia do sono<\/strong> e dezenas de outras cirurgias.<\/p>\n<p data-start=\"548\" data-end=\"707\">A tecnologia <strong data-start=\"548\" data-end=\"560\">Max TORS<\/strong> abrange uma ampla gama de <strong data-start=\"595\" data-end=\"641\">interven\u00e7\u00f5es orais rob\u00f3ticas ou convencionais<\/strong>, abordando op\u00e7\u00f5es cir\u00fargicas nunca antes oferecidas em um simulador.<\/p>\n<p data-start=\"709\" data-end=\"782\"><strong data-start=\"709\" data-end=\"736\">Base reutiliz\u00e1vel (MAX-0S):<\/strong> Feita de acr\u00edlico para apoiar a unidade cir\u00fargica.<\/p>\n<p data-start=\"784\" data-end=\"1292\"><strong data-start=\"784\" data-end=\"816\">Unidade cir\u00fargica (MAX-TORS 1S):<\/strong> Oferece personaliza\u00e7\u00f5es. Cada m\u00f3dulo se adapta \u00e0s necessidades de treinamento, garantindo que o ambiente simulado corresponda \u00e0s especificidades de cada procedimento, oferecendo treinamento personalizado para necessidades variadas. A tecnologia diferenciada do <strong data-start=\"1014\" data-end=\"1026\">Max-Tors<\/strong>\u00e9 poss\u00edvel gra\u00e7as ao <strong data-start=\"1074\" data-end=\"1095\">Surgical Neoderma<\/strong>, tecido utilizado apenas pelo <strong data-start=\"1119\" data-end=\"1134\">Pro Delphus<\/strong>, promovendo uma interface intuitiva e um desempenho de alta fidelidade, fornecendo feedback imediato e detalhado, aumentando a seguran\u00e7a e a habilidade dos novos cirurgi\u00f5es. <\/p>\n<p data-start=\"1294\" data-end=\"1432\" data-is-last-node=\"\" data-is-only-node=\"\">Para personalizar seu treinamento, consulte nossa equipe de desenvolvedores sem custo adicional. Se algo novo \u00e9 poss\u00edvel, <strong data-start=\"1406\" data-end=\"1421\">a Pro Delphus<\/strong> pode fazer isso! <\/p>\n<p>&nbsp;<\/p>\n<\/div>\n<p data-start=\"2145\" data-end=\"2437\">\n","protected":false},"excerpt":{"rendered":"<p>O <strong data-start=\"4\" data-end=\"46\">Max TORS (Transoral Robotic Simulator)<\/strong> da <strong data-start=\"50\" data-end=\"65\">Pro Delphus<\/strong> oferece <strong data-start=\"73\" data-end=\"108\">realismo anat\u00f4mico e cir\u00fargico<\/strong> para treinamento em <strong data-start=\"125\" data-end=\"154\">Cirurgia Rob\u00f3tica Transoral<\/strong>. Projetado para simular uma variedade de procedimentos, ele proporciona uma experi\u00eancia imersiva para que os profissionais pratiquem <strong data-start=\"268\" data-end=\"343\">amigdalectomias, cirurgias de cordas vocais, tratamentos de c\u00e2ncer, remo\u00e7\u00e3o de tumores<\/strong> e <strong data-start=\"349\" data-end=\"374\">cirurgias de apneia do sono<\/strong> em um ambiente seguro. O simulador apresenta <strong data-start=\"421\" data-end=\"452\">unidades cir\u00fargicas personaliz\u00e1veis<\/strong>, tecnologia <strong data-start=\"454\" data-end=\"475\">Surgical Neoderma<\/strong> para desempenho de alta fidelidade e op\u00e7\u00f5es de <strong data-start=\"522\" data-end=\"547\">treinamento personalizadas<\/strong>, tornando-o ideal para interven\u00e7\u00f5es orais rob\u00f3ticas ou convencionais.  <\/p>\n","protected":false},"featured_media":3818,"comment_status":"open","ping_status":"closed","template":"","meta":[],"product_brand":[1153],"product_cat":[635,755,637],"product_tag":[650,646,639,641,638,640,644,642,643,649,648,95,645,651,647],"class_list":{"0":"post-3814","1":"product","2":"type-product","3":"status-publish","4":"has-post-thumbnail","6":"product_brand-pro-delphus-pt-br","7":"product_cat-bucomaxilofacial","8":"product_cat-otorrinolaringologia","9":"product_cat-tors-pt-br","10":"product_tag-aritenoidectomia-parcial-robotica","11":"product_tag-cancer-bucal","12":"product_tag-cirurgia-de-tors","13":"product_tag-cirurgia-facial","14":"product_tag-cirurgia-maxilofacial","15":"product_tag-cirurgia-oral","16":"product_tag-cirurgia-robotica-de-tonsilectomia-radical","17":"product_tag-cirurgia-robotica-ent","18":"product_tag-cordectomia","19":"product_tag-cordotomia-posterior-robotica","20":"product_tag-epiglotoplastia-robotica","21":"product_tag-simulador","22":"product_tag-simulador-de-cancer-bucal","23":"product_tag-simulador-de-torres","24":"product_tag-tonsilectomia-lingual","26":"first","27":"instock","28":"shipping-taxable","29":"purchasable","30":"product-type-simple"},"_links":{"self":[{"href":"https:\/\/prodelphus.com.br\/pt-br\/wp-json\/wp\/v2\/product\/3814","targetHints":{"allow":["GET"]}}],"collection":[{"href":"https:\/\/prodelphus.com.br\/pt-br\/wp-json\/wp\/v2\/product"}],"about":[{"href":"https:\/\/prodelphus.com.br\/pt-br\/wp-json\/wp\/v2\/types\/product"}],"replies":[{"embeddable":true,"href":"https:\/\/prodelphus.com.br\/pt-br\/wp-json\/wp\/v2\/comments?post=3814"}],"wp:featuredmedia":[{"embeddable":true,"href":"https:\/\/prodelphus.com.br\/pt-br\/wp-json\/wp\/v2\/media\/3818"}],"wp:attachment":[{"href":"https:\/\/prodelphus.com.br\/pt-br\/wp-json\/wp\/v2\/media?parent=3814"}],"wp:term":[{"taxonomy":"product_brand","embeddable":true,"href":"https:\/\/prodelphus.com.br\/pt-br\/wp-json\/wp\/v2\/product_brand?post=3814"},{"taxonomy":"product_cat","embeddable":true,"href":"https:\/\/prodelphus.com.br\/pt-br\/wp-json\/wp\/v2\/product_cat?post=3814"},{"taxonomy":"product_tag","embeddable":true,"href":"https:\/\/prodelphus.com.br\/pt-br\/wp-json\/wp\/v2\/product_tag?post=3814"}],"curies":[{"name":"wp","href":"https:\/\/api.w.org\/{rel}","templated":true}]}}