{"id":3198,"date":"2025-02-26T10:02:01","date_gmt":"2025-02-26T13:02:01","guid":{"rendered":"https:\/\/dev.prodelphus.com.br\/product\/simulador-de-parto-alice\/"},"modified":"2025-05-16T09:43:41","modified_gmt":"2025-05-16T12:43:41","slug":"simulador-de-trabalho-alice","status":"publish","type":"product","link":"https:\/\/prodelphus.com.br\/pt-br\/produto\/simulador-de-trabalho-alice\/","title":{"rendered":"Simulador de trabalho ALICE"},"content":{"rendered":"<h3 data-start=\"0\" data-end=\"38\"><strong data-start=\"4\" data-end=\"36\">Simulador de parto &#8211; ALICE<\/strong><\/h3>\n<p data-start=\"40\" data-end=\"252\">A Pro Delphus, sempre focada em inova\u00e7\u00e3o, integra o realismo de seus simuladores com o <strong data-start=\"133\" data-end=\"156\">novo software SIMPEC<\/strong>, que, juntamente com o <strong data-start=\"183\" data-end=\"198\">modelo ALICE<\/strong>, atende \u00e0s necessidades de qualquer servi\u00e7o de treinamento obst\u00e9trico.<\/p>\n<p data-start=\"254\" data-end=\"420\">O <strong data-start=\"258\" data-end=\"277\">simulador ALICE<\/strong> apresenta um <strong data-start=\"289\" data-end=\"330\">sistema eletromec\u00e2nico computadorizado<\/strong>, permitindo que os instrutores de obstetr\u00edcia selecionem entre v\u00e1rios cen\u00e1rios de parto pr\u00e9-programados.<\/p>\n<p data-start=\"422\" data-end=\"567\">Por meio de uma <strong data-start=\"432\" data-end=\"452\">interface de tablet<\/strong>, o <strong data-start=\"458\" data-end=\"475\">sistema SIMPEC<\/strong> controla toda a din\u00e2mica uterina e permite a cria\u00e7\u00e3o de <strong data-start=\"534\" data-end=\"564\">cen\u00e1rios de parto personalizados<\/strong>.<\/p>\n<p data-start=\"569\" data-end=\"776\">O <strong data-start=\"573\" data-end=\"599\">trajeto cervicovaginal<\/strong> pode ser alterado pelas interven\u00e7\u00f5es do aluno em resposta \u00e0s condi\u00e7\u00f5es programadas pelo instrutor. <strong data-start=\"701\" data-end=\"736\">Somente as manobras obst\u00e9tricas adequadas<\/strong> resultar\u00e3o em um parto bem-sucedido.<\/p>\n<p data-start=\"778\" data-end=\"951\">O <strong data-start=\"782\" data-end=\"802\">processo de parto<\/strong> \u00e9 iniciado com a emerg\u00eancia da cabe\u00e7a do beb\u00ea, e o restante do procedimento depende das <strong data-start=\"918\" data-end=\"948\">habilidades e<\/strong> da <strong data-start=\"918\" data-end=\"948\">tomada de decis\u00f5es<\/strong> do aluno.<\/p>\n<p data-start=\"953\" data-end=\"1188\">Quando <strong data-start=\"958\" data-end=\"986\">cen\u00e1rios de parto dist\u00f3cico<\/strong> s\u00e3o selecionados, a sobreviv\u00eancia fetal depende de decis\u00f5es obst\u00e9tricas como <strong data-start=\"1055\" data-end=\"1112\">f\u00f3rceps, extra\u00e7\u00e3o a v\u00e1cuo, parto no ombro ou na cabe\u00e7a<\/strong>, tornando <strong data-start=\"1121\" data-end=\"1185\">o ALICE o \u00fanico simulador do mundo a oferecer essas op\u00e7\u00f5es<\/strong>.<\/p>\n<h3 data-start=\"1195\" data-end=\"1238\"><strong data-start=\"1199\" data-end=\"1236\">Componentes e acess\u00f3rios opcionais<\/strong><\/h3>\n<p data-start=\"1240\" data-end=\"1312\"><strong data-start=\"1242\" data-end=\"1273\">1 manequim feminino completo<\/strong> em uma posi\u00e7\u00e3o obst\u00e9trica, incluindo:<\/p>\n<ul data-start=\"1313\" data-end=\"1503\">\n<li data-start=\"1313\" data-end=\"1368\">1 <strong data-start=\"1327\" data-end=\"1366\">parede abdominal anterior<\/strong> remov\u00edvel <strong data-start=\"1327\" data-end=\"1366\">em Neoderma<\/strong><\/li>\n<li data-start=\"1369\" data-end=\"1402\"><strong data-start=\"1371\" data-end=\"1400\">Membros e cabe\u00e7a destac\u00e1veis<\/strong><\/li>\n<li data-start=\"1403\" data-end=\"1475\"><strong data-start=\"1405\" data-end=\"1428\">1 pelve anat\u00f4mica<\/strong> com estruturas \u00f3sseas cobertas por tecidos moles<\/li>\n<li data-start=\"1476\" data-end=\"1503\"><strong data-start=\"1478\" data-end=\"1501\">Colo do \u00fatero com 8 cm de dilata\u00e7\u00e3o<\/strong><\/li>\n<\/ul>\n<p data-start=\"1505\" data-end=\"1538\"><strong data-start=\"1507\" data-end=\"1536\">3 modelos de beb\u00eas substitu\u00edveis<\/strong><\/p>\n<p data-start=\"1540\" data-end=\"1580\"><strong data-start=\"1542\" data-end=\"1578\">2 placentas com cord\u00f5es umbilicais<\/strong><\/p>\n<p data-start=\"1582\" data-end=\"1645\"><strong data-start=\"1584\" data-end=\"1609\">2 recipientes externos<\/strong> para sangue artificial e mec\u00f4nio<\/p>\n<h3 data-start=\"1652\" data-end=\"1679\"><strong data-start=\"1656\" data-end=\"1677\">Recursos internos<\/strong><\/h3>\n<p data-start=\"1681\" data-end=\"2084\"><strong data-start=\"1683\" data-end=\"1702\">Software SIMPEC<\/strong> para fun\u00e7\u00f5es vitais e controle do movimento do nascimento<br data-start=\"1749\" data-end=\"1752\">\u2714 <strong data-start=\"1754\" data-end=\"1770\">Base de acr\u00edlico<\/strong> com \u00e1rea de conten\u00e7\u00e3o para fluidos e drenagem externa<br data-start=\"1827\" data-end=\"1830\">\u2714 <strong data-start=\"1832\" data-end=\"1855\">2 bombas perist\u00e1lticas<\/strong> para expuls\u00e3o de sangue e mec\u00f4nio<br data-start=\"1888\" data-end=\"1891\">\u2714 <strong data-start=\"1893\" data-end=\"1917\">Placa de controle SIMPEC<\/strong> com <strong data-start=\"1923\" data-end=\"1950\">comunica\u00e7\u00e3o Bluetooth<\/strong><br data-start=\"1950\" data-end=\"1953\">\u2714 <strong data-start=\"1955\" data-end=\"1981\">Unidade eletromec\u00e2nica<\/strong> com bombas para sangue e mec\u00f4nio<br data-start=\"2015\" data-end=\"2018\">\u2714 <strong data-start=\"2020\" data-end=\"2044\">Eixo de a\u00e7o inoxid\u00e1vel<\/strong> que permite a propuls\u00e3o e a rota\u00e7\u00e3o da cabe\u00e7a<\/p>\n<h3 data-start=\"2091\" data-end=\"2143\"><strong data-start=\"2095\" data-end=\"2141\">Principais funcionalidades do simulador ALICE<\/strong><\/h3>\n<p data-start=\"2145\" data-end=\"2437\">\ud83d\udd39 Expuls\u00e3o de sangue<br data-start=\"2163\" data-end=\"2166\">\ud83d\udd39 Expuls\u00e3o de mec\u00f4nio<br data-start=\"2187\" data-end=\"2190\">\ud83d\udd39 Propuls\u00e3o do beb\u00ea<br data-start=\"2208\" data-end=\"2211\">\ud83d\udd39<strong data-start=\"2226\" data-end=\"2253\">Intensidade e frequ\u00eancia<\/strong> das contra\u00e7\u00f5es<br data-start=\"2253\" data-end=\"2256\">\ud83d\udd39<strong data-start=\"2265\" data-end=\"2289\">Monitoramento dos batimentos card\u00edacos<\/strong> fetais<br data-start=\"2289\" data-end=\"2292\">\ud83d\udd39<strong data-start=\"2300\" data-end=\"2329\">Rota\u00e7\u00e3o e apresenta\u00e7\u00e3o<\/strong> do beb\u00ea<br data-start=\"2329\" data-end=\"2332\">\ud83d\udd39<strong data-start=\"2351\" data-end=\"2379\">Par\u00e2metros din\u00e2micos de<\/strong> posicionamento e <strong data-start=\"2351\" data-end=\"2379\">trabalho de parto<\/strong><br data-start=\"2379\" data-end=\"2382\">\ud83d\udd39 <strong data-start=\"2385\" data-end=\"2435\">Interface de controle para tablet ou smartphone Android<\/strong><\/p>\n<p data-start=\"2145\" data-end=\"2437\">\n","protected":false},"excerpt":{"rendered":"<p><strong data-start=\"2463\" data-end=\"2493\">Simulador de parto ALICE<\/strong> &#8211; <strong data-start=\"2496\" data-end=\"2519\">Tecnologia avan\u00e7ada<\/strong> para <strong data-start=\"2524\" data-end=\"2556\">treinamento obst\u00e9trico realista<\/strong>. Possui <strong data-start=\"2567\" data-end=\"2607\">controle eletromec\u00e2nico via tablet<\/strong>, <strong data-start=\"2609\" data-end=\"2650\">simula\u00e7\u00f5es de parto normal e dist\u00f3cico<\/strong>, permitindo a <strong data-start=\"2661\" data-end=\"2708\">pr\u00e1tica interativa e o aprendizado imersivo<\/strong>. <strong data-start=\"2710\" data-end=\"2765\">Ideal para educa\u00e7\u00e3o m\u00e9dica e pesquisa obst\u00e9trica.<\/strong> <\/p>\n","protected":false},"featured_media":3160,"comment_status":"open","ping_status":"closed","template":"","meta":[],"product_brand":[1153],"product_cat":[1038,588,587],"product_tag":[627,105,628,630,631,632,593,629],"class_list":{"0":"post-3198","1":"product","2":"type-product","3":"status-publish","4":"has-post-thumbnail","6":"product_brand-pro-delphus-pt-br","7":"product_cat-enfermagem","8":"product_cat-obstetricia","9":"product_cat-parto","10":"product_tag-instrutor-de-trabalho","11":"product_tag-parto","12":"product_tag-simulador-de-complicacoes-obstetricas","13":"product_tag-simulador-de-parto-distorico","14":"product_tag-simulador-de-parto-distorico-pt-br","15":"product_tag-simulador-de-parto-normal","16":"product_tag-simulador-de-trabalho","17":"product_tag-simulador-obstetrico","19":"first","20":"instock","21":"shipping-taxable","22":"purchasable","23":"product-type-simple"},"_links":{"self":[{"href":"https:\/\/prodelphus.com.br\/pt-br\/wp-json\/wp\/v2\/product\/3198","targetHints":{"allow":["GET"]}}],"collection":[{"href":"https:\/\/prodelphus.com.br\/pt-br\/wp-json\/wp\/v2\/product"}],"about":[{"href":"https:\/\/prodelphus.com.br\/pt-br\/wp-json\/wp\/v2\/types\/product"}],"replies":[{"embeddable":true,"href":"https:\/\/prodelphus.com.br\/pt-br\/wp-json\/wp\/v2\/comments?post=3198"}],"wp:featuredmedia":[{"embeddable":true,"href":"https:\/\/prodelphus.com.br\/pt-br\/wp-json\/wp\/v2\/media\/3160"}],"wp:attachment":[{"href":"https:\/\/prodelphus.com.br\/pt-br\/wp-json\/wp\/v2\/media?parent=3198"}],"wp:term":[{"taxonomy":"product_brand","embeddable":true,"href":"https:\/\/prodelphus.com.br\/pt-br\/wp-json\/wp\/v2\/product_brand?post=3198"},{"taxonomy":"product_cat","embeddable":true,"href":"https:\/\/prodelphus.com.br\/pt-br\/wp-json\/wp\/v2\/product_cat?post=3198"},{"taxonomy":"product_tag","embeddable":true,"href":"https:\/\/prodelphus.com.br\/pt-br\/wp-json\/wp\/v2\/product_tag?post=3198"}],"curies":[{"name":"wp","href":"https:\/\/api.w.org\/{rel}","templated":true}]}}