{"id":3188,"date":"2025-02-26T09:12:33","date_gmt":"2025-02-26T12:12:33","guid":{"rendered":"https:\/\/dev.prodelphus.com.br\/product\/simulador-anatomico-de-utero\/"},"modified":"2025-05-16T09:43:39","modified_gmt":"2025-05-16T12:43:39","slug":"simulador-anatomico-de-utero","status":"publish","type":"product","link":"https:\/\/prodelphus.com.br\/pt-br\/produto\/simulador-anatomico-de-utero\/","title":{"rendered":"Simulador anat\u00f4mico de \u00fatero"},"content":{"rendered":"<h4 data-start=\"37\" data-end=\"81\"><strong data-start=\"42\" data-end=\"81\">Simulador anat\u00f4mico de \u00fatero LAB-UTL<\/strong><\/h4>\n<p data-start=\"83\" data-end=\"420\">A Pro Delphus, l\u00edder em simuladores anat\u00f4micos realistas, apresenta <strong data-start=\"150\" data-end=\"161\">o LAB-UTL<\/strong> &#8211; um simulador avan\u00e7ado projetado para ensino e treinamento na identifica\u00e7\u00e3o de patologias endometriais. Fabricados em <strong data-start=\"281\" data-end=\"293\">Neoderma<\/strong>, esses modelos reproduzem fielmente a anatomia interna do \u00fatero, permitindo a simula\u00e7\u00e3o de v\u00e1rias condi\u00e7\u00f5es cl\u00ednicas. <\/p>\n<p data-start=\"422\" data-end=\"803\">Os modelos de \u00fatero s\u00e3o exibidos em <strong data-start=\"457\" data-end=\"482\">se\u00e7\u00f5es longitudinais<\/strong> para melhor visualiza\u00e7\u00e3o da cavidade endometrial e est\u00e3o dispon\u00edveis em <strong data-start=\"555\" data-end=\"594\">estojos de acr\u00edlico contendo cinco unidades<\/strong> ou como <strong data-start=\"601\" data-end=\"647\">modelos individuais revestidos de resina (LAB-UTR)<\/strong>. Com uma <strong data-start=\"656\" data-end=\"697\">ampla variedade de patologias dispon\u00edveis<\/strong>, o LAB-UTL \u00e9 uma ferramenta essencial para o <strong data-start=\"736\" data-end=\"788\">ensino, a pesquisa e o desenvolvimento profissional<\/strong> em ginecologia. <\/p>\n<h3 data-start=\"810\" data-end=\"841\"><strong data-start=\"814\" data-end=\"839\">Op\u00e7\u00f5es de personaliza\u00e7\u00e3o<\/strong><\/h3>\n<p data-start=\"843\" data-end=\"1187\">\u00datero com ader\u00eancias<br data-start=\"866\" data-end=\"869\">\u2714 Hiperplasia endometrial com ou sem p\u00f3lipos<br data-start=\"917\" data-end=\"920\">\u2714 V\u00e1rios tipos de miomas (tipos 0, 1, 2, submucosos, m\u00faltiplos)<br data-start=\"985\" data-end=\"988\">\u2714 P\u00f3lipos endometriais e endocervicais<br data-start=\"1025\" data-end=\"1028\">\u2714 Adenomiomas e metaplasia \u00f3ssea<br data-start=\"1064\" data-end=\"1067\">\u2714 Neoplasias e adenocarcinomas<br data-start=\"1098\" data-end=\"1101\">\u2714 Septos uterinos e anomalias cong\u00eanitas<br data-start=\"1141\" data-end=\"1144\">\u2714 \u00datero gestacional e outras varia\u00e7\u00f5es<\/p>\n<h3 data-start=\"1194\" data-end=\"1220\"><strong data-start=\"1198\" data-end=\"1218\">Modelos dispon\u00edveis<\/strong><\/h3>\n<p data-start=\"1222\" data-end=\"1365\">\ud83d\udccc <strong data-start=\"1225\" data-end=\"1236\">LAB-UTL<\/strong> &#8211; Conjunto de 5 \u00fateros com diferentes patologias<br data-start=\"1283\" data-end=\"1286\">\ud83d\udccc <strong data-start=\"1289\" data-end=\"1300\">LAB-UTR<\/strong> &#8211; Modelo de \u00fatero individual, revestido de resina em acr\u00edlico transparente<\/p>\n<h3 data-start=\"1372\" data-end=\"1405\"><strong data-start=\"1376\" data-end=\"1403\">Principais recursos do LAB-UTL<\/strong><\/h3>\n<p data-start=\"1407\" data-end=\"1703\">\ud83d\udd39 Modelos anat\u00f4micos altamente realistas para <strong data-start=\"1449\" data-end=\"1467\">estudo detalhado<\/strong><br data-start=\"1467\" data-end=\"1470\">\ud83d\udd39 Permite <strong data-start=\"1481\" data-end=\"1515\">a visualiza\u00e7\u00e3o e a manipula\u00e7\u00e3o<\/strong> de v\u00e1rias patologias ginecol\u00f3gicas<br data-start=\"1552\" data-end=\"1555\">\ud83d\udd39 Dispon\u00edvel em <strong data-start=\"1571\" data-end=\"1622\">conjuntos de 5 ou como modelos individuais de resina acr\u00edlica<\/strong><br data-start=\"1622\" data-end=\"1625\">\ud83d\udd39 <strong data-start=\"1628\" data-end=\"1701\">Ideal para educa\u00e7\u00e3o m\u00e9dica, treinamento cl\u00ednico e pesquisa acad\u00eamica<\/strong><\/p>\n<p data-start=\"1705\" data-end=\"1879\">O <strong data-start=\"1709\" data-end=\"1720\">LAB-UTL<\/strong> \u00e9 um <strong data-start=\"1727\" data-end=\"1750\">simulador essencial<\/strong> para profissionais e estudantes que buscam aprimorar seu conhecimento e pr\u00e1tica no diagn\u00f3stico e tratamento de patologias uterinas!<\/p>\n","protected":false},"excerpt":{"rendered":"<p>O <strong>Simulador Anat\u00f4mico de \u00datero LAB-UTL<\/strong> da Pro Delphus oferece uma plataforma de treinamento altamente realista para identificar e estudar <strong>patologias endometriais<\/strong>. Fabricados em <strong>Neoderma<\/strong>, esses modelos anatomicamente precisos apresentam <strong>\u00fateros seccionados longitudinalmente<\/strong>, permitindo a <strong>visualiza\u00e7\u00e3o detalhada da cavidade endometrial<\/strong>. <\/p>\n<p>Dispon\u00edvel em <strong>conjuntos de cinco<\/strong> ou como <strong>modelos individuais revestidos de resina (LAB-UTR)<\/strong>, esse simulador oferece <strong>varia\u00e7\u00f5es patol\u00f3gicas personaliz\u00e1veis<\/strong>, incluindo <strong>miomas, p\u00f3lipos, ader\u00eancias, neoplasias, anomalias cong\u00eanitas e muito mais<\/strong>. Essencial para <strong>educa\u00e7\u00e3o m\u00e9dica, pesquisa e treinamento cl\u00ednico<\/strong>, o LAB-UTL aprimora o aprendizado pr\u00e1tico em <strong>ginecologia e diagn\u00f3stico de patologia uterina<\/strong>. <\/p>\n","protected":false},"featured_media":3151,"comment_status":"open","ping_status":"closed","template":"","meta":[],"product_brand":[1153],"product_cat":[87,1038,570,90],"product_tag":[92,93,97,94,604,583,95,606,608,605,607,96],"class_list":{"0":"post-3188","1":"product","2":"type-product","3":"status-publish","4":"has-post-thumbnail","6":"product_brand-pro-delphus-pt-br","7":"product_cat-anatomia-normal-patologica","8":"product_cat-enfermagem","9":"product_cat-histeroscopia","10":"product_cat-utero","11":"product_tag-anatomico","12":"product_tag-cirurgia","13":"product_tag-neoderma-pt-br","14":"product_tag-patologias","15":"product_tag-patologias-de-diagnostico-histeroscopico","16":"product_tag-patologias-uterinas","17":"product_tag-simulador","18":"product_tag-simulador-cirurgico-histeroscopico","19":"product_tag-simulador-de-anatomia-uterina","20":"product_tag-simulador-de-diagnostico-histeroscopico","21":"product_tag-simulador-de-patologias-uterinas","22":"product_tag-utero","24":"first","25":"instock","26":"shipping-taxable","27":"purchasable","28":"product-type-variable"},"_links":{"self":[{"href":"https:\/\/prodelphus.com.br\/pt-br\/wp-json\/wp\/v2\/product\/3188","targetHints":{"allow":["GET"]}}],"collection":[{"href":"https:\/\/prodelphus.com.br\/pt-br\/wp-json\/wp\/v2\/product"}],"about":[{"href":"https:\/\/prodelphus.com.br\/pt-br\/wp-json\/wp\/v2\/types\/product"}],"replies":[{"embeddable":true,"href":"https:\/\/prodelphus.com.br\/pt-br\/wp-json\/wp\/v2\/comments?post=3188"}],"wp:featuredmedia":[{"embeddable":true,"href":"https:\/\/prodelphus.com.br\/pt-br\/wp-json\/wp\/v2\/media\/3151"}],"wp:attachment":[{"href":"https:\/\/prodelphus.com.br\/pt-br\/wp-json\/wp\/v2\/media?parent=3188"}],"wp:term":[{"taxonomy":"product_brand","embeddable":true,"href":"https:\/\/prodelphus.com.br\/pt-br\/wp-json\/wp\/v2\/product_brand?post=3188"},{"taxonomy":"product_cat","embeddable":true,"href":"https:\/\/prodelphus.com.br\/pt-br\/wp-json\/wp\/v2\/product_cat?post=3188"},{"taxonomy":"product_tag","embeddable":true,"href":"https:\/\/prodelphus.com.br\/pt-br\/wp-json\/wp\/v2\/product_tag?post=3188"}],"curies":[{"name":"wp","href":"https:\/\/api.w.org\/{rel}","templated":true}]}}